{"id":502,"date":"2026-01-09T10:28:41","date_gmt":"2026-01-09T09:28:41","guid":{"rendered":"https:\/\/shop.dohlad.info\/index.php\/product\/senzor-pohybu-24v\/"},"modified":"2026-01-09T10:28:52","modified_gmt":"2026-01-09T09:28:52","slug":"senzor-pohybu-24v","status":"publish","type":"product","link":"https:\/\/loxone.ctw.sk\/index.php\/product\/senzor-pohybu-24v\/","title":{"rendered":"Senzor pohybu 24V"},"content":{"rendered":"<p>Tento pohybov\u00fd senzor od spolo\u010dnosti Esylux nesie ozna\u010denie RS230i UC a medzi jeho prednosti patr\u00ed <strong>rozpozn\u00e1vacia oblas\u0165 230\u00b0<\/strong>. Okrem toho je sn\u00edma\u010d pohybu dod\u00e1van\u00fd so \u0161peci\u00e1lnym n\u00e1stavcom pre n\u00e1stenn\u00fa a stropn\u00fa mont\u00e1\u017e.Citlivos\u0165 pohybov\u00e9ho senzora je mo\u017en\u00e9 dodato\u010dne upravi\u0165 pomocou potenciometra.<\/p>\n<p>Senzor pohybu Esylux je vhodn\u00fd pre nasleduj\u00face oblasti pou\u017eitia:<\/p>\n<ul>\n<li>Rozpoznanie pohybu mimo interi\u00e9ru.<\/li>\n<li>Vn\u00fatorn\u00e1 a vonkaj\u0161ia mont\u00e1\u017e.<\/li>\n<li>Pripojenie k Miniserveru alebo Extensionu.<\/li>\n<\/ul>\n<p><strong>Technick\u00e9 detaily:\u00a0<br \/><\/strong><\/p>\n<ul>\n<li>Nap\u00e1janie: 12\u2013\u2060\u2060\u2060\u2060\u2060\u206036 V DC nebo 12\u2013\u2060\u2060\u2060\u2060\u2060\u206024 V AC.<\/li>\n<li>\u00dahol detekcie: 230\u00b0.<\/li>\n<li>Dosah detekcie: pribli\u017ene 20 m pri mont\u00e1\u017enej v\u00fd\u0161ke 2,5 m.<\/li>\n<li>Trieda krytia: IP54.<\/li>\n<\/ul>\n","protected":false},"excerpt":{"rendered":"<p>Tento pohybov\u00fd senzor od spolo\u010dnosti Esylux nesie ozna\u010denie RS230i UC a medzi jeho prednosti patr\u00ed <strong>rozpozn\u00e1vacia oblas\u0165 230\u00b0<\/strong>. Okrem toho je sn\u00edma\u010d pohybu dod\u00e1van\u00fd so \u0161peci\u00e1lnym n\u00e1stavcom pre n\u00e1stenn\u00fa a stropn\u00fa mont\u00e1\u017e.Citlivos\u0165 pohybov\u00e9ho senzora je mo\u017en\u00e9 dodato\u010dne upravi\u0165 pomocou potenciometra.<\/p>\n<p>Senzor pohybu Esylux je vhodn\u00fd pre nasleduj\u00face oblasti pou\u017eitia:<\/p>\n<ul>\n<li>Rozpoznanie pohybu mimo interi\u00e9ru.<\/li>\n<li>Vn\u00fatorn\u00e1 a vonkaj\u0161ia mont\u00e1\u017e.<\/li>\n<li>Pripojenie k Miniserveru alebo Extensionu.<\/li>\n<\/ul>\n<p><strong>Technick\u00e9 detaily:\u00a0<br \/><\/strong><\/p>\n<ul>\n<li>Nap\u00e1janie: 12\u2013\u2060\u2060\u2060\u2060\u2060\u206036 V DC nebo 12\u2013\u2060\u2060\u2060\u2060\u2060\u206024 V AC.<\/li>\n<li>\u00dahol detekcie: 230\u00b0.<\/li>\n<li>Dosah detekcie: pribli\u017ene 20 m pri mont\u00e1\u017enej v\u00fd\u0161ke 2,5 m.<\/li>\n<li>Trieda krytia: IP54.<\/li>\n<\/ul>\n","protected":false},"featured_media":503,"template":"","meta":[],"location":[],"product_brand":[],"product_cat":[353],"product_tag":[],"class_list":{"0":"post-502","1":"product","2":"type-product","3":"status-publish","4":"has-post-thumbnail","6":"product_cat-senzory-prislusenstvo","8":"first","9":"instock","10":"sold-individually","11":"taxable","12":"shipping-taxable","13":"purchasable","14":"product-type-simple"},"locations":[],"_links":{"self":[{"href":"https:\/\/loxone.ctw.sk\/index.php\/wp-json\/wp\/v2\/product\/502","targetHints":{"allow":["GET"]}}],"collection":[{"href":"https:\/\/loxone.ctw.sk\/index.php\/wp-json\/wp\/v2\/product"}],"about":[{"href":"https:\/\/loxone.ctw.sk\/index.php\/wp-json\/wp\/v2\/types\/product"}],"wp:featuredmedia":[{"embeddable":true,"href":"https:\/\/loxone.ctw.sk\/index.php\/wp-json\/wp\/v2\/media\/503"}],"wp:attachment":[{"href":"https:\/\/loxone.ctw.sk\/index.php\/wp-json\/wp\/v2\/media?parent=502"}],"wp:term":[{"taxonomy":"location","embeddable":true,"href":"https:\/\/loxone.ctw.sk\/index.php\/wp-json\/wp\/v2\/location?post=502"},{"taxonomy":"product_brand","embeddable":true,"href":"https:\/\/loxone.ctw.sk\/index.php\/wp-json\/wp\/v2\/product_brand?post=502"},{"taxonomy":"product_cat","embeddable":true,"href":"https:\/\/loxone.ctw.sk\/index.php\/wp-json\/wp\/v2\/product_cat?post=502"},{"taxonomy":"product_tag","embeddable":true,"href":"https:\/\/loxone.ctw.sk\/index.php\/wp-json\/wp\/v2\/product_tag?post=502"}],"curies":[{"name":"wp","href":"https:\/\/api.w.org\/{rel}","templated":true}]}}