{"id":517,"date":"2026-01-09T10:28:41","date_gmt":"2026-01-09T09:28:41","guid":{"rendered":"https:\/\/shop.dohlad.info\/index.php\/product\/trubkovy-motor-solidline-air-10nm\/"},"modified":"2026-01-09T10:28:58","modified_gmt":"2026-01-09T09:28:58","slug":"trubkovy-motor-solidline-air-10nm","status":"publish","type":"product","link":"https:\/\/loxone.ctw.sk\/index.php\/product\/trubkovy-motor-solidline-air-10nm\/","title":{"rendered":"Trubkov\u00fd motor SOLIDline Air 10Nm"},"content":{"rendered":"<p>Trubkov\u00fd motor SOLIDline Air od spolo\u010dnosti Geiger s integrovanou\u00a0<strong>bezdr\u00f4tovou technol\u00f3giou Loxone Air <\/strong>\u2013 perfektn\u00e9 rie\u0161enie automatiz\u00e1cie tienenia pre rekon\u0161trukcie a renov\u00e1cie.<\/p>\n<p><strong>Funkcie:<\/strong><\/p>\n<ul>\n<li>Pre v\u0161etky rolety a mark\u00edzy \u2013 \u010di u\u017e v nov\u00fdch alebo existuj\u00facich budov\u00e1ch<\/li>\n<li>Nie s\u00fa potrebn\u00e9 \u017eiadne samostatn\u00e9 k\u00e1ble pre tla\u010didl\u00e1 a vysiela\u010de<\/li>\n<li>V\u010faka mesh technol\u00f3gi\u00ed prekon\u00e1 sign\u00e1l aj ve\u013ek\u00e9 prek\u00e1\u017eky (bet\u00f3n, &#8230;)<\/li>\n<li>Energeticky \u00fasporn\u00e9 a tich\u00e9<\/li>\n<li>Automatick\u00e1 detekcia prek\u00e1\u017eok<\/li>\n<li>Ochrana proti mrazu<\/li>\n<li>Od\u013eah\u010denie z\u00e1clony<\/li>\n<\/ul>\n","protected":false},"excerpt":{"rendered":"<p>Trubkov\u00fd motor SOLIDline Air od spolo\u010dnosti Geiger s integrovanou\u00a0<strong>bezdr\u00f4tovou technol\u00f3giou Loxone Air <\/strong>\u2013 perfektn\u00e9 rie\u0161enie automatiz\u00e1cie tienenia pre rekon\u0161trukcie a renov\u00e1cie.<\/p>\n<p><strong>Funkcie:<\/strong><\/p>\n<ul>\n<li>Pre v\u0161etky rolety a mark\u00edzy \u2013 \u010di u\u017e v nov\u00fdch alebo existuj\u00facich budov\u00e1ch<\/li>\n<li>Nie s\u00fa potrebn\u00e9 \u017eiadne samostatn\u00e9 k\u00e1ble pre tla\u010didl\u00e1 a vysiela\u010de<\/li>\n<li>V\u010faka mesh technol\u00f3gi\u00ed prekon\u00e1 sign\u00e1l aj ve\u013ek\u00e9 prek\u00e1\u017eky (bet\u00f3n, &#8230;)<\/li>\n<li>Energeticky \u00fasporn\u00e9 a tich\u00e9<\/li>\n<li>Automatick\u00e1 detekcia prek\u00e1\u017eok<\/li>\n<li>Ochrana proti mrazu<\/li>\n<li>Od\u013eah\u010denie z\u00e1clony<\/li>\n<\/ul>\n","protected":false},"featured_media":518,"template":"","meta":[],"location":[],"product_brand":[],"product_cat":[376,377],"product_tag":[],"class_list":{"0":"post-517","1":"product","2":"type-product","3":"status-publish","4":"has-post-thumbnail","6":"product_cat-air-klima-tienenie","7":"product_cat-tienenie","9":"first","10":"instock","11":"sold-individually","12":"taxable","13":"shipping-taxable","14":"purchasable","15":"product-type-simple"},"locations":[],"_links":{"self":[{"href":"https:\/\/loxone.ctw.sk\/index.php\/wp-json\/wp\/v2\/product\/517","targetHints":{"allow":["GET"]}}],"collection":[{"href":"https:\/\/loxone.ctw.sk\/index.php\/wp-json\/wp\/v2\/product"}],"about":[{"href":"https:\/\/loxone.ctw.sk\/index.php\/wp-json\/wp\/v2\/types\/product"}],"wp:featuredmedia":[{"embeddable":true,"href":"https:\/\/loxone.ctw.sk\/index.php\/wp-json\/wp\/v2\/media\/518"}],"wp:attachment":[{"href":"https:\/\/loxone.ctw.sk\/index.php\/wp-json\/wp\/v2\/media?parent=517"}],"wp:term":[{"taxonomy":"location","embeddable":true,"href":"https:\/\/loxone.ctw.sk\/index.php\/wp-json\/wp\/v2\/location?post=517"},{"taxonomy":"product_brand","embeddable":true,"href":"https:\/\/loxone.ctw.sk\/index.php\/wp-json\/wp\/v2\/product_brand?post=517"},{"taxonomy":"product_cat","embeddable":true,"href":"https:\/\/loxone.ctw.sk\/index.php\/wp-json\/wp\/v2\/product_cat?post=517"},{"taxonomy":"product_tag","embeddable":true,"href":"https:\/\/loxone.ctw.sk\/index.php\/wp-json\/wp\/v2\/product_tag?post=517"}],"curies":[{"name":"wp","href":"https:\/\/api.w.org\/{rel}","templated":true}]}}