{"id":523,"date":"2026-01-09T10:28:41","date_gmt":"2026-01-09T09:28:41","guid":{"rendered":"https:\/\/shop.dohlad.info\/index.php\/product\/8hranny-adapter-unasac-60mm\/"},"modified":"2026-01-09T10:29:02","modified_gmt":"2026-01-09T09:29:02","slug":"8hranny-adapter-unasac-60mm","status":"publish","type":"product","link":"https:\/\/loxone.ctw.sk\/index.php\/product\/8hranny-adapter-unasac-60mm\/","title":{"rendered":"8hrann\u00fd adapt\u00e9r\/un\u00e1\u0161a\u010d 60mm"},"content":{"rendered":"<p>Vhodn\u00e9 adapt\u00e9ry a un\u00e1\u0161a\u010de pre <strong>trubkov\u00fd\u00a0motor SOLIDline Air <\/strong>od spolo\u010dnosti Geiger Antriebstechnik \u2013 pre ka\u017ed\u00fd hriade\u013e.<\/p>\n","protected":false},"excerpt":{"rendered":"<p>Vhodn\u00e9 adapt\u00e9ry a un\u00e1\u0161a\u010de pre <strong>trubkov\u00fd\u00a0motor SOLIDline Air <\/strong>od spolo\u010dnosti Geiger Antriebstechnik \u2013 pre ka\u017ed\u00fd hriade\u013e.<\/p>\n","protected":false},"featured_media":524,"template":"","meta":[],"location":[],"product_brand":[],"product_cat":[348,349,350],"product_tag":[],"class_list":{"0":"post-523","1":"product","2":"type-product","3":"status-publish","4":"has-post-thumbnail","6":"product_cat-klima","7":"product_cat-prislusenstvo-tienenie","8":"product_cat-montaz","10":"first","11":"instock","12":"sold-individually","13":"taxable","14":"shipping-taxable","15":"purchasable","16":"product-type-simple"},"locations":[],"_links":{"self":[{"href":"https:\/\/loxone.ctw.sk\/index.php\/wp-json\/wp\/v2\/product\/523","targetHints":{"allow":["GET"]}}],"collection":[{"href":"https:\/\/loxone.ctw.sk\/index.php\/wp-json\/wp\/v2\/product"}],"about":[{"href":"https:\/\/loxone.ctw.sk\/index.php\/wp-json\/wp\/v2\/types\/product"}],"wp:featuredmedia":[{"embeddable":true,"href":"https:\/\/loxone.ctw.sk\/index.php\/wp-json\/wp\/v2\/media\/524"}],"wp:attachment":[{"href":"https:\/\/loxone.ctw.sk\/index.php\/wp-json\/wp\/v2\/media?parent=523"}],"wp:term":[{"taxonomy":"location","embeddable":true,"href":"https:\/\/loxone.ctw.sk\/index.php\/wp-json\/wp\/v2\/location?post=523"},{"taxonomy":"product_brand","embeddable":true,"href":"https:\/\/loxone.ctw.sk\/index.php\/wp-json\/wp\/v2\/product_brand?post=523"},{"taxonomy":"product_cat","embeddable":true,"href":"https:\/\/loxone.ctw.sk\/index.php\/wp-json\/wp\/v2\/product_cat?post=523"},{"taxonomy":"product_tag","embeddable":true,"href":"https:\/\/loxone.ctw.sk\/index.php\/wp-json\/wp\/v2\/product_tag?post=523"}],"curies":[{"name":"wp","href":"https:\/\/api.w.org\/{rel}","templated":true}]}}