{"id":533,"date":"2026-01-09T10:28:41","date_gmt":"2026-01-09T09:28:41","guid":{"rendered":"https:\/\/shop.dohlad.info\/index.php\/product\/touch-pure-classic-tree-signalna-biela\/"},"modified":"2026-02-10T00:39:20","modified_gmt":"2026-02-09T23:39:20","slug":"touch-pure-classic-tree-signalna-biela","status":"publish","type":"product","link":"https:\/\/loxone.ctw.sk\/index.php\/product\/touch-pure-classic-tree-signalna-biela\/","title":{"rendered":"Touch Pure Classic Tree sign\u00e1lna biela"},"content":{"rendered":"<p>Loxone Touch Pure Tree m\u00e1 p\u00e4\u0165 dotykov\u00fdch bodov na sklenenej prednej strane pre <strong>ovl\u00e1danie k\u013e\u00fa\u010dov\u00fdch funkci\u00ed v miestnosti<\/strong>. Pri dotyku tla\u010didla je odozva potvrden\u00e1 akustick\u00fdm kliknut\u00edm.<\/p>\n<p><strong>Vlastnosti:<\/strong><\/p>\n<ul>\n<li>Ovl\u00e1dac\u00ed prvok pre riadenie osvetlenia, tienenia, zvuku a \u010fal\u0161\u00edch funkci\u00ed.<\/li>\n<li>Integrovan\u00fd teplotn\u00fd a vlhkostn\u00fd senzor na ovl\u00e1danie kl\u00edmy v miestnosti.<\/li>\n<li>Vstavan\u00e9 orienta\u010dn\u00e9 svetlo.<\/li>\n<li>Vysoko kvalitn\u00fd dizajn a povrchov\u00e1 \u00faprava.<\/li>\n<li>Jednoduch\u00e1 in\u0161tal\u00e1cia v\u010faka technol\u00f3gii Loxone Tree.<\/li>\n<\/ul>\n<p>Pre najlep\u0161\u00ed pou\u017e\u00edvate\u013esk\u00fd z\u00e1\u017eitok vo va\u0161ich projektoch odpor\u00fa\u010dame: Odteraz si doprajte <a href=\"https:\/\/shop.loxone.com\/sksk\/product\/100792-touch-pure-tree-white\" target=\"_blank\" rel=\"noopener noreferrer\">nov\u00fd Touch Pure.<\/a> Prepracovan\u00fd dizajn zais\u0165uje intuit\u00edvne ovl\u00e1danie a dokonale lad\u00ed s modern\u00fdmi interi\u00e9rmi.<\/p>\n","protected":false},"excerpt":{"rendered":"<p>Loxone Touch Pure Tree m\u00e1 p\u00e4\u0165 dotykov\u00fdch bodov na sklenenej prednej strane pre <strong>ovl\u00e1danie k\u013e\u00fa\u010dov\u00fdch funkci\u00ed v miestnosti<\/strong>. Pri dotyku tla\u010didla je odozva potvrden\u00e1 akustick\u00fdm kliknut\u00edm.<\/p>\n<p>&nbsp;<\/p>\n","protected":false},"featured_media":1832,"template":"","meta":[],"location":[],"product_brand":[],"product_cat":[336],"product_tag":[],"class_list":{"0":"post-533","1":"product","2":"type-product","3":"status-publish","4":"has-post-thumbnail","6":"product_cat-tree","8":"first","9":"instock","10":"sold-individually","11":"taxable","12":"shipping-taxable","13":"purchasable","14":"product-type-simple"},"locations":[],"_links":{"self":[{"href":"https:\/\/loxone.ctw.sk\/index.php\/wp-json\/wp\/v2\/product\/533","targetHints":{"allow":["GET"]}}],"collection":[{"href":"https:\/\/loxone.ctw.sk\/index.php\/wp-json\/wp\/v2\/product"}],"about":[{"href":"https:\/\/loxone.ctw.sk\/index.php\/wp-json\/wp\/v2\/types\/product"}],"wp:featuredmedia":[{"embeddable":true,"href":"https:\/\/loxone.ctw.sk\/index.php\/wp-json\/wp\/v2\/media\/1832"}],"wp:attachment":[{"href":"https:\/\/loxone.ctw.sk\/index.php\/wp-json\/wp\/v2\/media?parent=533"}],"wp:term":[{"taxonomy":"location","embeddable":true,"href":"https:\/\/loxone.ctw.sk\/index.php\/wp-json\/wp\/v2\/location?post=533"},{"taxonomy":"product_brand","embeddable":true,"href":"https:\/\/loxone.ctw.sk\/index.php\/wp-json\/wp\/v2\/product_brand?post=533"},{"taxonomy":"product_cat","embeddable":true,"href":"https:\/\/loxone.ctw.sk\/index.php\/wp-json\/wp\/v2\/product_cat?post=533"},{"taxonomy":"product_tag","embeddable":true,"href":"https:\/\/loxone.ctw.sk\/index.php\/wp-json\/wp\/v2\/product_tag?post=533"}],"curies":[{"name":"wp","href":"https:\/\/api.w.org\/{rel}","templated":true}]}}