{"id":557,"date":"2026-01-09T10:29:14","date_gmt":"2026-01-09T09:29:14","guid":{"rendered":"https:\/\/shop.dohlad.info\/index.php\/product\/touch-pure-classic-co2-tree-antracitova\/"},"modified":"2026-02-10T00:38:18","modified_gmt":"2026-02-09T23:38:18","slug":"touch-pure-classic-co2-tree-antracitova","status":"publish","type":"product","link":"https:\/\/loxone.ctw.sk\/index.php\/product\/touch-pure-classic-co2-tree-antracitova\/","title":{"rendered":"Touch Pure Classic CO2 Tree antracitov\u00e1"},"content":{"rendered":"<p class=\"ar-flex ar-flex-col ar-gap--s ar-spacing--bottom-s\">Loxone Touch Pure CO2 Tree m\u00e1 <strong>p\u00e4\u0165 dotykov\u00fdch bodov<\/strong> na sklenenej prednej strane na ovl\u00e1danie najd\u00f4le\u017eitej\u0161\u00edch funkci\u00ed v miestnosti. Ke\u010f sa dotknete tla\u010didla, zaznie kliknutie ako <strong>akustick\u00e9 potvrdenie. <\/strong>M\u00e1 integrovan\u00fd senzor na meranie t<strong>eploty, relat\u00edvnej vlhkosti a hodnoty CO2<\/strong>. Orienta\u010dn\u00e9 <strong>svetlo<\/strong> umo\u017e\u0148uje rozpoznanie zariadenia v tme.<\/p>\n<p>Pre najlep\u0161\u00ed pou\u017e\u00edvate\u013esk\u00fd z\u00e1\u017eitok vo va\u0161ich projektoch odpor\u00fa\u010dame: Odteraz si doprajte <a href=\"https:\/\/shop.loxone.com\/sksk\/product\/100796-touch-pure-co2-tree-anthracite\" target=\"_blank\" rel=\"noopener noreferrer\">nov\u00fd Touch Pure.<\/a> Prepracovan\u00fd dizajn zais\u0165uje intuit\u00edvne ovl\u00e1danie a dokonale lad\u00ed s modern\u00fdmi interi\u00e9rmi.<\/p>\n","protected":false},"excerpt":{"rendered":"<p class=\"ar-flex ar-flex-col ar-gap--s ar-spacing--bottom-s\">Loxone Touch Pure CO2 Tree m\u00e1 <strong>p\u00e4\u0165 dotykov\u00fdch bodov<\/strong> na sklenenej prednej strane na ovl\u00e1danie najd\u00f4le\u017eitej\u0161\u00edch funkci\u00ed v miestnosti. Ke\u010f sa dotknete tla\u010didla, zaznie kliknutie ako <strong>akustick\u00e9 potvrdenie. <\/strong>M\u00e1 integrovan\u00fd senzor na meranie t<strong>eploty, relat\u00edvnej vlhkosti a hodnoty CO2<\/strong>. Orienta\u010dn\u00e9 <strong>svetlo<\/strong> umo\u017e\u0148uje rozpoznanie zariadenia v tme.<\/p>\n<p>&nbsp;<\/p>\n","protected":false},"featured_media":558,"template":"","meta":[],"location":[],"product_brand":[],"product_cat":[336,361,348,377],"product_tag":[],"class_list":{"0":"post-557","1":"product","2":"type-product","3":"status-publish","4":"has-post-thumbnail","6":"product_cat-tree","7":"product_cat-tree-klima-tienenie","8":"product_cat-klima","9":"product_cat-tienenie","11":"first","12":"instock","13":"sold-individually","14":"taxable","15":"shipping-taxable","16":"purchasable","17":"product-type-simple"},"locations":[],"_links":{"self":[{"href":"https:\/\/loxone.ctw.sk\/index.php\/wp-json\/wp\/v2\/product\/557","targetHints":{"allow":["GET"]}}],"collection":[{"href":"https:\/\/loxone.ctw.sk\/index.php\/wp-json\/wp\/v2\/product"}],"about":[{"href":"https:\/\/loxone.ctw.sk\/index.php\/wp-json\/wp\/v2\/types\/product"}],"wp:featuredmedia":[{"embeddable":true,"href":"https:\/\/loxone.ctw.sk\/index.php\/wp-json\/wp\/v2\/media\/558"}],"wp:attachment":[{"href":"https:\/\/loxone.ctw.sk\/index.php\/wp-json\/wp\/v2\/media?parent=557"}],"wp:term":[{"taxonomy":"location","embeddable":true,"href":"https:\/\/loxone.ctw.sk\/index.php\/wp-json\/wp\/v2\/location?post=557"},{"taxonomy":"product_brand","embeddable":true,"href":"https:\/\/loxone.ctw.sk\/index.php\/wp-json\/wp\/v2\/product_brand?post=557"},{"taxonomy":"product_cat","embeddable":true,"href":"https:\/\/loxone.ctw.sk\/index.php\/wp-json\/wp\/v2\/product_cat?post=557"},{"taxonomy":"product_tag","embeddable":true,"href":"https:\/\/loxone.ctw.sk\/index.php\/wp-json\/wp\/v2\/product_tag?post=557"}],"curies":[{"name":"wp","href":"https:\/\/api.w.org\/{rel}","templated":true}]}}