{"id":564,"date":"2026-01-09T10:29:14","date_gmt":"2026-01-09T09:29:14","guid":{"rendered":"https:\/\/shop.dohlad.info\/index.php\/product\/exosphere-enterprise-miniserver-10-rokov\/"},"modified":"2026-02-08T14:33:26","modified_gmt":"2026-02-08T13:33:26","slug":"exosphere-enterprise-miniserver-10-rokov","status":"publish","type":"product","link":"https:\/\/loxone.ctw.sk\/index.php\/product\/exosphere-enterprise-miniserver-10-rokov\/","title":{"rendered":"Exosphere Enterprise \u2013 Miniserver (10 rokov)"},"content":{"rendered":"<p>Exosphere je ide\u00e1lne rie\u0161enie pre <strong>centr\u00e1lnu spr\u00e1vu, vizualiz\u00e1ciu a optimaliz\u00e1ciu<\/strong> in\u0161tal\u00e1ci\u00ed Loxone \u2013 \u010di u\u017e pracujete v t\u00edme alebo individu\u00e1lne.<\/p>\n<p><strong>Vlastnosti:<\/strong><\/p>\n<ul>\n<li>Ide\u00e1lne pre Loxone Partnerov s viacer\u00fdmi projektmi alebo profesion\u00e1lnych u\u017e\u00edvate\u013eov, ako s\u00fa syst\u00e9mov\u00ed integr\u00e1tori a facility mana\u017e\u00e9ri.<\/li>\n<li>Centralizovan\u00e9 \u00falo\u017eisko a zobrazovanie zdie\u013ean\u00fdch \u00fadajov o budov\u00e1ch.*<\/li>\n<li>D\u00e1ta z komplexn\u00fdch a distribuovan\u00fdch in\u0161tal\u00e1ci\u00ed Loxone je mo\u017en\u00e9 efekt\u00edvne vizualizova\u0165 a vz\u00e1jomne porovn\u00e1va\u0165 v syst\u00e9mov\u00fdch diagramoch alebo na ovl\u00e1dac\u00edch paneloch.<\/li>\n<\/ul>\n<p><a href=\"https:\/\/www.loxone.com\/sksk\/produkty\/loxone-exosphere\/\" target=\"_blank\" rel=\"noopener\">Viac o Exosphere \u00bb<\/a><\/p>\n","protected":false},"excerpt":{"rendered":"<p>Exosphere je ide\u00e1lne rie\u0161enie pre <strong>centr\u00e1lnu spr\u00e1vu, vizualiz\u00e1ciu a optimaliz\u00e1ciu<\/strong> in\u0161tal\u00e1ci\u00ed Loxone \u2013 \u010di u\u017e pracujete v t\u00edme alebo individu\u00e1lne.<\/p>\n","protected":false},"featured_media":565,"template":"","meta":[],"location":[],"product_brand":[],"product_cat":[363],"product_tag":[],"class_list":{"0":"post-564","1":"product","2":"type-product","3":"status-publish","4":"has-post-thumbnail","6":"product_cat-cloudove-sluzby","8":"first","9":"instock","10":"sold-individually","11":"taxable","12":"shipping-taxable","13":"purchasable","14":"product-type-simple"},"locations":[],"_links":{"self":[{"href":"https:\/\/loxone.ctw.sk\/index.php\/wp-json\/wp\/v2\/product\/564","targetHints":{"allow":["GET"]}}],"collection":[{"href":"https:\/\/loxone.ctw.sk\/index.php\/wp-json\/wp\/v2\/product"}],"about":[{"href":"https:\/\/loxone.ctw.sk\/index.php\/wp-json\/wp\/v2\/types\/product"}],"wp:featuredmedia":[{"embeddable":true,"href":"https:\/\/loxone.ctw.sk\/index.php\/wp-json\/wp\/v2\/media\/565"}],"wp:attachment":[{"href":"https:\/\/loxone.ctw.sk\/index.php\/wp-json\/wp\/v2\/media?parent=564"}],"wp:term":[{"taxonomy":"location","embeddable":true,"href":"https:\/\/loxone.ctw.sk\/index.php\/wp-json\/wp\/v2\/location?post=564"},{"taxonomy":"product_brand","embeddable":true,"href":"https:\/\/loxone.ctw.sk\/index.php\/wp-json\/wp\/v2\/product_brand?post=564"},{"taxonomy":"product_cat","embeddable":true,"href":"https:\/\/loxone.ctw.sk\/index.php\/wp-json\/wp\/v2\/product_cat?post=564"},{"taxonomy":"product_tag","embeddable":true,"href":"https:\/\/loxone.ctw.sk\/index.php\/wp-json\/wp\/v2\/product_tag?post=564"}],"curies":[{"name":"wp","href":"https:\/\/api.w.org\/{rel}","templated":true}]}}