{"id":566,"date":"2026-01-09T10:29:14","date_gmt":"2026-01-09T09:29:14","guid":{"rendered":"https:\/\/shop.dohlad.info\/index.php\/product\/touch-pure-classic-for-nano-antracitova\/"},"modified":"2026-02-10T00:37:23","modified_gmt":"2026-02-09T23:37:23","slug":"touch-pure-classic-for-nano-antracitova","status":"publish","type":"product","link":"https:\/\/loxone.ctw.sk\/index.php\/product\/touch-pure-classic-for-nano-antracitova\/","title":{"rendered":"Touch Pure Classic for Nano antracitov\u00e1"},"content":{"rendered":"<p>Loxone Touch Pure for Nano je tla\u010didlo ur\u010den\u00e9 na pripojenie k Loxone Nano IO Air alebo Nano Dimmer Air. Pon\u00faka p\u00e4\u0165 dotykov\u00fdch bodov na <strong>ovl\u00e1danie najd\u00f4le\u017eitej\u0161\u00edch funkci\u00ed <\/strong>v miestnosti. Pri dotyku vyd\u00e1 zvukov\u00e9 kliknutie ako akustick\u00fa odozvu. Orienta\u010dn\u00e9 svetlo umo\u017e\u0148uje rozpozna\u0165 zariadenie v tme.<\/p>\n<p>Pre najlep\u0161\u00ed pou\u017e\u00edvate\u013esk\u00fd z\u00e1\u017eitok vo va\u0161ich projektoch odpor\u00fa\u010dame: Odteraz si doprajte <a href=\"https:\/\/shop.loxone.com\/sksk\/product\/100802-touch-pure-for-nano-anthracite\" target=\"_blank\" rel=\"noopener noreferrer\">nov\u00fd Touch Pure for Nano.<\/a> Prepracovan\u00fd dizajn zais\u0165uje intuit\u00edvne ovl\u00e1danie a dokonale lad\u00ed s modern\u00fdmi interi\u00e9rmi.<\/p>\n","protected":false},"excerpt":{"rendered":"<p>Loxone Touch Pure for Nano je tla\u010didlo ur\u010den\u00e9 na pripojenie k Loxone Nano IO Air alebo Nano Dimmer Air. Pon\u00faka p\u00e4\u0165 dotykov\u00fdch bodov na <strong>ovl\u00e1danie najd\u00f4le\u017eitej\u0161\u00edch funkci\u00ed <\/strong>v miestnosti. Pri dotyku vyd\u00e1 zvukov\u00e9 kliknutie ako akustick\u00fa odozvu. Orienta\u010dn\u00e9 svetlo umo\u017e\u0148uje rozpozna\u0165 zariadenie v tme.<\/p>\n<p>&nbsp;<\/p>\n","protected":false},"featured_media":538,"template":"","meta":[],"location":[],"product_brand":[],"product_cat":[359],"product_tag":[],"class_list":{"0":"post-566","1":"product","2":"type-product","3":"status-publish","4":"has-post-thumbnail","6":"product_cat-for-nano","8":"first","9":"instock","10":"sold-individually","11":"taxable","12":"shipping-taxable","13":"purchasable","14":"product-type-simple"},"locations":[],"_links":{"self":[{"href":"https:\/\/loxone.ctw.sk\/index.php\/wp-json\/wp\/v2\/product\/566","targetHints":{"allow":["GET"]}}],"collection":[{"href":"https:\/\/loxone.ctw.sk\/index.php\/wp-json\/wp\/v2\/product"}],"about":[{"href":"https:\/\/loxone.ctw.sk\/index.php\/wp-json\/wp\/v2\/types\/product"}],"wp:featuredmedia":[{"embeddable":true,"href":"https:\/\/loxone.ctw.sk\/index.php\/wp-json\/wp\/v2\/media\/538"}],"wp:attachment":[{"href":"https:\/\/loxone.ctw.sk\/index.php\/wp-json\/wp\/v2\/media?parent=566"}],"wp:term":[{"taxonomy":"location","embeddable":true,"href":"https:\/\/loxone.ctw.sk\/index.php\/wp-json\/wp\/v2\/location?post=566"},{"taxonomy":"product_brand","embeddable":true,"href":"https:\/\/loxone.ctw.sk\/index.php\/wp-json\/wp\/v2\/product_brand?post=566"},{"taxonomy":"product_cat","embeddable":true,"href":"https:\/\/loxone.ctw.sk\/index.php\/wp-json\/wp\/v2\/product_cat?post=566"},{"taxonomy":"product_tag","embeddable":true,"href":"https:\/\/loxone.ctw.sk\/index.php\/wp-json\/wp\/v2\/product_tag?post=566"}],"curies":[{"name":"wp","href":"https:\/\/api.w.org\/{rel}","templated":true}]}}