{"id":569,"date":"2026-01-09T10:29:14","date_gmt":"2026-01-09T09:29:14","guid":{"rendered":"https:\/\/shop.dohlad.info\/index.php\/product\/elektromer-modbus-eastron-sdm630-v3\/"},"modified":"2026-02-09T00:16:52","modified_gmt":"2026-02-08T23:16:52","slug":"elektromer-modbus-eastron-sdm630-v3","status":"publish","type":"product","link":"https:\/\/loxone.ctw.sk\/index.php\/product\/elektromer-modbus-eastron-sdm630-v3\/","title":{"rendered":"Elektromer Modbus Eastron SDM630  V3"},"content":{"rendered":"<p><strong>Obojsmern\u00fd elektromer<\/strong> s rozhran\u00edm Modbus pom\u00e1ha va\u0161im z\u00e1kazn\u00edkom \u0161etri\u0165 energiu a podporuje\u00a0<strong>efekt\u00edvne vyu\u017e\u00edvanie zdrojov<\/strong>.<\/p>\n<p><strong>Funkcie:<\/strong><\/p>\n<ul>\n<li>Poskytuje presn\u00e9 \u00fadaje o energi\u00e1ch, pr\u00fadu, \u010dinnom v\u00fdkone a nap\u00e4t\u00ed.<\/li>\n<li>3-f\u00e1zov\u00fd elektromer.<\/li>\n<li>MV s\u00falade s MID B+D.<\/li>\n<li>Obojsmern\u00e9 meranie.<\/li>\n<\/ul>\n","protected":false},"excerpt":{"rendered":"<p><strong>Obojsmern\u00fd elektromer<\/strong> s rozhran\u00edm Modbus pom\u00e1ha va\u0161im z\u00e1kazn\u00edkom \u0161etri\u0165 energiu a podporuje\u00a0<strong>efekt\u00edvne vyu\u017e\u00edvanie zdrojov<\/strong>.<\/p>\n<p>&nbsp;<\/p>\n","protected":false},"featured_media":570,"template":"","meta":[],"location":[],"product_brand":[],"product_cat":[339],"product_tag":[],"class_list":{"0":"post-569","1":"product","2":"type-product","3":"status-publish","4":"has-post-thumbnail","6":"product_cat-elektromer","8":"first","9":"instock","10":"sold-individually","11":"taxable","12":"shipping-taxable","13":"purchasable","14":"product-type-simple"},"locations":[],"_links":{"self":[{"href":"https:\/\/loxone.ctw.sk\/index.php\/wp-json\/wp\/v2\/product\/569","targetHints":{"allow":["GET"]}}],"collection":[{"href":"https:\/\/loxone.ctw.sk\/index.php\/wp-json\/wp\/v2\/product"}],"about":[{"href":"https:\/\/loxone.ctw.sk\/index.php\/wp-json\/wp\/v2\/types\/product"}],"wp:featuredmedia":[{"embeddable":true,"href":"https:\/\/loxone.ctw.sk\/index.php\/wp-json\/wp\/v2\/media\/570"}],"wp:attachment":[{"href":"https:\/\/loxone.ctw.sk\/index.php\/wp-json\/wp\/v2\/media?parent=569"}],"wp:term":[{"taxonomy":"location","embeddable":true,"href":"https:\/\/loxone.ctw.sk\/index.php\/wp-json\/wp\/v2\/location?post=569"},{"taxonomy":"product_brand","embeddable":true,"href":"https:\/\/loxone.ctw.sk\/index.php\/wp-json\/wp\/v2\/product_brand?post=569"},{"taxonomy":"product_cat","embeddable":true,"href":"https:\/\/loxone.ctw.sk\/index.php\/wp-json\/wp\/v2\/product_cat?post=569"},{"taxonomy":"product_tag","embeddable":true,"href":"https:\/\/loxone.ctw.sk\/index.php\/wp-json\/wp\/v2\/product_tag?post=569"}],"curies":[{"name":"wp","href":"https:\/\/api.w.org\/{rel}","templated":true}]}}