{"id":572,"date":"2026-01-09T10:29:14","date_gmt":"2026-01-09T09:29:14","guid":{"rendered":"https:\/\/shop.dohlad.info\/index.php\/product\/bezpecnostne-lanko-pre-satellite-speaker-ip64-10-ks\/"},"modified":"2026-01-09T10:29:30","modified_gmt":"2026-01-09T09:29:30","slug":"bezpecnostne-lanko-pre-satellite-speaker-ip64-10-ks","status":"publish","type":"product","link":"https:\/\/loxone.ctw.sk\/index.php\/product\/bezpecnostne-lanko-pre-satellite-speaker-ip64-10-ks\/","title":{"rendered":"Bezpe\u010dnostn\u00e9 lanko pre Satellite Speaker IP64 (10 ks)"},"content":{"rendered":"<p>Bezpe\u010dnostn\u00e9 lanko v\u00e1m poskytne <strong>dvojn\u00e1sobn\u00fa podporu a istotu, \u017ee s\u00fa va\u0161e reproduktory chr\u00e1nen\u00e9<\/strong>. \u013dahko sa prip\u00e1jaj\u00fa a pon\u00fakaj\u00fa roz\u0161\u00edren\u00fa ochranu proti kr\u00e1de\u017ei alebo po\u0161kodeniu tret\u00edmi osobami. Pou\u017eitie bezpe\u010dnostn\u00fdch l\u00e1n odpor\u00fa\u010dame najm\u00e4 v podnikoch s vysok\u00fdm pohybom zamestnancov alebo n\u00e1v\u0161tevn\u00edkov \u2013 najm\u00e4 pri in\u0161tal\u00e1cii vo vonkaj\u0161om prostred\u00ed.<\/p>\n<p>\u00a0<\/p>\n","protected":false},"excerpt":{"rendered":"<p>Bezpe\u010dnostn\u00e9 lanko v\u00e1m poskytne <strong>dvojn\u00e1sobn\u00fa podporu a istotu, \u017ee s\u00fa va\u0161e reproduktory chr\u00e1nen\u00e9<\/strong>. \u013dahko sa prip\u00e1jaj\u00fa a pon\u00fakaj\u00fa roz\u0161\u00edren\u00fa ochranu proti kr\u00e1de\u017ei alebo po\u0161kodeniu tret\u00edmi osobami. Pou\u017eitie bezpe\u010dnostn\u00fdch l\u00e1n odpor\u00fa\u010dame najm\u00e4 v podnikoch s vysok\u00fdm pohybom zamestnancov alebo n\u00e1v\u0161tevn\u00edkov \u2013 najm\u00e4 pri in\u0161tal\u00e1cii vo vonkaj\u0161om prostred\u00ed.<\/p>\n<p>\u00a0<\/p>\n","protected":false},"featured_media":573,"template":"","meta":[],"location":[],"product_brand":[],"product_cat":[356],"product_tag":[],"class_list":{"0":"post-572","1":"product","2":"type-product","3":"status-publish","4":"has-post-thumbnail","6":"product_cat-montaz-audio","8":"first","9":"instock","10":"sold-individually","11":"taxable","12":"shipping-taxable","13":"purchasable","14":"product-type-simple"},"locations":[],"_links":{"self":[{"href":"https:\/\/loxone.ctw.sk\/index.php\/wp-json\/wp\/v2\/product\/572","targetHints":{"allow":["GET"]}}],"collection":[{"href":"https:\/\/loxone.ctw.sk\/index.php\/wp-json\/wp\/v2\/product"}],"about":[{"href":"https:\/\/loxone.ctw.sk\/index.php\/wp-json\/wp\/v2\/types\/product"}],"wp:featuredmedia":[{"embeddable":true,"href":"https:\/\/loxone.ctw.sk\/index.php\/wp-json\/wp\/v2\/media\/573"}],"wp:attachment":[{"href":"https:\/\/loxone.ctw.sk\/index.php\/wp-json\/wp\/v2\/media?parent=572"}],"wp:term":[{"taxonomy":"location","embeddable":true,"href":"https:\/\/loxone.ctw.sk\/index.php\/wp-json\/wp\/v2\/location?post=572"},{"taxonomy":"product_brand","embeddable":true,"href":"https:\/\/loxone.ctw.sk\/index.php\/wp-json\/wp\/v2\/product_brand?post=572"},{"taxonomy":"product_cat","embeddable":true,"href":"https:\/\/loxone.ctw.sk\/index.php\/wp-json\/wp\/v2\/product_cat?post=572"},{"taxonomy":"product_tag","embeddable":true,"href":"https:\/\/loxone.ctw.sk\/index.php\/wp-json\/wp\/v2\/product_tag?post=572"}],"curies":[{"name":"wp","href":"https:\/\/api.w.org\/{rel}","templated":true}]}}