{"id":574,"date":"2026-01-09T10:29:14","date_gmt":"2026-01-09T09:29:14","guid":{"rendered":"https:\/\/shop.dohlad.info\/index.php\/product\/blok-70-kusov\/"},"modified":"2026-01-09T10:29:32","modified_gmt":"2026-01-09T09:29:32","slug":"blok-70-kusov","status":"publish","type":"product","link":"https:\/\/loxone.ctw.sk\/index.php\/product\/blok-70-kusov\/","title":{"rendered":"Blok (70 kusov)"},"content":{"rendered":"<p>Nevyhnutn\u00e9 vybavenie ka\u017edej kancel\u00e1rie \u2013 p\u00edsac\u00ed blok form\u00e1tu A4 pon\u00faka dostatok priestoru pre va\u0161e my\u0161lienky.<\/p>\n<ul>\n<li>Form\u00e1t A4.<\/li>\n<li>Bodkovan\u00fd podklad pre lep\u0161\u00ed preh\u013ead.<\/li>\n<li>Vyroben\u00e9 v Rak\u00fasku.<\/li>\n<\/ul>\n","protected":false},"excerpt":{"rendered":"<p>Nevyhnutn\u00e9 vybavenie ka\u017edej kancel\u00e1rie \u2013 p\u00edsac\u00ed blok form\u00e1tu A4 pon\u00faka dostatok priestoru pre va\u0161e my\u0161lienky.<\/p>\n<ul>\n<li>Form\u00e1t A4.<\/li>\n<li>Bodkovan\u00fd podklad pre lep\u0161\u00ed preh\u013ead.<\/li>\n<li>Vyroben\u00e9 v Rak\u00fasku.<\/li>\n<\/ul>\n","protected":false},"featured_media":575,"template":"","meta":[],"location":[],"product_brand":[],"product_cat":[369],"product_tag":[],"class_list":{"0":"post-574","1":"product","2":"type-product","3":"status-publish","4":"has-post-thumbnail","6":"product_cat-other","8":"first","9":"instock","10":"sold-individually","11":"taxable","12":"shipping-taxable","13":"purchasable","14":"product-type-simple"},"locations":[],"_links":{"self":[{"href":"https:\/\/loxone.ctw.sk\/index.php\/wp-json\/wp\/v2\/product\/574","targetHints":{"allow":["GET"]}}],"collection":[{"href":"https:\/\/loxone.ctw.sk\/index.php\/wp-json\/wp\/v2\/product"}],"about":[{"href":"https:\/\/loxone.ctw.sk\/index.php\/wp-json\/wp\/v2\/types\/product"}],"wp:featuredmedia":[{"embeddable":true,"href":"https:\/\/loxone.ctw.sk\/index.php\/wp-json\/wp\/v2\/media\/575"}],"wp:attachment":[{"href":"https:\/\/loxone.ctw.sk\/index.php\/wp-json\/wp\/v2\/media?parent=574"}],"wp:term":[{"taxonomy":"location","embeddable":true,"href":"https:\/\/loxone.ctw.sk\/index.php\/wp-json\/wp\/v2\/location?post=574"},{"taxonomy":"product_brand","embeddable":true,"href":"https:\/\/loxone.ctw.sk\/index.php\/wp-json\/wp\/v2\/product_brand?post=574"},{"taxonomy":"product_cat","embeddable":true,"href":"https:\/\/loxone.ctw.sk\/index.php\/wp-json\/wp\/v2\/product_cat?post=574"},{"taxonomy":"product_tag","embeddable":true,"href":"https:\/\/loxone.ctw.sk\/index.php\/wp-json\/wp\/v2\/product_tag?post=574"}],"curies":[{"name":"wp","href":"https:\/\/api.w.org\/{rel}","templated":true}]}}