{"id":579,"date":"2026-01-09T10:29:14","date_gmt":"2026-01-09T09:29:14","guid":{"rendered":"https:\/\/shop.dohlad.info\/index.php\/product\/sd-karta-s-firmverom-miniserver-gen-1\/"},"modified":"2026-02-08T14:33:48","modified_gmt":"2026-02-08T13:33:48","slug":"sd-karta-s-firmverom-miniserver-gen-1","status":"publish","type":"product","link":"https:\/\/loxone.ctw.sk\/index.php\/product\/sd-karta-s-firmverom-miniserver-gen-1\/","title":{"rendered":"SD karta s firmv\u00e9rom Miniserver Gen. 1"},"content":{"rendered":"<p>Jednoducho naimportujte aktu\u00e1lny firmware pre<strong> Loxone Miniserver Gen. 1<\/strong> v\u00fdmenou SD karty.<\/p>\n<p><strong>Vlastnosti:<\/strong><\/p>\n<ul>\n<li>8 GB vr\u00e1tane adapt\u00e9ra na SD kartu.<\/li>\n<li>Aktualiz\u00e1cia Miniservera aj bez pripojenia k sieti.<\/li>\n<li>A\u017e 60\u00d7 dlh\u0161ia \u017eivotnos\u0165 ako be\u017en\u00e9 SD karty.<\/li>\n<\/ul>\n","protected":false},"excerpt":{"rendered":"<p>Jednoducho naimportujte aktu\u00e1lny firmware pre<strong> Loxone Miniserver Gen. 1<\/strong> v\u00fdmenou SD karty.<\/p>\n","protected":false},"featured_media":580,"template":"","meta":[],"location":[],"product_brand":[],"product_cat":[378,379],"product_tag":[],"class_list":{"0":"post-579","1":"product","2":"type-product","3":"status-publish","4":"has-post-thumbnail","6":"product_cat-sd-karty","7":"product_cat-sd-karty-prislusenstvo","9":"first","10":"instock","11":"sold-individually","12":"taxable","13":"shipping-taxable","14":"purchasable","15":"product-type-simple"},"locations":[],"_links":{"self":[{"href":"https:\/\/loxone.ctw.sk\/index.php\/wp-json\/wp\/v2\/product\/579","targetHints":{"allow":["GET"]}}],"collection":[{"href":"https:\/\/loxone.ctw.sk\/index.php\/wp-json\/wp\/v2\/product"}],"about":[{"href":"https:\/\/loxone.ctw.sk\/index.php\/wp-json\/wp\/v2\/types\/product"}],"wp:featuredmedia":[{"embeddable":true,"href":"https:\/\/loxone.ctw.sk\/index.php\/wp-json\/wp\/v2\/media\/580"}],"wp:attachment":[{"href":"https:\/\/loxone.ctw.sk\/index.php\/wp-json\/wp\/v2\/media?parent=579"}],"wp:term":[{"taxonomy":"location","embeddable":true,"href":"https:\/\/loxone.ctw.sk\/index.php\/wp-json\/wp\/v2\/location?post=579"},{"taxonomy":"product_brand","embeddable":true,"href":"https:\/\/loxone.ctw.sk\/index.php\/wp-json\/wp\/v2\/product_brand?post=579"},{"taxonomy":"product_cat","embeddable":true,"href":"https:\/\/loxone.ctw.sk\/index.php\/wp-json\/wp\/v2\/product_cat?post=579"},{"taxonomy":"product_tag","embeddable":true,"href":"https:\/\/loxone.ctw.sk\/index.php\/wp-json\/wp\/v2\/product_tag?post=579"}],"curies":[{"name":"wp","href":"https:\/\/api.w.org\/{rel}","templated":true}]}}