{"id":585,"date":"2026-01-09T10:29:14","date_gmt":"2026-01-09T09:29:14","guid":{"rendered":"https:\/\/shop.dohlad.info\/index.php\/product\/1-wire-extension\/"},"modified":"2026-01-27T14:48:49","modified_gmt":"2026-01-27T13:48:49","slug":"1-wire-extension","status":"publish","type":"product","link":"https:\/\/loxone.ctw.sk\/index.php\/product\/1-wire-extension\/","title":{"rendered":"1-Wire Extension"},"content":{"rendered":"<p>1-Wire Extension umo\u017e\u0148uje integr\u00e1ciu\u00a0<strong>1-wire senzorov<\/strong> ako s\u00fa <strong>teplotn\u00e9 senzory<\/strong> alebo <strong>\u010d\u00edta\u010dky iButton<\/strong>.<\/p>\n<p><strong>Funkcie:<\/strong><\/p>\n<ul>\n<li>Pre a\u017e 20 senzorov alebo <strong>1 \u010d\u00edta\u010dku <\/strong>iButton<\/li>\n<li>Pre neobmedzen\u00fd po\u010det <strong>elektronick\u00fdch k\u013e\u00fa\u010dov<\/strong> iButton<\/li>\n<\/ul>\n","protected":false},"excerpt":{"rendered":"<p>1-Wire Extension umo\u017e\u0148uje integr\u00e1ciu\u00a0<strong>1-wire senzorov<\/strong> ako s\u00fa <strong>teplotn\u00e9 senzory<\/strong> alebo <strong>\u010d\u00edta\u010dky iButton<\/strong>.<\/p>\n","protected":false},"featured_media":586,"template":"","meta":[],"location":[405,404],"product_brand":[],"product_cat":[365,366,348,380,381],"product_tag":[],"class_list":{"0":"post-585","1":"product","2":"type-product","3":"status-publish","4":"has-post-thumbnail","6":"location-sklad-at","7":"location-sklad-sk","8":"product_cat-link","9":"product_cat-2-deliace-jednotky","10":"product_cat-klima","11":"product_cat-link-klima-tienenie","12":"product_cat-1-wire","14":"first","15":"instock","16":"taxable","17":"shipping-taxable","18":"purchasable","19":"product-type-simple"},"locations":[{"id":405,"name":"Kollerschlag (AT)","slug":"sklad-at","quantity":"1799"},{"id":404,"name":"Myjava (SK)","slug":"sklad-sk","quantity":""}],"_links":{"self":[{"href":"https:\/\/loxone.ctw.sk\/index.php\/wp-json\/wp\/v2\/product\/585","targetHints":{"allow":["GET"]}}],"collection":[{"href":"https:\/\/loxone.ctw.sk\/index.php\/wp-json\/wp\/v2\/product"}],"about":[{"href":"https:\/\/loxone.ctw.sk\/index.php\/wp-json\/wp\/v2\/types\/product"}],"wp:featuredmedia":[{"embeddable":true,"href":"https:\/\/loxone.ctw.sk\/index.php\/wp-json\/wp\/v2\/media\/586"}],"wp:attachment":[{"href":"https:\/\/loxone.ctw.sk\/index.php\/wp-json\/wp\/v2\/media?parent=585"}],"wp:term":[{"taxonomy":"location","embeddable":true,"href":"https:\/\/loxone.ctw.sk\/index.php\/wp-json\/wp\/v2\/location?post=585"},{"taxonomy":"product_brand","embeddable":true,"href":"https:\/\/loxone.ctw.sk\/index.php\/wp-json\/wp\/v2\/product_brand?post=585"},{"taxonomy":"product_cat","embeddable":true,"href":"https:\/\/loxone.ctw.sk\/index.php\/wp-json\/wp\/v2\/product_cat?post=585"},{"taxonomy":"product_tag","embeddable":true,"href":"https:\/\/loxone.ctw.sk\/index.php\/wp-json\/wp\/v2\/product_tag?post=585"}],"curies":[{"name":"wp","href":"https:\/\/api.w.org\/{rel}","templated":true}]}}