{"id":590,"date":"2026-01-09T10:29:14","date_gmt":"2026-01-09T09:29:14","guid":{"rendered":"https:\/\/shop.dohlad.info\/index.php\/product\/multi-extension-air\/"},"modified":"2026-01-09T10:29:40","modified_gmt":"2026-01-09T09:29:40","slug":"multi-extension-air","status":"publish","type":"product","link":"https:\/\/loxone.ctw.sk\/index.php\/product\/multi-extension-air\/","title":{"rendered":"Multi Extension Air"},"content":{"rendered":"<p>Loxone Multi Extension Air poskytuje <strong>8 v\u00fdstupov s bezpotenci\u00e1lov\u00fdmi bistabiln\u00fdmi rel\u00e9<\/strong>, 12 digit\u00e1lnych vstupov, jednodr\u00f4tov\u00e9 rozhranie a 4 PWM v\u00fdstupy.<\/p>\n<p>Vlastnosti:<\/p>\n<ul>\n<li>Mo\u017eno umiestni\u0165 kamko\u013evek, \u010do z neho rob\u00ed najuniverz\u00e1lnej\u0161\u00ed Extension pre dodato\u010dn\u00e9 vybavenie projektov.<\/li>\n<li>12 digit\u00e1lnych vstupov:\n<ul>\n<li>0\u201328 V DC.<\/li>\n<li>Mo\u017eno pou\u017ei\u0165 ako frekven\u010dn\u00fd \u010d\u00edta\u010d (max. 200 Hz).<\/li>\n<\/ul>\n<\/li>\n<li>V\u00fdstupy:\n<ul>\n<li>8\u00d7 digit\u00e1lny: rel\u00e9ov\u00e9, bistabiln\u00e9, bezpotenci\u00e1lov\u00e9.<\/li>\n<li>4\u00d7 PWM: 2,1 A na kan\u00e1l (DC 12\u201328 V).<\/li>\n<\/ul>\n<\/li>\n<li>1-Wire rozhranie:\n<ul>\n<li>Podpora a\u017e 20 senzorov (max. 50 mA).<\/li>\n<\/ul>\n<\/li>\n<\/ul>\n","protected":false},"excerpt":{"rendered":"<p>Loxone Multi Extension Air poskytuje <strong>8 v\u00fdstupov s bezpotenci\u00e1lov\u00fdmi bistabiln\u00fdmi rel\u00e9<\/strong>, 12 digit\u00e1lnych vstupov, jednodr\u00f4tov\u00e9 rozhranie a 4 PWM v\u00fdstupy.<\/p>\n<p>Vlastnosti:<\/p>\n<ul>\n<li>Mo\u017eno umiestni\u0165 kamko\u013evek, \u010do z neho rob\u00ed najuniverz\u00e1lnej\u0161\u00ed Extension pre dodato\u010dn\u00e9 vybavenie projektov.<\/li>\n<li>12 digit\u00e1lnych vstupov:\n<ul>\n<li>0\u201328 V DC.<\/li>\n<li>Mo\u017eno pou\u017ei\u0165 ako frekven\u010dn\u00fd \u010d\u00edta\u010d (max. 200 Hz).<\/li>\n<\/ul>\n<\/li>\n<li>V\u00fdstupy:\n<ul>\n<li>8\u00d7 digit\u00e1lny: rel\u00e9ov\u00e9, bistabiln\u00e9, bezpotenci\u00e1lov\u00e9.<\/li>\n<li>4\u00d7 PWM: 2,1 A na kan\u00e1l (DC 12\u201328 V).<\/li>\n<\/ul>\n<\/li>\n<li>1-Wire rozhranie:\n<ul>\n<li>Podpora a\u017e 20 senzorov (max. 50 mA).<\/li>\n<\/ul>\n<\/li>\n<\/ul>\n","protected":false},"featured_media":1838,"template":"","meta":[],"location":[],"product_brand":[],"product_cat":[383,382,348,381],"product_tag":[],"class_list":{"0":"post-590","1":"product","2":"type-product","3":"status-publish","4":"has-post-thumbnail","6":"product_cat-air-extensiony-rozhrania","7":"product_cat-9-deliacich-jednotiek","8":"product_cat-klima","9":"product_cat-1-wire","11":"first","12":"instock","13":"sold-individually","14":"taxable","15":"shipping-taxable","16":"purchasable","17":"product-type-simple"},"locations":[],"_links":{"self":[{"href":"https:\/\/loxone.ctw.sk\/index.php\/wp-json\/wp\/v2\/product\/590","targetHints":{"allow":["GET"]}}],"collection":[{"href":"https:\/\/loxone.ctw.sk\/index.php\/wp-json\/wp\/v2\/product"}],"about":[{"href":"https:\/\/loxone.ctw.sk\/index.php\/wp-json\/wp\/v2\/types\/product"}],"wp:featuredmedia":[{"embeddable":true,"href":"https:\/\/loxone.ctw.sk\/index.php\/wp-json\/wp\/v2\/media\/1838"}],"wp:attachment":[{"href":"https:\/\/loxone.ctw.sk\/index.php\/wp-json\/wp\/v2\/media?parent=590"}],"wp:term":[{"taxonomy":"location","embeddable":true,"href":"https:\/\/loxone.ctw.sk\/index.php\/wp-json\/wp\/v2\/location?post=590"},{"taxonomy":"product_brand","embeddable":true,"href":"https:\/\/loxone.ctw.sk\/index.php\/wp-json\/wp\/v2\/product_brand?post=590"},{"taxonomy":"product_cat","embeddable":true,"href":"https:\/\/loxone.ctw.sk\/index.php\/wp-json\/wp\/v2\/product_cat?post=590"},{"taxonomy":"product_tag","embeddable":true,"href":"https:\/\/loxone.ctw.sk\/index.php\/wp-json\/wp\/v2\/product_tag?post=590"}],"curies":[{"name":"wp","href":"https:\/\/api.w.org\/{rel}","templated":true}]}}