{"id":594,"date":"2026-01-09T10:29:14","date_gmt":"2026-01-09T09:29:14","guid":{"rendered":"https:\/\/shop.dohlad.info\/index.php\/product\/modbus-extension\/"},"modified":"2026-02-09T00:17:04","modified_gmt":"2026-02-08T23:17:04","slug":"modbus-extension","status":"publish","type":"product","link":"https:\/\/loxone.ctw.sk\/index.php\/product\/modbus-extension\/","title":{"rendered":"Modbus Extension"},"content":{"rendered":"<p>Loxone Modbus Extension umo\u017e\u0148uje<strong> integr\u00e1ciu zariaden\u00ed s rozhran\u00edm Modbus RTU<\/strong>, ako s\u00fa plynomery, elektromery, vodomery alebo energetick\u00e9 mera\u010de. Umo\u017e\u0148uje tak zaznamen\u00e1va\u0165 d\u00e1ta o spotrebe pre inteligentn\u00fd energetick\u00fd mana\u017ement.<\/p>\n<p><strong>Vlastnosti:<\/strong><\/p>\n<ul>\n<li>A\u017e 32 zariaden\u00ed, celkom a\u017e 253 senzorov.<\/li>\n<li>Nastavite\u013en\u00e1 prenosov\u00e1 r\u00fdchlos\u0165 a parita.<\/li>\n<li>Podporovan\u00e9 d\u00e1tov\u00e9 typy: 16 a 32 bitov.<\/li>\n<li>Cyklus dopytovania a\u017e 1 s (0,1 s).<\/li>\n<\/ul>\n","protected":false},"excerpt":{"rendered":"<p>Loxone Modbus Extension umo\u017e\u0148uje<strong> integr\u00e1ciu zariaden\u00ed s rozhran\u00edm Modbus RTU<\/strong>, ako s\u00fa plynomery, elektromery, vodomery alebo energetick\u00e9 mera\u010de. Umo\u017e\u0148uje tak zaznamen\u00e1va\u0165 d\u00e1ta o spotrebe pre inteligentn\u00fd energetick\u00fd mana\u017ement.<\/p>\n<p>&nbsp;<\/p>\n","protected":false},"featured_media":1839,"template":"","meta":[],"location":[],"product_brand":[],"product_cat":[365,366,339,348,380],"product_tag":[],"class_list":{"0":"post-594","1":"product","2":"type-product","3":"status-publish","4":"has-post-thumbnail","6":"product_cat-link","7":"product_cat-2-deliace-jednotky","8":"product_cat-elektromer","9":"product_cat-klima","10":"product_cat-link-klima-tienenie","12":"first","13":"instock","14":"sold-individually","15":"taxable","16":"shipping-taxable","17":"purchasable","18":"product-type-simple"},"locations":[],"_links":{"self":[{"href":"https:\/\/loxone.ctw.sk\/index.php\/wp-json\/wp\/v2\/product\/594","targetHints":{"allow":["GET"]}}],"collection":[{"href":"https:\/\/loxone.ctw.sk\/index.php\/wp-json\/wp\/v2\/product"}],"about":[{"href":"https:\/\/loxone.ctw.sk\/index.php\/wp-json\/wp\/v2\/types\/product"}],"wp:featuredmedia":[{"embeddable":true,"href":"https:\/\/loxone.ctw.sk\/index.php\/wp-json\/wp\/v2\/media\/1839"}],"wp:attachment":[{"href":"https:\/\/loxone.ctw.sk\/index.php\/wp-json\/wp\/v2\/media?parent=594"}],"wp:term":[{"taxonomy":"location","embeddable":true,"href":"https:\/\/loxone.ctw.sk\/index.php\/wp-json\/wp\/v2\/location?post=594"},{"taxonomy":"product_brand","embeddable":true,"href":"https:\/\/loxone.ctw.sk\/index.php\/wp-json\/wp\/v2\/product_brand?post=594"},{"taxonomy":"product_cat","embeddable":true,"href":"https:\/\/loxone.ctw.sk\/index.php\/wp-json\/wp\/v2\/product_cat?post=594"},{"taxonomy":"product_tag","embeddable":true,"href":"https:\/\/loxone.ctw.sk\/index.php\/wp-json\/wp\/v2\/product_tag?post=594"}],"curies":[{"name":"wp","href":"https:\/\/api.w.org\/{rel}","templated":true}]}}