{"id":603,"date":"2026-01-09T10:29:14","date_gmt":"2026-01-09T09:29:14","guid":{"rendered":"https:\/\/shop.dohlad.info\/index.php\/product\/detektor-dymu-air\/"},"modified":"2026-02-10T00:49:17","modified_gmt":"2026-02-09T23:49:17","slug":"detektor-dymu-air","status":"publish","type":"product","link":"https:\/\/loxone.ctw.sk\/index.php\/product\/detektor-dymu-air\/","title":{"rendered":"Detektor dymu Air"},"content":{"rendered":"<p class=\"ListContainerWrapper SCXW11721293 BCX8\">Detektor dymu od Loxone s integrovanou technol\u00f3giou Air <strong>spo\u013eahlivo rozpozn\u00e1 z\u00e1rodky dymu<\/strong> a zais\u0165uje tak vy\u0161\u0161iu bezpe\u010dnos\u0165 vo va\u0161ej budove. Detektor dymu Air je certifikovan\u00fd pod\u013ea normy <strong>EN14604.<\/strong><\/p>\n<p class=\"ListContainerWrapper SCXW11721293 BCX8\"><strong>Technick\u00e9 detaily:<\/strong><\/p>\n<ul>\n<li>Prev\u00e1dzkov\u00e9 nap\u00e4tie: 9VDC \u2013 s\u00fa\u010das\u0165ou balenia je bat\u00e9ria s dlhou \u017eivotnos\u0165ou.<\/li>\n<li>Princ\u00edp detekcie: Tyndallov jav (optick\u00fd).<\/li>\n<li>Indik\u00e1cia alarmu: optick\u00e1 (\u010derven\u00e1 LED) a akustick\u00e1 (sign\u00e1l &gt; 85 dB(A) na 3 m).<\/li>\n<li>Maxim\u00e1lna plocha monitorovania: 60 m\u00b2 do v\u00fd\u0161ky 6 m.<\/li>\n<li>Stupe\u0148 krytia: IP40.<\/li>\n<li>Rozmery: 56 mm (vr\u00e1tane z\u00e1kladne) \u00d7 110 mm.<\/li>\n<\/ul>\n","protected":false},"excerpt":{"rendered":"<p class=\"ListContainerWrapper SCXW11721293 BCX8\">Detektor dymu od Loxone s integrovanou technol\u00f3giou Air <strong>spo\u013eahlivo rozpozn\u00e1 z\u00e1rodky dymu<\/strong> a zais\u0165uje tak vy\u0161\u0161iu bezpe\u010dnos\u0165 vo va\u0161ej budove. Detektor dymu Air je certifikovan\u00fd pod\u013ea normy <strong>EN14604.<\/strong><\/p>\n<p>&nbsp;<\/p>\n","protected":false},"featured_media":604,"template":"","meta":[],"location":[],"product_brand":[],"product_cat":[344,345],"product_tag":[],"class_list":{"0":"post-603","1":"product","2":"type-product","3":"status-publish","4":"has-post-thumbnail","6":"product_cat-air-pristup-zabezpecenie","7":"product_cat-zabezpecenie","9":"first","10":"instock","11":"sold-individually","12":"taxable","13":"shipping-taxable","14":"purchasable","15":"product-type-simple"},"locations":[],"_links":{"self":[{"href":"https:\/\/loxone.ctw.sk\/index.php\/wp-json\/wp\/v2\/product\/603","targetHints":{"allow":["GET"]}}],"collection":[{"href":"https:\/\/loxone.ctw.sk\/index.php\/wp-json\/wp\/v2\/product"}],"about":[{"href":"https:\/\/loxone.ctw.sk\/index.php\/wp-json\/wp\/v2\/types\/product"}],"wp:featuredmedia":[{"embeddable":true,"href":"https:\/\/loxone.ctw.sk\/index.php\/wp-json\/wp\/v2\/media\/604"}],"wp:attachment":[{"href":"https:\/\/loxone.ctw.sk\/index.php\/wp-json\/wp\/v2\/media?parent=603"}],"wp:term":[{"taxonomy":"location","embeddable":true,"href":"https:\/\/loxone.ctw.sk\/index.php\/wp-json\/wp\/v2\/location?post=603"},{"taxonomy":"product_brand","embeddable":true,"href":"https:\/\/loxone.ctw.sk\/index.php\/wp-json\/wp\/v2\/product_brand?post=603"},{"taxonomy":"product_cat","embeddable":true,"href":"https:\/\/loxone.ctw.sk\/index.php\/wp-json\/wp\/v2\/product_cat?post=603"},{"taxonomy":"product_tag","embeddable":true,"href":"https:\/\/loxone.ctw.sk\/index.php\/wp-json\/wp\/v2\/product_tag?post=603"}],"curies":[{"name":"wp","href":"https:\/\/api.w.org\/{rel}","templated":true}]}}