{"id":608,"date":"2026-01-09T10:29:49","date_gmt":"2026-01-09T09:29:49","guid":{"rendered":"https:\/\/shop.dohlad.info\/index.php\/product\/dali-extension\/"},"modified":"2026-02-09T00:24:20","modified_gmt":"2026-02-08T23:24:20","slug":"dali-extension","status":"publish","type":"product","link":"https:\/\/loxone.ctw.sk\/index.php\/product\/dali-extension\/","title":{"rendered":"DALI Extension"},"content":{"rendered":"<p>DALI je \u0161tandardizovan\u00e9 k\u00e1blov\u00e9 <strong>rozhranie pre osvetlenie<\/strong>, na ktor\u00e9 vs\u00e1dza mnoho v\u00fdrobcov svietidiel. Prvok Loxone DALI Extension integruje tieto produkty do ekosyst\u00e9mu Loxone a je schopn\u00fd ovl\u00e1da\u0165 a\u017e<strong> 64 zariaden\u00ed <\/strong>DALI.<\/p>\n<p><strong>\u00a0Funkcie:<\/strong><\/p>\n<ul>\n<li>A\u017e 64 zariaden\u00ed DALI \/ 16 skup\u00edn.<\/li>\n<li>D\u013a\u017eka k\u00e1bla a\u017e 300 m.<\/li>\n<li>Podporuje typy zariaden\u00ed DALI 0-8.<\/li>\n<li>Podporuje typy in\u0161tanci\u00ed DALI-2 1-4.<\/li>\n<li>Integrovan\u00fd nap\u00e1jac\u00ed zdroj DALI (mo\u017eno vypn\u00fa\u0165).<\/li>\n<li>Certifik\u00e1cia pod\u013ea DALI-2 (podporuje svietidl\u00e1 DALI\/DALI-2 a v\u00fdhradne senzory s certifik\u00e1ciou DALI-2)<\/li>\n<li>Podporuje DALI Broadcast<\/li>\n<\/ul>\n","protected":false},"excerpt":{"rendered":"<p>DALI je \u0161tandardizovan\u00e9 k\u00e1blov\u00e9 <strong>rozhranie pre osvetlenie<\/strong>, na ktor\u00e9 vs\u00e1dza mnoho v\u00fdrobcov svietidiel. Prvok Loxone DALI Extension integruje tieto produkty do ekosyst\u00e9mu Loxone a je schopn\u00fd ovl\u00e1da\u0165 a\u017e<strong> 64 zariaden\u00ed <\/strong>DALI.<\/p>\n<p>&nbsp;<\/p>\n","protected":false},"featured_media":1840,"template":"","meta":[],"location":[],"product_brand":[],"product_cat":[365,366,367],"product_tag":[],"class_list":{"0":"post-608","1":"product","2":"type-product","3":"status-publish","4":"has-post-thumbnail","6":"product_cat-link","7":"product_cat-2-deliace-jednotky","8":"product_cat-dimmer","10":"first","11":"instock","12":"sold-individually","13":"taxable","14":"shipping-taxable","15":"purchasable","16":"product-type-simple"},"locations":[],"_links":{"self":[{"href":"https:\/\/loxone.ctw.sk\/index.php\/wp-json\/wp\/v2\/product\/608","targetHints":{"allow":["GET"]}}],"collection":[{"href":"https:\/\/loxone.ctw.sk\/index.php\/wp-json\/wp\/v2\/product"}],"about":[{"href":"https:\/\/loxone.ctw.sk\/index.php\/wp-json\/wp\/v2\/types\/product"}],"wp:featuredmedia":[{"embeddable":true,"href":"https:\/\/loxone.ctw.sk\/index.php\/wp-json\/wp\/v2\/media\/1840"}],"wp:attachment":[{"href":"https:\/\/loxone.ctw.sk\/index.php\/wp-json\/wp\/v2\/media?parent=608"}],"wp:term":[{"taxonomy":"location","embeddable":true,"href":"https:\/\/loxone.ctw.sk\/index.php\/wp-json\/wp\/v2\/location?post=608"},{"taxonomy":"product_brand","embeddable":true,"href":"https:\/\/loxone.ctw.sk\/index.php\/wp-json\/wp\/v2\/product_brand?post=608"},{"taxonomy":"product_cat","embeddable":true,"href":"https:\/\/loxone.ctw.sk\/index.php\/wp-json\/wp\/v2\/product_cat?post=608"},{"taxonomy":"product_tag","embeddable":true,"href":"https:\/\/loxone.ctw.sk\/index.php\/wp-json\/wp\/v2\/product_tag?post=608"}],"curies":[{"name":"wp","href":"https:\/\/api.w.org\/{rel}","templated":true}]}}