{"id":616,"date":"2026-01-09T10:29:49","date_gmt":"2026-01-09T09:29:49","guid":{"rendered":"https:\/\/shop.dohlad.info\/index.php\/product\/loxone-idc-tool\/"},"modified":"2026-01-09T10:29:53","modified_gmt":"2026-01-09T09:29:53","slug":"loxone-idc-tool","status":"publish","type":"product","link":"https:\/\/loxone.ctw.sk\/index.php\/product\/loxone-idc-tool\/","title":{"rendered":"Loxone IDC Tool"},"content":{"rendered":"<p><strong>Konektor IDC<\/strong> umo\u017e\u0148uje<strong> r\u00fdchle a bezpe\u010dn\u00e9 pripojenie<\/strong> na\u0161ej Loxone Hlavice k Tree a 24V. Je ide\u00e1lny na \u010dist\u00fa a efekt\u00edvnu in\u0161tal\u00e1ciu.<\/p>\n<p>Viac o produkte n\u00e1jdete v <a href=\"https:\/\/pim.loxone.com\/datasheet\/100602-valve-actuator-tree\" rel=\"noopener noreferrer\" target=\"_blank\">dokument\u00e1cii.<\/a><\/p>\n<\/p>\n<p><strong>Odpor\u00fa\u010dan\u00e9 produkty k IDC Tool:<\/strong><\/p>\n<\/p>\n<ul>\n<li><a href=\"https:\/\/shop.loxone.com\/sksk\/product\/100602-valve-actuator-tree\" rel=\"noopener noreferrer\" target=\"_blank\">Loxone Hlavica Tree<\/a><\/li>\n<li><a href=\"https:\/\/shop.loxone.com\/sksk\/product\/100603-valve-actuator-air\" rel=\"noopener noreferrer\" target=\"_blank\">Loxone Hlavica Air<\/a><\/li>\n<\/ul>\n","protected":false},"excerpt":{"rendered":"<p><strong>Konektor IDC<\/strong> umo\u017e\u0148uje<strong> r\u00fdchle a bezpe\u010dn\u00e9 pripojenie<\/strong> na\u0161ej Loxone Hlavice k Tree a 24V. Je ide\u00e1lny na \u010dist\u00fa a efekt\u00edvnu in\u0161tal\u00e1ciu.<\/p>\n<p>Viac o produkte n\u00e1jdete v <a href=\"https:\/\/pim.loxone.com\/datasheet\/100602-valve-actuator-tree\" rel=\"noopener noreferrer\" target=\"_blank\">dokument\u00e1cii.<\/a><\/p>\n<\/p>\n<p><strong>Odpor\u00fa\u010dan\u00e9 produkty k IDC Tool:<\/strong><\/p>\n<\/p>\n<ul>\n<li><a href=\"https:\/\/shop.loxone.com\/sksk\/product\/100602-valve-actuator-tree\" rel=\"noopener noreferrer\" target=\"_blank\">Loxone Hlavica Tree<\/a><\/li>\n<li><a href=\"https:\/\/shop.loxone.com\/sksk\/product\/100603-valve-actuator-air\" rel=\"noopener noreferrer\" target=\"_blank\">Loxone Hlavica Air<\/a><\/li>\n<\/ul>\n","protected":false},"featured_media":617,"template":"","meta":[],"location":[],"product_brand":[],"product_cat":[386],"product_tag":[],"class_list":{"0":"post-616","1":"product","2":"type-product","3":"status-publish","4":"has-post-thumbnail","6":"product_cat-ine-prislusenstvo","8":"first","9":"instock","10":"sold-individually","11":"taxable","12":"shipping-taxable","13":"purchasable","14":"product-type-simple"},"locations":[],"_links":{"self":[{"href":"https:\/\/loxone.ctw.sk\/index.php\/wp-json\/wp\/v2\/product\/616","targetHints":{"allow":["GET"]}}],"collection":[{"href":"https:\/\/loxone.ctw.sk\/index.php\/wp-json\/wp\/v2\/product"}],"about":[{"href":"https:\/\/loxone.ctw.sk\/index.php\/wp-json\/wp\/v2\/types\/product"}],"wp:featuredmedia":[{"embeddable":true,"href":"https:\/\/loxone.ctw.sk\/index.php\/wp-json\/wp\/v2\/media\/617"}],"wp:attachment":[{"href":"https:\/\/loxone.ctw.sk\/index.php\/wp-json\/wp\/v2\/media?parent=616"}],"wp:term":[{"taxonomy":"location","embeddable":true,"href":"https:\/\/loxone.ctw.sk\/index.php\/wp-json\/wp\/v2\/location?post=616"},{"taxonomy":"product_brand","embeddable":true,"href":"https:\/\/loxone.ctw.sk\/index.php\/wp-json\/wp\/v2\/product_brand?post=616"},{"taxonomy":"product_cat","embeddable":true,"href":"https:\/\/loxone.ctw.sk\/index.php\/wp-json\/wp\/v2\/product_cat?post=616"},{"taxonomy":"product_tag","embeddable":true,"href":"https:\/\/loxone.ctw.sk\/index.php\/wp-json\/wp\/v2\/product_tag?post=616"}],"curies":[{"name":"wp","href":"https:\/\/api.w.org\/{rel}","templated":true}]}}