{"id":618,"date":"2026-01-09T10:29:49","date_gmt":"2026-01-09T09:29:49","guid":{"rendered":"https:\/\/shop.dohlad.info\/index.php\/product\/internorm-extension\/"},"modified":"2026-02-09T00:23:32","modified_gmt":"2026-02-08T23:23:32","slug":"internorm-extension","status":"publish","type":"product","link":"https:\/\/loxone.ctw.sk\/index.php\/product\/internorm-extension\/","title":{"rendered":"Internorm Extension"},"content":{"rendered":"<p>Loxone Internorm Extension umo\u017e\u0148uje <strong>integr\u00e1ciu I-tec zariaden\u00ed<\/strong> od v\u00fdrobcu Internorm, ktor\u00e9 podporuj\u00fa bezdr\u00f4tov\u00fd protokol I-tec 1.0.<\/p>\n<p><strong>Vlastnosti:<\/strong><\/p>\n<ul>\n<li>Pln\u00e1 integr\u00e1cia Internorm I-tec vetrania pre realiz\u00e1ciu inteligentn\u00e9ho vetrania obytn\u00fdch priestorov.<\/li>\n<li>Pln\u00e1 integr\u00e1cia I-tec tienenia pre automatick\u00e9 ovl\u00e1danie tienenia.<\/li>\n<li>Pripojenie a\u017e 40 I-tec komponentov od Internorm.<\/li>\n<\/ul>\n","protected":false},"excerpt":{"rendered":"<p>Loxone Internorm Extension umo\u017e\u0148uje <strong>integr\u00e1ciu I-tec zariaden\u00ed<\/strong> od v\u00fdrobcu Internorm, ktor\u00e9 podporuj\u00fa bezdr\u00f4tov\u00fd protokol I-tec 1.0.<\/p>\n<p>&nbsp;<\/p>\n","protected":false},"featured_media":1842,"template":"","meta":[],"location":[],"product_brand":[],"product_cat":[365,366],"product_tag":[],"class_list":{"0":"post-618","1":"product","2":"type-product","3":"status-publish","4":"has-post-thumbnail","6":"product_cat-link","7":"product_cat-2-deliace-jednotky","9":"first","10":"instock","11":"sold-individually","12":"taxable","13":"shipping-taxable","14":"purchasable","15":"product-type-simple"},"locations":[],"_links":{"self":[{"href":"https:\/\/loxone.ctw.sk\/index.php\/wp-json\/wp\/v2\/product\/618","targetHints":{"allow":["GET"]}}],"collection":[{"href":"https:\/\/loxone.ctw.sk\/index.php\/wp-json\/wp\/v2\/product"}],"about":[{"href":"https:\/\/loxone.ctw.sk\/index.php\/wp-json\/wp\/v2\/types\/product"}],"wp:featuredmedia":[{"embeddable":true,"href":"https:\/\/loxone.ctw.sk\/index.php\/wp-json\/wp\/v2\/media\/1842"}],"wp:attachment":[{"href":"https:\/\/loxone.ctw.sk\/index.php\/wp-json\/wp\/v2\/media?parent=618"}],"wp:term":[{"taxonomy":"location","embeddable":true,"href":"https:\/\/loxone.ctw.sk\/index.php\/wp-json\/wp\/v2\/location?post=618"},{"taxonomy":"product_brand","embeddable":true,"href":"https:\/\/loxone.ctw.sk\/index.php\/wp-json\/wp\/v2\/product_brand?post=618"},{"taxonomy":"product_cat","embeddable":true,"href":"https:\/\/loxone.ctw.sk\/index.php\/wp-json\/wp\/v2\/product_cat?post=618"},{"taxonomy":"product_tag","embeddable":true,"href":"https:\/\/loxone.ctw.sk\/index.php\/wp-json\/wp\/v2\/product_tag?post=618"}],"curies":[{"name":"wp","href":"https:\/\/api.w.org\/{rel}","templated":true}]}}