{"id":622,"date":"2026-01-09T10:29:49","date_gmt":"2026-01-09T09:29:49","guid":{"rendered":"https:\/\/shop.dohlad.info\/index.php\/product\/rgbw-24v-dimmer-tree\/"},"modified":"2026-02-10T00:24:10","modified_gmt":"2026-02-09T23:24:10","slug":"rgbw-24v-dimmer-tree","status":"publish","type":"product","link":"https:\/\/loxone.ctw.sk\/index.php\/product\/rgbw-24v-dimmer-tree\/","title":{"rendered":"RGBW 24V Dimmer Tree"},"content":{"rendered":"<p>Loxone RGBW 24V Dimmer Tree m\u00e1 <strong>4 v\u00fdstupy PWM<\/strong> pre stmievanie <strong>n\u00edzkonap\u00e4\u0165ov\u00fdch LED svietidiel.<\/strong><\/p>\n<p><strong>\u00a0Funkcie:<\/strong><\/p>\n<ul>\n<li>4 v\u00fdstupy PWM.<\/li>\n<li>Pre jedine\u010dn\u00e9 farebn\u00e9 osvetlenie RGBW.<\/li>\n<li>Max. d\u013a\u017eka k\u00e1bla k LED: 30 m.<\/li>\n<li>Mo\u017eno pou\u017ei\u0165 na riadenie farebn\u00e9ho svetla RGB alebo RGBW alebo ako samostatn\u00e9 kan\u00e1ly s 50 wattmi na kan\u00e1l (24 V DC).<\/li>\n<\/ul>\n","protected":false},"excerpt":{"rendered":"<p>Loxone RGBW 24V Dimmer Tree m\u00e1 <strong>4 v\u00fdstupy PWM<\/strong> pre stmievanie <strong>n\u00edzkonap\u00e4\u0165ov\u00fdch LED svietidiel.<\/strong><\/p>\n<p>&nbsp;<\/p>\n","protected":false},"featured_media":623,"template":"","meta":[],"location":[],"product_brand":[],"product_cat":[367,387],"product_tag":[],"class_list":{"0":"post-622","1":"product","2":"type-product","3":"status-publish","4":"has-post-thumbnail","6":"product_cat-dimmer","7":"product_cat-tree-osvetlenie","9":"first","10":"instock","11":"sold-individually","12":"taxable","13":"shipping-taxable","14":"purchasable","15":"product-type-simple"},"locations":[],"_links":{"self":[{"href":"https:\/\/loxone.ctw.sk\/index.php\/wp-json\/wp\/v2\/product\/622","targetHints":{"allow":["GET"]}}],"collection":[{"href":"https:\/\/loxone.ctw.sk\/index.php\/wp-json\/wp\/v2\/product"}],"about":[{"href":"https:\/\/loxone.ctw.sk\/index.php\/wp-json\/wp\/v2\/types\/product"}],"wp:featuredmedia":[{"embeddable":true,"href":"https:\/\/loxone.ctw.sk\/index.php\/wp-json\/wp\/v2\/media\/623"}],"wp:attachment":[{"href":"https:\/\/loxone.ctw.sk\/index.php\/wp-json\/wp\/v2\/media?parent=622"}],"wp:term":[{"taxonomy":"location","embeddable":true,"href":"https:\/\/loxone.ctw.sk\/index.php\/wp-json\/wp\/v2\/location?post=622"},{"taxonomy":"product_brand","embeddable":true,"href":"https:\/\/loxone.ctw.sk\/index.php\/wp-json\/wp\/v2\/product_brand?post=622"},{"taxonomy":"product_cat","embeddable":true,"href":"https:\/\/loxone.ctw.sk\/index.php\/wp-json\/wp\/v2\/product_cat?post=622"},{"taxonomy":"product_tag","embeddable":true,"href":"https:\/\/loxone.ctw.sk\/index.php\/wp-json\/wp\/v2\/product_tag?post=622"}],"curies":[{"name":"wp","href":"https:\/\/api.w.org\/{rel}","templated":true}]}}