{"id":627,"date":"2026-01-09T10:29:49","date_gmt":"2026-01-09T09:29:49","guid":{"rendered":"https:\/\/shop.dohlad.info\/index.php\/product\/nano-di-tree\/"},"modified":"2026-01-09T10:29:57","modified_gmt":"2026-01-09T09:29:57","slug":"nano-di-tree","status":"publish","type":"product","link":"https:\/\/loxone.ctw.sk\/index.php\/product\/nano-di-tree\/","title":{"rendered":"Nano DI Tree"},"content":{"rendered":"<p>Loxone Nano DI Tree pon\u00faka 6 digit\u00e1lnych vstupov v kompaktnom module. Je ide\u00e1lny pre <strong>r\u00fdchlu a jednoduch\u00fa integr\u00e1ciu<\/strong> \u013eubovo\u013en\u00fdch sp\u00edna\u010dov, tla\u010didiel, okenn\u00fdch kontaktov a \u010fal\u0161\u00edch prvkov prostredn\u00edctvom technol\u00f3gie Loxone Tree.<\/p>\n<p><strong>Vlastnosti:<\/strong><\/p>\n<ul>\n<li>Vhodn\u00fd pre v\u0161etky be\u017en\u00e9 in\u0161tala\u010dn\u00e9 krabice.<\/li>\n<li>6 digit\u00e1lnych vstupov: ka\u017ed\u00fd vstup je mo\u017en\u00e9 vyu\u017ei\u0165 ako frekven\u010dn\u00fd vstup a\u017e do 500 Hz.<\/li>\n<\/ul>\n","protected":false},"excerpt":{"rendered":"<p>Loxone Nano DI Tree pon\u00faka 6 digit\u00e1lnych vstupov v kompaktnom module. Je ide\u00e1lny pre <strong>r\u00fdchlu a jednoduch\u00fa integr\u00e1ciu<\/strong> \u013eubovo\u013en\u00fdch sp\u00edna\u010dov, tla\u010didiel, okenn\u00fdch kontaktov a \u010fal\u0161\u00edch prvkov prostredn\u00edctvom technol\u00f3gie Loxone Tree.<\/p>\n<p><strong>Vlastnosti:<\/strong><\/p>\n<ul>\n<li>Vhodn\u00fd pre v\u0161etky be\u017en\u00e9 in\u0161tala\u010dn\u00e9 krabice.<\/li>\n<li>6 digit\u00e1lnych vstupov: ka\u017ed\u00fd vstup je mo\u017en\u00e9 vyu\u017ei\u0165 ako frekven\u010dn\u00fd vstup a\u017e do 500 Hz.<\/li>\n<\/ul>\n","protected":false},"featured_media":628,"template":"","meta":[],"location":[],"product_brand":[],"product_cat":[385],"product_tag":[],"class_list":{"0":"post-627","1":"product","2":"type-product","3":"status-publish","4":"has-post-thumbnail","6":"product_cat-tree-extensiony-rozhrania","8":"first","9":"instock","10":"sold-individually","11":"taxable","12":"shipping-taxable","13":"purchasable","14":"product-type-simple"},"locations":[],"_links":{"self":[{"href":"https:\/\/loxone.ctw.sk\/index.php\/wp-json\/wp\/v2\/product\/627","targetHints":{"allow":["GET"]}}],"collection":[{"href":"https:\/\/loxone.ctw.sk\/index.php\/wp-json\/wp\/v2\/product"}],"about":[{"href":"https:\/\/loxone.ctw.sk\/index.php\/wp-json\/wp\/v2\/types\/product"}],"wp:featuredmedia":[{"embeddable":true,"href":"https:\/\/loxone.ctw.sk\/index.php\/wp-json\/wp\/v2\/media\/628"}],"wp:attachment":[{"href":"https:\/\/loxone.ctw.sk\/index.php\/wp-json\/wp\/v2\/media?parent=627"}],"wp:term":[{"taxonomy":"location","embeddable":true,"href":"https:\/\/loxone.ctw.sk\/index.php\/wp-json\/wp\/v2\/location?post=627"},{"taxonomy":"product_brand","embeddable":true,"href":"https:\/\/loxone.ctw.sk\/index.php\/wp-json\/wp\/v2\/product_brand?post=627"},{"taxonomy":"product_cat","embeddable":true,"href":"https:\/\/loxone.ctw.sk\/index.php\/wp-json\/wp\/v2\/product_cat?post=627"},{"taxonomy":"product_tag","embeddable":true,"href":"https:\/\/loxone.ctw.sk\/index.php\/wp-json\/wp\/v2\/product_tag?post=627"}],"curies":[{"name":"wp","href":"https:\/\/api.w.org\/{rel}","templated":true}]}}