{"id":637,"date":"2026-01-09T10:29:49","date_gmt":"2026-01-09T09:29:49","guid":{"rendered":"https:\/\/shop.dohlad.info\/index.php\/product\/touch-surface-air\/"},"modified":"2026-02-10T00:36:04","modified_gmt":"2026-02-09T23:36:04","slug":"touch-surface-air","status":"publish","type":"product","link":"https:\/\/loxone.ctw.sk\/index.php\/product\/touch-surface-air\/","title":{"rendered":"Touch Surface Air"},"content":{"rendered":"<p>Loxone Touch Surface Air pon\u00faka \u0161es\u0165 dotykov\u00fdch bodov na <strong>ovl\u00e1danie k\u013e\u00fa\u010dov\u00fdch funkci\u00ed miestnosti.<\/strong> Pri dotyku sa aktivuje sveteln\u00e1 indik\u00e1cia pomocou LED a zvukov\u00e9 kliknutie ako akustick\u00e1 odozva. Zariadenie je mo\u017en\u00e9 in\u0161talova\u0165 pod nevodiv\u00fd povrch s hr\u00fabkou a\u017e 30 mm, pri\u010dom detekcia dotyku prebieha cez materi\u00e1l. Je mo\u017en\u00e9 vyu\u017ei\u0165 materi\u00e1ly ako kame\u0148, drevo, keramika alebo sklo.<\/p>\n","protected":false},"excerpt":{"rendered":"<p>Loxone Touch Surface Air pon\u00faka \u0161es\u0165 dotykov\u00fdch bodov na <strong>ovl\u00e1danie k\u013e\u00fa\u010dov\u00fdch funkci\u00ed miestnosti.<\/strong><\/p>\n","protected":false},"featured_media":638,"template":"","meta":[],"location":[],"product_brand":[],"product_cat":[337],"product_tag":[],"class_list":{"0":"post-637","1":"product","2":"type-product","3":"status-publish","4":"has-post-thumbnail","6":"product_cat-air","8":"first","9":"instock","10":"sold-individually","11":"taxable","12":"shipping-taxable","13":"purchasable","14":"product-type-simple"},"locations":[],"_links":{"self":[{"href":"https:\/\/loxone.ctw.sk\/index.php\/wp-json\/wp\/v2\/product\/637","targetHints":{"allow":["GET"]}}],"collection":[{"href":"https:\/\/loxone.ctw.sk\/index.php\/wp-json\/wp\/v2\/product"}],"about":[{"href":"https:\/\/loxone.ctw.sk\/index.php\/wp-json\/wp\/v2\/types\/product"}],"wp:featuredmedia":[{"embeddable":true,"href":"https:\/\/loxone.ctw.sk\/index.php\/wp-json\/wp\/v2\/media\/638"}],"wp:attachment":[{"href":"https:\/\/loxone.ctw.sk\/index.php\/wp-json\/wp\/v2\/media?parent=637"}],"wp:term":[{"taxonomy":"location","embeddable":true,"href":"https:\/\/loxone.ctw.sk\/index.php\/wp-json\/wp\/v2\/location?post=637"},{"taxonomy":"product_brand","embeddable":true,"href":"https:\/\/loxone.ctw.sk\/index.php\/wp-json\/wp\/v2\/product_brand?post=637"},{"taxonomy":"product_cat","embeddable":true,"href":"https:\/\/loxone.ctw.sk\/index.php\/wp-json\/wp\/v2\/product_cat?post=637"},{"taxonomy":"product_tag","embeddable":true,"href":"https:\/\/loxone.ctw.sk\/index.php\/wp-json\/wp\/v2\/product_tag?post=637"}],"curies":[{"name":"wp","href":"https:\/\/api.w.org\/{rel}","templated":true}]}}