{"id":652,"date":"2026-01-09T10:29:49","date_gmt":"2026-01-09T09:29:49","guid":{"rendered":"https:\/\/shop.dohlad.info\/index.php\/product\/knx-extension\/"},"modified":"2026-02-09T00:23:21","modified_gmt":"2026-02-08T23:23:21","slug":"knx-extension","status":"publish","type":"product","link":"https:\/\/loxone.ctw.sk\/index.php\/product\/knx-extension\/","title":{"rendered":"KNX Extension"},"content":{"rendered":"<p>Loxone KNX Extension umo\u017e\u0148uje integr\u00e1ciu <strong>zariaden\u00ed s rozhran\u00edm KNX.<\/strong><\/p>\n<p><strong>Vlastnosti:<\/strong><\/p>\n<ul>\n<li>Integr\u00e1cia a\u017e 500 skup\u00edn adries KNX.<\/li>\n<li>Odosielanie a prij\u00edmanie skup\u00edn adries r\u00f4znych d\u00e1tov\u00fdch typov.<\/li>\n<li>D\u013a\u017eka k\u00e1bla a\u017e na nap\u00e1janie KNX: max. 350 m.<\/li>\n<li>D\u013a\u017eka k\u00e1bla a\u017e k prv\u00e9mu zariadeniu KNX: max. 700 m.<\/li>\n<li>Celkov\u00e1 d\u013a\u017eka k\u00e1bla KNX Bus: max. 1000 m.<\/li>\n<\/ul>\n","protected":false},"excerpt":{"rendered":"<p>Loxone KNX Extension umo\u017e\u0148uje integr\u00e1ciu <strong>zariaden\u00ed s rozhran\u00edm KNX.<\/strong><\/p>\n<p>&nbsp;<\/p>\n","protected":false},"featured_media":1847,"template":"","meta":[],"location":[],"product_brand":[],"product_cat":[365,366],"product_tag":[],"class_list":{"0":"post-652","1":"product","2":"type-product","3":"status-publish","4":"has-post-thumbnail","6":"product_cat-link","7":"product_cat-2-deliace-jednotky","9":"first","10":"instock","11":"sold-individually","12":"taxable","13":"shipping-taxable","14":"purchasable","15":"product-type-simple"},"locations":[],"_links":{"self":[{"href":"https:\/\/loxone.ctw.sk\/index.php\/wp-json\/wp\/v2\/product\/652","targetHints":{"allow":["GET"]}}],"collection":[{"href":"https:\/\/loxone.ctw.sk\/index.php\/wp-json\/wp\/v2\/product"}],"about":[{"href":"https:\/\/loxone.ctw.sk\/index.php\/wp-json\/wp\/v2\/types\/product"}],"wp:featuredmedia":[{"embeddable":true,"href":"https:\/\/loxone.ctw.sk\/index.php\/wp-json\/wp\/v2\/media\/1847"}],"wp:attachment":[{"href":"https:\/\/loxone.ctw.sk\/index.php\/wp-json\/wp\/v2\/media?parent=652"}],"wp:term":[{"taxonomy":"location","embeddable":true,"href":"https:\/\/loxone.ctw.sk\/index.php\/wp-json\/wp\/v2\/location?post=652"},{"taxonomy":"product_brand","embeddable":true,"href":"https:\/\/loxone.ctw.sk\/index.php\/wp-json\/wp\/v2\/product_brand?post=652"},{"taxonomy":"product_cat","embeddable":true,"href":"https:\/\/loxone.ctw.sk\/index.php\/wp-json\/wp\/v2\/product_cat?post=652"},{"taxonomy":"product_tag","embeddable":true,"href":"https:\/\/loxone.ctw.sk\/index.php\/wp-json\/wp\/v2\/product_tag?post=652"}],"curies":[{"name":"wp","href":"https:\/\/api.w.org\/{rel}","templated":true}]}}