{"id":656,"date":"2026-01-09T10:29:49","date_gmt":"2026-01-09T09:29:49","guid":{"rendered":"https:\/\/shop.dohlad.info\/index.php\/product\/battery-pack-pre-touch-surface-air\/"},"modified":"2026-01-09T10:30:12","modified_gmt":"2026-01-09T09:30:12","slug":"battery-pack-pre-touch-surface-air","status":"publish","type":"product","link":"https:\/\/loxone.ctw.sk\/index.php\/product\/battery-pack-pre-touch-surface-air\/","title":{"rendered":"Battery Pack pre Touch Surface Air"},"content":{"rendered":"<p>Dr\u017eiak bat\u00e9ri\u00ed poskytuje 100% flexibilitu, nepotrebujete \u017eiadnu \u010fal\u0161iu kabel\u00e1\u017e. Obsahuje 4\u00d7 AA bat\u00e9rie, ktor\u00e9 zais\u0165uj\u00fa dlh\u00fa \u017eivotnos\u0165 bez trval\u00e9ho nap\u00e1jania k\u00e1blom. Dr\u017eiak bat\u00e9rie sa \u013eahko prip\u00e1ja a sp\u013a\u0148a triedu krytia IP20. S\u00fa\u010das\u0165ou je aj <strong>k\u00e1bel<\/strong> s d\u013a\u017ekou 1 m s prie\u017eezom 0,4 mm\u00b2.<\/p>\n","protected":false},"excerpt":{"rendered":"<p>Dr\u017eiak bat\u00e9ri\u00ed poskytuje 100% flexibilitu, nepotrebujete \u017eiadnu \u010fal\u0161iu kabel\u00e1\u017e. Obsahuje 4\u00d7 AA bat\u00e9rie, ktor\u00e9 zais\u0165uj\u00fa dlh\u00fa \u017eivotnos\u0165 bez trval\u00e9ho nap\u00e1jania k\u00e1blom. Dr\u017eiak bat\u00e9rie sa \u013eahko prip\u00e1ja a sp\u013a\u0148a triedu krytia IP20. S\u00fa\u010das\u0165ou je aj <strong>k\u00e1bel<\/strong> s d\u013a\u017ekou 1 m s prie\u017eezom 0,4 mm\u00b2.<\/p>\n","protected":false},"featured_media":657,"template":"","meta":[],"location":[],"product_brand":[],"product_cat":[370],"product_tag":[],"class_list":{"0":"post-656","1":"product","2":"type-product","3":"status-publish","4":"has-post-thumbnail","6":"product_cat-baterie","8":"first","9":"instock","10":"sold-individually","11":"taxable","12":"shipping-taxable","13":"purchasable","14":"product-type-simple"},"locations":[],"_links":{"self":[{"href":"https:\/\/loxone.ctw.sk\/index.php\/wp-json\/wp\/v2\/product\/656","targetHints":{"allow":["GET"]}}],"collection":[{"href":"https:\/\/loxone.ctw.sk\/index.php\/wp-json\/wp\/v2\/product"}],"about":[{"href":"https:\/\/loxone.ctw.sk\/index.php\/wp-json\/wp\/v2\/types\/product"}],"wp:featuredmedia":[{"embeddable":true,"href":"https:\/\/loxone.ctw.sk\/index.php\/wp-json\/wp\/v2\/media\/657"}],"wp:attachment":[{"href":"https:\/\/loxone.ctw.sk\/index.php\/wp-json\/wp\/v2\/media?parent=656"}],"wp:term":[{"taxonomy":"location","embeddable":true,"href":"https:\/\/loxone.ctw.sk\/index.php\/wp-json\/wp\/v2\/location?post=656"},{"taxonomy":"product_brand","embeddable":true,"href":"https:\/\/loxone.ctw.sk\/index.php\/wp-json\/wp\/v2\/product_brand?post=656"},{"taxonomy":"product_cat","embeddable":true,"href":"https:\/\/loxone.ctw.sk\/index.php\/wp-json\/wp\/v2\/product_cat?post=656"},{"taxonomy":"product_tag","embeddable":true,"href":"https:\/\/loxone.ctw.sk\/index.php\/wp-json\/wp\/v2\/product_tag?post=656"}],"curies":[{"name":"wp","href":"https:\/\/api.w.org\/{rel}","templated":true}]}}