{"id":667,"date":"2026-01-09T10:29:49","date_gmt":"2026-01-09T09:29:49","guid":{"rendered":"https:\/\/shop.dohlad.info\/index.php\/product\/touch-grill-classic-air\/"},"modified":"2026-02-10T00:36:15","modified_gmt":"2026-02-09T23:36:15","slug":"touch-grill-classic-air","status":"publish","type":"product","link":"https:\/\/loxone.ctw.sk\/index.php\/product\/touch-grill-classic-air\/","title":{"rendered":"Touch &#038; Grill Classic Air"},"content":{"rendered":"<p>Loxone Touch &amp; Grill Air je <strong>grilovac\u00ed teplomer s dvoma teplotn\u00fdmi \u010didlami<\/strong>, siedmimi dotykov\u00fdmi bodmi, \u010dasova\u010dom a teplotn\u00fdm alarmom.<\/p>\n<p>Pre najlep\u0161\u00ed pou\u017e\u00edvate\u013esk\u00fd z\u00e1\u017eitok vo va\u0161ich projektoch odpor\u00fa\u010dame: Odteraz si doprajte <a href=\"https:\/\/shop.loxone.com\/sksk\/product\/100806-touch-grill-air\" target=\"_blank\" rel=\"noopener noreferrer\">nov\u00fd Touch &amp; Gri<\/a><a href=\"https:\/\/shop.loxone.com\/sksk\/product\/100792-touch-pure-tree-white\" target=\"_blank\" rel=\"noopener noreferrer\">ll.<\/a> Prepracovan\u00fd dizajn zais\u0165uje intuit\u00edvne ovl\u00e1danie a dokonale lad\u00ed s modern\u00fdmi interi\u00e9rmi.<\/p>\n","protected":false},"excerpt":{"rendered":"<p>Loxone Touch &amp; Grill Air je <strong>grilovac\u00ed teplomer s dvoma teplotn\u00fdmi \u010didlami<\/strong>, siedmimi dotykov\u00fdmi bodmi, \u010dasova\u010dom a teplotn\u00fdm alarmom.<\/p>\n<p>&nbsp;<\/p>\n","protected":false},"featured_media":668,"template":"","meta":[],"location":[],"product_brand":[],"product_cat":[337],"product_tag":[],"class_list":{"0":"post-667","1":"product","2":"type-product","3":"status-publish","4":"has-post-thumbnail","6":"product_cat-air","8":"first","9":"instock","10":"sold-individually","11":"taxable","12":"shipping-taxable","13":"purchasable","14":"product-type-simple"},"locations":[],"_links":{"self":[{"href":"https:\/\/loxone.ctw.sk\/index.php\/wp-json\/wp\/v2\/product\/667","targetHints":{"allow":["GET"]}}],"collection":[{"href":"https:\/\/loxone.ctw.sk\/index.php\/wp-json\/wp\/v2\/product"}],"about":[{"href":"https:\/\/loxone.ctw.sk\/index.php\/wp-json\/wp\/v2\/types\/product"}],"wp:featuredmedia":[{"embeddable":true,"href":"https:\/\/loxone.ctw.sk\/index.php\/wp-json\/wp\/v2\/media\/668"}],"wp:attachment":[{"href":"https:\/\/loxone.ctw.sk\/index.php\/wp-json\/wp\/v2\/media?parent=667"}],"wp:term":[{"taxonomy":"location","embeddable":true,"href":"https:\/\/loxone.ctw.sk\/index.php\/wp-json\/wp\/v2\/location?post=667"},{"taxonomy":"product_brand","embeddable":true,"href":"https:\/\/loxone.ctw.sk\/index.php\/wp-json\/wp\/v2\/product_brand?post=667"},{"taxonomy":"product_cat","embeddable":true,"href":"https:\/\/loxone.ctw.sk\/index.php\/wp-json\/wp\/v2\/product_cat?post=667"},{"taxonomy":"product_tag","embeddable":true,"href":"https:\/\/loxone.ctw.sk\/index.php\/wp-json\/wp\/v2\/product_tag?post=667"}],"curies":[{"name":"wp","href":"https:\/\/api.w.org\/{rel}","templated":true}]}}