{"id":672,"date":"2026-01-09T10:29:49","date_gmt":"2026-01-09T09:29:49","guid":{"rendered":"https:\/\/shop.dohlad.info\/index.php\/product\/rollup-collage\/"},"modified":"2026-01-09T10:30:18","modified_gmt":"2026-01-09T09:30:18","slug":"rollup-collage","status":"publish","type":"product","link":"https:\/\/loxone.ctw.sk\/index.php\/product\/rollup-collage\/","title":{"rendered":"Rollup Collage"},"content":{"rendered":"<p>Loxone Rollup je ide\u00e1lny pre predajn\u00e9 priestory, ve\u013etrhy a prezent\u00e1ciu produktov. V\u010faka praktickej ta\u0161ke a stojanu, ktor\u00e9 s\u00fa s\u00fa\u010das\u0165ou balenia, je mo\u017en\u00e9 rollup \u013eahko skladova\u0165 a prepravova\u0165. Rollup sa vytiahne zo stojana a pripevn\u00ed sa k zadnej ty\u010di (je s\u00fa\u010das\u0165ou prepravnej ta\u0161ky).<\/p>\n<ul>\n<li>Rozmery: 80 cm na \u0161\u00edrku a 200 cm na v\u00fd\u0161ku.<\/li>\n<\/ul>\n","protected":false},"excerpt":{"rendered":"<p>Loxone Rollup je ide\u00e1lny pre predajn\u00e9 priestory, ve\u013etrhy a prezent\u00e1ciu produktov. V\u010faka praktickej ta\u0161ke a stojanu, ktor\u00e9 s\u00fa s\u00fa\u010das\u0165ou balenia, je mo\u017en\u00e9 rollup \u013eahko skladova\u0165 a prepravova\u0165. Rollup sa vytiahne zo stojana a pripevn\u00ed sa k zadnej ty\u010di (je s\u00fa\u010das\u0165ou prepravnej ta\u0161ky).<\/p>\n<ul>\n<li>Rozmery: 80 cm na \u0161\u00edrku a 200 cm na v\u00fd\u0161ku.<\/li>\n<\/ul>\n","protected":false},"featured_media":673,"template":"","meta":[],"location":[],"product_brand":[],"product_cat":[369],"product_tag":[],"class_list":{"0":"post-672","1":"product","2":"type-product","3":"status-publish","4":"has-post-thumbnail","6":"product_cat-other","8":"first","9":"instock","10":"sold-individually","11":"taxable","12":"shipping-taxable","13":"purchasable","14":"product-type-simple"},"locations":[],"_links":{"self":[{"href":"https:\/\/loxone.ctw.sk\/index.php\/wp-json\/wp\/v2\/product\/672","targetHints":{"allow":["GET"]}}],"collection":[{"href":"https:\/\/loxone.ctw.sk\/index.php\/wp-json\/wp\/v2\/product"}],"about":[{"href":"https:\/\/loxone.ctw.sk\/index.php\/wp-json\/wp\/v2\/types\/product"}],"wp:featuredmedia":[{"embeddable":true,"href":"https:\/\/loxone.ctw.sk\/index.php\/wp-json\/wp\/v2\/media\/673"}],"wp:attachment":[{"href":"https:\/\/loxone.ctw.sk\/index.php\/wp-json\/wp\/v2\/media?parent=672"}],"wp:term":[{"taxonomy":"location","embeddable":true,"href":"https:\/\/loxone.ctw.sk\/index.php\/wp-json\/wp\/v2\/location?post=672"},{"taxonomy":"product_brand","embeddable":true,"href":"https:\/\/loxone.ctw.sk\/index.php\/wp-json\/wp\/v2\/product_brand?post=672"},{"taxonomy":"product_cat","embeddable":true,"href":"https:\/\/loxone.ctw.sk\/index.php\/wp-json\/wp\/v2\/product_cat?post=672"},{"taxonomy":"product_tag","embeddable":true,"href":"https:\/\/loxone.ctw.sk\/index.php\/wp-json\/wp\/v2\/product_tag?post=672"}],"curies":[{"name":"wp","href":"https:\/\/api.w.org\/{rel}","templated":true}]}}