{"id":674,"date":"2026-01-09T10:29:49","date_gmt":"2026-01-09T09:29:49","guid":{"rendered":"https:\/\/shop.dohlad.info\/index.php\/product\/ao-extension\/"},"modified":"2026-02-09T00:23:09","modified_gmt":"2026-02-08T23:23:09","slug":"ao-extension","status":"publish","type":"product","link":"https:\/\/loxone.ctw.sk\/index.php\/product\/ao-extension\/","title":{"rendered":"AO Extension"},"content":{"rendered":"<p>AO Extension pon\u00faka 4 anal\u00f3gov\u00e9 v\u00fdstupy 0\u201310 V. Je ide\u00e1lny pre vysielanie anal\u00f3gov\u00fdch riadiacich sign\u00e1lov v rozsahu 0\u201310 V. Je mo\u017en\u00e9 ovl\u00e1da\u0165 napr\u00edklad k\u00farenie, elektronick\u00e9 predradn\u00edky, \u010derpadl\u00e1 a mnoho \u010fal\u0161ieho.<\/p>\n<p><strong>Vlastnosti:<\/strong><\/p>\n<ul>\n<li>Okam\u017eit\u00fd v\u00fdkon: max. 20 mA.<\/li>\n<li>Trval\u00fd v\u00fdkon: max. 10 mA.<\/li>\n<li>Rozl\u00ed\u0161enie: 0,1 V.<\/li>\n<\/ul>\n","protected":false},"excerpt":{"rendered":"<p>AO Extension pon\u00faka 4 anal\u00f3gov\u00e9 v\u00fdstupy 0\u201310 V. Je ide\u00e1lny pre vysielanie anal\u00f3gov\u00fdch riadiacich sign\u00e1lov v rozsahu 0\u201310 V. Je mo\u017en\u00e9 ovl\u00e1da\u0165 napr\u00edklad k\u00farenie, elektronick\u00e9 predradn\u00edky, \u010derpadl\u00e1 a mnoho \u010fal\u0161ieho.<\/p>\n<p>&nbsp;<\/p>\n","protected":false},"featured_media":1848,"template":"","meta":[],"location":[],"product_brand":[],"product_cat":[365,366],"product_tag":[],"class_list":{"0":"post-674","1":"product","2":"type-product","3":"status-publish","4":"has-post-thumbnail","6":"product_cat-link","7":"product_cat-2-deliace-jednotky","9":"first","10":"instock","11":"sold-individually","12":"taxable","13":"shipping-taxable","14":"purchasable","15":"product-type-simple"},"locations":[],"_links":{"self":[{"href":"https:\/\/loxone.ctw.sk\/index.php\/wp-json\/wp\/v2\/product\/674","targetHints":{"allow":["GET"]}}],"collection":[{"href":"https:\/\/loxone.ctw.sk\/index.php\/wp-json\/wp\/v2\/product"}],"about":[{"href":"https:\/\/loxone.ctw.sk\/index.php\/wp-json\/wp\/v2\/types\/product"}],"wp:featuredmedia":[{"embeddable":true,"href":"https:\/\/loxone.ctw.sk\/index.php\/wp-json\/wp\/v2\/media\/1848"}],"wp:attachment":[{"href":"https:\/\/loxone.ctw.sk\/index.php\/wp-json\/wp\/v2\/media?parent=674"}],"wp:term":[{"taxonomy":"location","embeddable":true,"href":"https:\/\/loxone.ctw.sk\/index.php\/wp-json\/wp\/v2\/location?post=674"},{"taxonomy":"product_brand","embeddable":true,"href":"https:\/\/loxone.ctw.sk\/index.php\/wp-json\/wp\/v2\/product_brand?post=674"},{"taxonomy":"product_cat","embeddable":true,"href":"https:\/\/loxone.ctw.sk\/index.php\/wp-json\/wp\/v2\/product_cat?post=674"},{"taxonomy":"product_tag","embeddable":true,"href":"https:\/\/loxone.ctw.sk\/index.php\/wp-json\/wp\/v2\/product_tag?post=674"}],"curies":[{"name":"wp","href":"https:\/\/api.w.org\/{rel}","templated":true}]}}