{"id":680,"date":"2026-01-09T10:30:24","date_gmt":"2026-01-09T09:30:24","guid":{"rendered":"https:\/\/shop.dohlad.info\/index.php\/product\/teplotna-sonda-pre-touch-grill-zelena\/"},"modified":"2026-01-09T10:30:25","modified_gmt":"2026-01-09T09:30:25","slug":"teplotna-sonda-pre-touch-grill-zelena","status":"publish","type":"product","link":"https:\/\/loxone.ctw.sk\/index.php\/product\/teplotna-sonda-pre-touch-grill-zelena\/","title":{"rendered":"Teplotn\u00e1 sonda pre Touch &#038; Grill zelen\u00e1"},"content":{"rendered":"<p>Kvalitn\u00e1 teplotn\u00e1 sonda pre Loxone Touch &amp; Grill.<\/p>\n<p><strong>Technick\u00e9 detaily:<\/strong><\/p>\n<ul>\n<li>Rozsah tepl\u00f4t: -15 \u00b0C a\u017e 300 \u00b0C.<\/li>\n<li>D\u013a\u017eka ihly: 9 cm.<\/li>\n<li>D\u013a\u017eka k\u00e1bla: 152 cm vr\u00e1tane nav\u00edja\u010da k\u00e1bla.<\/li>\n<\/ul>\n","protected":false},"excerpt":{"rendered":"<p>Kvalitn\u00e1 teplotn\u00e1 sonda pre Loxone Touch &amp; Grill.<\/p>\n<p><strong>Technick\u00e9 detaily:<\/strong><\/p>\n<ul>\n<li>Rozsah tepl\u00f4t: -15 \u00b0C a\u017e 300 \u00b0C.<\/li>\n<li>D\u013a\u017eka ihly: 9 cm.<\/li>\n<li>D\u013a\u017eka k\u00e1bla: 152 cm vr\u00e1tane nav\u00edja\u010da k\u00e1bla.<\/li>\n<\/ul>\n","protected":false},"featured_media":681,"template":"","meta":[],"location":[],"product_brand":[],"product_cat":[353],"product_tag":[],"class_list":{"0":"post-680","1":"product","2":"type-product","3":"status-publish","4":"has-post-thumbnail","6":"product_cat-senzory-prislusenstvo","8":"first","9":"instock","10":"sold-individually","11":"taxable","12":"shipping-taxable","13":"purchasable","14":"product-type-simple"},"locations":[],"_links":{"self":[{"href":"https:\/\/loxone.ctw.sk\/index.php\/wp-json\/wp\/v2\/product\/680","targetHints":{"allow":["GET"]}}],"collection":[{"href":"https:\/\/loxone.ctw.sk\/index.php\/wp-json\/wp\/v2\/product"}],"about":[{"href":"https:\/\/loxone.ctw.sk\/index.php\/wp-json\/wp\/v2\/types\/product"}],"wp:featuredmedia":[{"embeddable":true,"href":"https:\/\/loxone.ctw.sk\/index.php\/wp-json\/wp\/v2\/media\/681"}],"wp:attachment":[{"href":"https:\/\/loxone.ctw.sk\/index.php\/wp-json\/wp\/v2\/media?parent=680"}],"wp:term":[{"taxonomy":"location","embeddable":true,"href":"https:\/\/loxone.ctw.sk\/index.php\/wp-json\/wp\/v2\/location?post=680"},{"taxonomy":"product_brand","embeddable":true,"href":"https:\/\/loxone.ctw.sk\/index.php\/wp-json\/wp\/v2\/product_brand?post=680"},{"taxonomy":"product_cat","embeddable":true,"href":"https:\/\/loxone.ctw.sk\/index.php\/wp-json\/wp\/v2\/product_cat?post=680"},{"taxonomy":"product_tag","embeddable":true,"href":"https:\/\/loxone.ctw.sk\/index.php\/wp-json\/wp\/v2\/product_tag?post=680"}],"curies":[{"name":"wp","href":"https:\/\/api.w.org\/{rel}","templated":true}]}}