{"id":682,"date":"2026-01-09T10:30:24","date_gmt":"2026-01-09T09:30:24","guid":{"rendered":"https:\/\/shop.dohlad.info\/index.php\/product\/plagaty-4-ks\/"},"modified":"2026-01-09T10:30:26","modified_gmt":"2026-01-09T09:30:26","slug":"plagaty-4-ks","status":"publish","type":"product","link":"https:\/\/loxone.ctw.sk\/index.php\/product\/plagaty-4-ks\/","title":{"rendered":"Plag\u00e1ty (4 ks)"},"content":{"rendered":"<p>Vysoko kvalitn\u00e1 s\u00faprava obsahuje \u0161tyri \u0161t\u00fdlov\u00e9 plag\u00e1ty Loxone v r\u00f4znych dizajnoch. Na vystavenie obr\u00e1zkov odpor\u00fa\u010dame r\u00e1m z dubov\u00e9ho dreva v kombin\u00e1cii s paspartou (v\u00fdrez 50\u00d770 cm).<\/p>\n<ul>\n<li>Balen\u00e9 v rolk\u00e1ch.<\/li>\n<li>Ve\u013ekos\u0165 plag\u00e1tu: 50\u00d770 cm.<\/li>\n<li>Pr\u00e9miov\u00e1 tla\u010d.<\/li>\n<\/ul>\n","protected":false},"excerpt":{"rendered":"<p>Vysoko kvalitn\u00e1 s\u00faprava obsahuje \u0161tyri \u0161t\u00fdlov\u00e9 plag\u00e1ty Loxone v r\u00f4znych dizajnoch. Na vystavenie obr\u00e1zkov odpor\u00fa\u010dame r\u00e1m z dubov\u00e9ho dreva v kombin\u00e1cii s paspartou (v\u00fdrez 50\u00d770 cm).<\/p>\n<ul>\n<li>Balen\u00e9 v rolk\u00e1ch.<\/li>\n<li>Ve\u013ekos\u0165 plag\u00e1tu: 50\u00d770 cm.<\/li>\n<li>Pr\u00e9miov\u00e1 tla\u010d.<\/li>\n<\/ul>\n","protected":false},"featured_media":683,"template":"","meta":[],"location":[],"product_brand":[],"product_cat":[369],"product_tag":[],"class_list":{"0":"post-682","1":"product","2":"type-product","3":"status-publish","4":"has-post-thumbnail","6":"product_cat-other","8":"first","9":"instock","10":"sold-individually","11":"taxable","12":"shipping-taxable","13":"purchasable","14":"product-type-simple"},"locations":[],"_links":{"self":[{"href":"https:\/\/loxone.ctw.sk\/index.php\/wp-json\/wp\/v2\/product\/682","targetHints":{"allow":["GET"]}}],"collection":[{"href":"https:\/\/loxone.ctw.sk\/index.php\/wp-json\/wp\/v2\/product"}],"about":[{"href":"https:\/\/loxone.ctw.sk\/index.php\/wp-json\/wp\/v2\/types\/product"}],"wp:featuredmedia":[{"embeddable":true,"href":"https:\/\/loxone.ctw.sk\/index.php\/wp-json\/wp\/v2\/media\/683"}],"wp:attachment":[{"href":"https:\/\/loxone.ctw.sk\/index.php\/wp-json\/wp\/v2\/media?parent=682"}],"wp:term":[{"taxonomy":"location","embeddable":true,"href":"https:\/\/loxone.ctw.sk\/index.php\/wp-json\/wp\/v2\/location?post=682"},{"taxonomy":"product_brand","embeddable":true,"href":"https:\/\/loxone.ctw.sk\/index.php\/wp-json\/wp\/v2\/product_brand?post=682"},{"taxonomy":"product_cat","embeddable":true,"href":"https:\/\/loxone.ctw.sk\/index.php\/wp-json\/wp\/v2\/product_cat?post=682"},{"taxonomy":"product_tag","embeddable":true,"href":"https:\/\/loxone.ctw.sk\/index.php\/wp-json\/wp\/v2\/product_tag?post=682"}],"curies":[{"name":"wp","href":"https:\/\/api.w.org\/{rel}","templated":true}]}}