{"id":689,"date":"2026-01-09T10:30:24","date_gmt":"2026-01-09T09:30:24","guid":{"rendered":"https:\/\/shop.dohlad.info\/index.php\/product\/sd-karta-s-firmverom-pre-audioserver\/"},"modified":"2026-01-09T10:30:29","modified_gmt":"2026-01-09T09:30:29","slug":"sd-karta-s-firmverom-pre-audioserver","status":"publish","type":"product","link":"https:\/\/loxone.ctw.sk\/index.php\/product\/sd-karta-s-firmverom-pre-audioserver\/","title":{"rendered":"SD karta s firmv\u00e9rom pre Audioserver"},"content":{"rendered":"<p>Priemyseln\u00e1 8GB SD karta je vhodn\u00e1 pre Audioserver. SD karty sa l\u00ed\u0161ia dod\u00e1vanou verziou firmv\u00e9ru, ktor\u00fa <strong>je mo\u017en\u00e9 upravi\u0165 pod\u013ea potreby v Loxone Configu.<\/strong> Pre maxim\u00e1lny v\u00fdkon pristupuje Loxone OS k mnoh\u00fdm n\u00edzko\u00farov\u0148ov\u00fdm funkci\u00e1m karty, \u010do je odli\u0161n\u00e9 napr\u00edklad od digit\u00e1lnych fotoapar\u00e1tov. SD karty podstupuj\u00fa nieko\u013ekot\u00fd\u017ed\u0148ov\u00e9 kvalitat\u00edvne testovanie, ne\u017e s\u00fa uvo\u013enen\u00e9 na predaj a pou\u017eitie.<\/p>\n<p><strong>Vlastnosti:<\/strong><\/p>\n<ul>\n<li>8GB priemyseln\u00e1 Micro-SD karta.<\/li>\n<li>Adapt\u00e9r pre Micro-SD kartu.<\/li>\n<li>A\u017e 60\u00d7 dlh\u0161ia \u017eivotnos\u0165 ako be\u017en\u00e9 SD karty.<\/li>\n<\/ul>\n","protected":false},"excerpt":{"rendered":"<p>Priemyseln\u00e1 8GB SD karta je vhodn\u00e1 pre Audioserver. SD karty sa l\u00ed\u0161ia dod\u00e1vanou verziou firmv\u00e9ru, ktor\u00fa <strong>je mo\u017en\u00e9 upravi\u0165 pod\u013ea potreby v Loxone Configu.<\/strong> Pre maxim\u00e1lny v\u00fdkon pristupuje Loxone OS k mnoh\u00fdm n\u00edzko\u00farov\u0148ov\u00fdm funkci\u00e1m karty, \u010do je odli\u0161n\u00e9 napr\u00edklad od digit\u00e1lnych fotoapar\u00e1tov. SD karty podstupuj\u00fa nieko\u013ekot\u00fd\u017ed\u0148ov\u00e9 kvalitat\u00edvne testovanie, ne\u017e s\u00fa uvo\u013enen\u00e9 na predaj a pou\u017eitie.<\/p>\n<p><strong>Vlastnosti:<\/strong><\/p>\n<ul>\n<li>8GB priemyseln\u00e1 Micro-SD karta.<\/li>\n<li>Adapt\u00e9r pre Micro-SD kartu.<\/li>\n<li>A\u017e 60\u00d7 dlh\u0161ia \u017eivotnos\u0165 ako be\u017en\u00e9 SD karty.<\/li>\n<\/ul>\n","protected":false},"featured_media":690,"template":"","meta":[],"location":[],"product_brand":[],"product_cat":[379],"product_tag":[],"class_list":{"0":"post-689","1":"product","2":"type-product","3":"status-publish","4":"has-post-thumbnail","6":"product_cat-sd-karty-prislusenstvo","8":"first","9":"instock","10":"sold-individually","11":"taxable","12":"shipping-taxable","13":"purchasable","14":"product-type-simple"},"locations":[],"_links":{"self":[{"href":"https:\/\/loxone.ctw.sk\/index.php\/wp-json\/wp\/v2\/product\/689","targetHints":{"allow":["GET"]}}],"collection":[{"href":"https:\/\/loxone.ctw.sk\/index.php\/wp-json\/wp\/v2\/product"}],"about":[{"href":"https:\/\/loxone.ctw.sk\/index.php\/wp-json\/wp\/v2\/types\/product"}],"wp:featuredmedia":[{"embeddable":true,"href":"https:\/\/loxone.ctw.sk\/index.php\/wp-json\/wp\/v2\/media\/690"}],"wp:attachment":[{"href":"https:\/\/loxone.ctw.sk\/index.php\/wp-json\/wp\/v2\/media?parent=689"}],"wp:term":[{"taxonomy":"location","embeddable":true,"href":"https:\/\/loxone.ctw.sk\/index.php\/wp-json\/wp\/v2\/location?post=689"},{"taxonomy":"product_brand","embeddable":true,"href":"https:\/\/loxone.ctw.sk\/index.php\/wp-json\/wp\/v2\/product_brand?post=689"},{"taxonomy":"product_cat","embeddable":true,"href":"https:\/\/loxone.ctw.sk\/index.php\/wp-json\/wp\/v2\/product_cat?post=689"},{"taxonomy":"product_tag","embeddable":true,"href":"https:\/\/loxone.ctw.sk\/index.php\/wp-json\/wp\/v2\/product_tag?post=689"}],"curies":[{"name":"wp","href":"https:\/\/api.w.org\/{rel}","templated":true}]}}