{"id":691,"date":"2026-01-09T10:30:24","date_gmt":"2026-01-09T09:30:24","guid":{"rendered":"https:\/\/shop.dohlad.info\/index.php\/product\/schuco-extension\/"},"modified":"2026-02-09T00:22:39","modified_gmt":"2026-02-08T23:22:39","slug":"schuco-extension","status":"publish","type":"product","link":"https:\/\/loxone.ctw.sk\/index.php\/product\/schuco-extension\/","title":{"rendered":"Sch\u00fcco Extension"},"content":{"rendered":"<p>Loxone Sch\u00fcco Extension umo\u017e\u0148uje integr\u00e1ciu <strong>zariaden\u00ed so zbernicou prvkov Sch\u00fcco.<\/strong><\/p>\n<p><strong>Vlastnosti:<\/strong><\/p>\n<ul>\n<li>Na integr\u00e1ciu a\u017e 30 zariaden\u00ed.<\/li>\n<li>Kompletn\u00e1 integr\u00e1cia okien a posuvn\u00fdch dver\u00ed Sch\u00fcco TipTronic SimplySmart do inteligentnej budovy.<\/li>\n<\/ul>\n","protected":false},"excerpt":{"rendered":"<p>Loxone Sch\u00fcco Extension umo\u017e\u0148uje integr\u00e1ciu <strong>zariaden\u00ed so zbernicou prvkov Sch\u00fcco.<\/strong><\/p>\n<p>&nbsp;<\/p>\n","protected":false},"featured_media":1849,"template":"","meta":[],"location":[],"product_brand":[],"product_cat":[365,366],"product_tag":[],"class_list":{"0":"post-691","1":"product","2":"type-product","3":"status-publish","4":"has-post-thumbnail","6":"product_cat-link","7":"product_cat-2-deliace-jednotky","9":"first","10":"instock","11":"sold-individually","12":"taxable","13":"shipping-taxable","14":"purchasable","15":"product-type-simple"},"locations":[],"_links":{"self":[{"href":"https:\/\/loxone.ctw.sk\/index.php\/wp-json\/wp\/v2\/product\/691","targetHints":{"allow":["GET"]}}],"collection":[{"href":"https:\/\/loxone.ctw.sk\/index.php\/wp-json\/wp\/v2\/product"}],"about":[{"href":"https:\/\/loxone.ctw.sk\/index.php\/wp-json\/wp\/v2\/types\/product"}],"wp:featuredmedia":[{"embeddable":true,"href":"https:\/\/loxone.ctw.sk\/index.php\/wp-json\/wp\/v2\/media\/1849"}],"wp:attachment":[{"href":"https:\/\/loxone.ctw.sk\/index.php\/wp-json\/wp\/v2\/media?parent=691"}],"wp:term":[{"taxonomy":"location","embeddable":true,"href":"https:\/\/loxone.ctw.sk\/index.php\/wp-json\/wp\/v2\/location?post=691"},{"taxonomy":"product_brand","embeddable":true,"href":"https:\/\/loxone.ctw.sk\/index.php\/wp-json\/wp\/v2\/product_brand?post=691"},{"taxonomy":"product_cat","embeddable":true,"href":"https:\/\/loxone.ctw.sk\/index.php\/wp-json\/wp\/v2\/product_cat?post=691"},{"taxonomy":"product_tag","embeddable":true,"href":"https:\/\/loxone.ctw.sk\/index.php\/wp-json\/wp\/v2\/product_tag?post=691"}],"curies":[{"name":"wp","href":"https:\/\/api.w.org\/{rel}","templated":true}]}}