{"id":700,"date":"2026-01-09T10:30:24","date_gmt":"2026-01-09T09:30:24","guid":{"rendered":"https:\/\/shop.dohlad.info\/index.php\/product\/nfc-code-touch-tree-signalna-biela\/"},"modified":"2026-02-10T00:49:03","modified_gmt":"2026-02-09T23:49:03","slug":"nfc-code-touch-tree-signalna-biela","status":"publish","type":"product","link":"https:\/\/loxone.ctw.sk\/index.php\/product\/nfc-code-touch-tree-signalna-biela\/","title":{"rendered":"NFC Code Touch Tree sign\u00e1lna biela"},"content":{"rendered":"<p>Loxone NFC Code Touch Tree je pr\u00edstupov\u00e9 rie\u0161enie s <strong>NFC \u010d\u00edta\u010dkou<\/strong> a <strong>osvetlen\u00fdm \u010d\u00edseln\u00fdm po\u013eom<\/strong> na <strong>sklenenej prednej strane<\/strong>.<\/p>\n<p><strong> Vlastnosti:<\/strong><\/p>\n<ul>\n<li>V kombin\u00e1cii s Loxone Intercom je vytvoren\u00e9 dokonal\u00e9 centrum kontroly pr\u00edstupu<\/li>\n<li>V\u00fdkonn\u00e1 spr\u00e1va pou\u017e\u00edvate\u013eov, a to aj naprie\u010d miestami<\/li>\n<li>Tie\u017e ide\u00e1lne na spr\u00e1vu pracovn\u00e9ho \u010dasu, skrinky, faktur\u00e1ciu, protokolovanie a ove\u013ea viac<\/li>\n<li>Verzia RAL9003<\/li>\n<\/ul>\n","protected":false},"excerpt":{"rendered":"<p>Loxone NFC Code Touch Tree je pr\u00edstupov\u00e9 rie\u0161enie s <strong>NFC \u010d\u00edta\u010dkou<\/strong> a <strong>osvetlen\u00fdm \u010d\u00edseln\u00fdm po\u013eom<\/strong> na <strong>sklenenej prednej strane<\/strong>.<\/p>\n<p>&nbsp;<\/p>\n","protected":false},"featured_media":1850,"template":"","meta":[],"location":[],"product_brand":[],"product_cat":[336,388,371,389,345],"product_tag":[],"class_list":{"0":"post-700","1":"product","2":"type-product","3":"status-publish","4":"has-post-thumbnail","6":"product_cat-tree","7":"product_cat-nfc-ovladanie","8":"product_cat-pristup","9":"product_cat-tree-pristup-zabezpecenie","10":"product_cat-zabezpecenie","12":"first","13":"instock","14":"sold-individually","15":"taxable","16":"shipping-taxable","17":"purchasable","18":"product-type-simple"},"locations":[],"_links":{"self":[{"href":"https:\/\/loxone.ctw.sk\/index.php\/wp-json\/wp\/v2\/product\/700","targetHints":{"allow":["GET"]}}],"collection":[{"href":"https:\/\/loxone.ctw.sk\/index.php\/wp-json\/wp\/v2\/product"}],"about":[{"href":"https:\/\/loxone.ctw.sk\/index.php\/wp-json\/wp\/v2\/types\/product"}],"wp:featuredmedia":[{"embeddable":true,"href":"https:\/\/loxone.ctw.sk\/index.php\/wp-json\/wp\/v2\/media\/1850"}],"wp:attachment":[{"href":"https:\/\/loxone.ctw.sk\/index.php\/wp-json\/wp\/v2\/media?parent=700"}],"wp:term":[{"taxonomy":"location","embeddable":true,"href":"https:\/\/loxone.ctw.sk\/index.php\/wp-json\/wp\/v2\/location?post=700"},{"taxonomy":"product_brand","embeddable":true,"href":"https:\/\/loxone.ctw.sk\/index.php\/wp-json\/wp\/v2\/product_brand?post=700"},{"taxonomy":"product_cat","embeddable":true,"href":"https:\/\/loxone.ctw.sk\/index.php\/wp-json\/wp\/v2\/product_cat?post=700"},{"taxonomy":"product_tag","embeddable":true,"href":"https:\/\/loxone.ctw.sk\/index.php\/wp-json\/wp\/v2\/product_tag?post=700"}],"curies":[{"name":"wp","href":"https:\/\/api.w.org\/{rel}","templated":true}]}}