{"id":710,"date":"2026-01-09T10:30:24","date_gmt":"2026-01-09T09:30:24","guid":{"rendered":"https:\/\/shop.dohlad.info\/index.php\/product\/install-speaker-7-passive\/"},"modified":"2026-02-08T23:27:16","modified_gmt":"2026-02-08T22:27:16","slug":"install-speaker-7-passive","status":"publish","type":"product","link":"https:\/\/loxone.ctw.sk\/index.php\/product\/install-speaker-7-passive\/","title":{"rendered":"Install Speaker 7 Passive"},"content":{"rendered":"<p>Reproduktor Install Speaker 7 Passive zaujme v\u00fdnimo\u010dne rovnomernou \u00farov\u0148ou hlasitosti. To zais\u0165uje <strong>vynikaj\u00facu kvalitu zvuku kdeko\u013evek v miestnosti<\/strong>. Bol navrhnut\u00fd \u0161peci\u00e1lne tak, aby naplno vyu\u017eil potenci\u00e1l Loxone Audioserveru.<\/p>\n<p><strong>Vlastnosti:<\/strong><\/p>\n<ul>\n<li>Koaxi\u00e1lny syst\u00e9m zais\u0165uj\u00faci dokonale rovnomern\u00fa \u00farove\u0148 hlasitosti.<\/li>\n<li>Jednor\u00e1mov\u00e9 prevedenie s maxim\u00e1lnou plochou membr\u00e1ny zais\u0165uje kompaktn\u00fa kon\u0161trukciu s minim\u00e1lnym naru\u0161en\u00edm akustiky.<\/li>\n<li>Vhodn\u00fd pre vn\u00fatorn\u00e9 a chr\u00e1nen\u00e9 vonkaj\u0161ie priestory.<\/li>\n<li>Odpor\u00fa\u010dame jeden reproduktor na 15 m\u00b2 plochy.<\/li>\n<\/ul>\n","protected":false},"excerpt":{"rendered":"<p>Reproduktor Install Speaker 7 Passive zaujme v\u00fdnimo\u010dne rovnomernou \u00farov\u0148ou hlasitosti. To zais\u0165uje <strong>vynikaj\u00facu kvalitu zvuku kdeko\u013evek v miestnosti<\/strong>. Bol navrhnut\u00fd \u0161peci\u00e1lne tak, aby naplno vyu\u017eil potenci\u00e1l Loxone Audioserveru.<\/p>\n<p>&nbsp;<\/p>\n","protected":false},"featured_media":1852,"template":"","meta":[],"location":[],"product_brand":[],"product_cat":[357],"product_tag":[],"class_list":{"0":"post-710","1":"product","2":"type-product","3":"status-publish","4":"has-post-thumbnail","6":"product_cat-pasivne-reproduktory","8":"first","9":"instock","10":"sold-individually","11":"taxable","12":"shipping-taxable","13":"purchasable","14":"product-type-simple"},"locations":[],"_links":{"self":[{"href":"https:\/\/loxone.ctw.sk\/index.php\/wp-json\/wp\/v2\/product\/710","targetHints":{"allow":["GET"]}}],"collection":[{"href":"https:\/\/loxone.ctw.sk\/index.php\/wp-json\/wp\/v2\/product"}],"about":[{"href":"https:\/\/loxone.ctw.sk\/index.php\/wp-json\/wp\/v2\/types\/product"}],"wp:featuredmedia":[{"embeddable":true,"href":"https:\/\/loxone.ctw.sk\/index.php\/wp-json\/wp\/v2\/media\/1852"}],"wp:attachment":[{"href":"https:\/\/loxone.ctw.sk\/index.php\/wp-json\/wp\/v2\/media?parent=710"}],"wp:term":[{"taxonomy":"location","embeddable":true,"href":"https:\/\/loxone.ctw.sk\/index.php\/wp-json\/wp\/v2\/location?post=710"},{"taxonomy":"product_brand","embeddable":true,"href":"https:\/\/loxone.ctw.sk\/index.php\/wp-json\/wp\/v2\/product_brand?post=710"},{"taxonomy":"product_cat","embeddable":true,"href":"https:\/\/loxone.ctw.sk\/index.php\/wp-json\/wp\/v2\/product_cat?post=710"},{"taxonomy":"product_tag","embeddable":true,"href":"https:\/\/loxone.ctw.sk\/index.php\/wp-json\/wp\/v2\/product_tag?post=710"}],"curies":[{"name":"wp","href":"https:\/\/api.w.org\/{rel}","templated":true}]}}