{"id":720,"date":"2026-01-09T10:30:24","date_gmt":"2026-01-09T09:30:24","guid":{"rendered":"https:\/\/shop.dohlad.info\/index.php\/product\/prilozny-led-spot-rgbw-tree-antracitova\/"},"modified":"2026-02-10T00:19:33","modified_gmt":"2026-02-09T23:19:33","slug":"prilozny-led-spot-rgbw-tree-antracitova","status":"publish","type":"product","link":"https:\/\/loxone.ctw.sk\/index.php\/product\/prilozny-led-spot-rgbw-tree-antracitova\/","title":{"rendered":"Pr\u00edlo\u017en\u00fd LED Spot RGBW Tree antracitov\u00e1"},"content":{"rendered":"<p>Pr\u00edlo\u017en\u00fd LED Spot RGBW disponuje <strong>tepl\u00fdm bielym aj farebn\u00fdm svetlom<\/strong> riaden\u00fdm technol\u00f3giou Tree. To znamen\u00e1, \u017ee nie je potrebn\u00fd \u017eiadny \u010fal\u0161\u00ed stmieva\u010d. Monta\u017en\u00e9 magnety zaru\u010duj\u00fa jednoduch\u00fa in\u0161tal\u00e1ciu. \u017divotnos\u0165 svietidla je viac ako 25 000 prev\u00e1dzkov\u00fdch hod\u00edn.<\/p>\n","protected":false},"excerpt":{"rendered":"<p>Pr\u00edlo\u017en\u00fd LED Spot RGBW disponuje <strong>tepl\u00fdm bielym aj farebn\u00fdm svetlom<\/strong> riaden\u00fdm technol\u00f3giou Tree.<\/p>\n","protected":false},"featured_media":1855,"template":"","meta":[],"location":[],"product_brand":[],"product_cat":[387],"product_tag":[],"class_list":{"0":"post-720","1":"product","2":"type-product","3":"status-publish","4":"has-post-thumbnail","6":"product_cat-tree-osvetlenie","8":"first","9":"instock","10":"sold-individually","11":"taxable","12":"shipping-taxable","13":"purchasable","14":"product-type-simple"},"locations":[],"_links":{"self":[{"href":"https:\/\/loxone.ctw.sk\/index.php\/wp-json\/wp\/v2\/product\/720","targetHints":{"allow":["GET"]}}],"collection":[{"href":"https:\/\/loxone.ctw.sk\/index.php\/wp-json\/wp\/v2\/product"}],"about":[{"href":"https:\/\/loxone.ctw.sk\/index.php\/wp-json\/wp\/v2\/types\/product"}],"wp:featuredmedia":[{"embeddable":true,"href":"https:\/\/loxone.ctw.sk\/index.php\/wp-json\/wp\/v2\/media\/1855"}],"wp:attachment":[{"href":"https:\/\/loxone.ctw.sk\/index.php\/wp-json\/wp\/v2\/media?parent=720"}],"wp:term":[{"taxonomy":"location","embeddable":true,"href":"https:\/\/loxone.ctw.sk\/index.php\/wp-json\/wp\/v2\/location?post=720"},{"taxonomy":"product_brand","embeddable":true,"href":"https:\/\/loxone.ctw.sk\/index.php\/wp-json\/wp\/v2\/product_brand?post=720"},{"taxonomy":"product_cat","embeddable":true,"href":"https:\/\/loxone.ctw.sk\/index.php\/wp-json\/wp\/v2\/product_cat?post=720"},{"taxonomy":"product_tag","embeddable":true,"href":"https:\/\/loxone.ctw.sk\/index.php\/wp-json\/wp\/v2\/product_tag?post=720"}],"curies":[{"name":"wp","href":"https:\/\/api.w.org\/{rel}","templated":true}]}}