{"id":728,"date":"2026-01-09T10:30:24","date_gmt":"2026-01-09T09:30:24","guid":{"rendered":"https:\/\/shop.dohlad.info\/index.php\/product\/touch-pure-flex-battery-air-antracitova\/"},"modified":"2026-01-09T10:30:48","modified_gmt":"2026-01-09T09:30:48","slug":"touch-pure-flex-battery-air-antracitova","status":"publish","type":"product","link":"https:\/\/loxone.ctw.sk\/index.php\/product\/touch-pure-flex-battery-air-antracitova\/","title":{"rendered":"Touch Pure Flex Battery Air antracitov\u00e1"},"content":{"rendered":"<p>Loxone Touch Pure Flex Air je <strong>100% personalizovate\u013en\u00e9 tla\u010didlo<\/strong> s a\u017e 12 vo\u013ene definovate\u013en\u00fdmi a umiestnite\u013en\u00fdmi dotykov\u00fdmi bodmi. V\u010faka integrovan\u00e9mu LED maticov\u00e9mu displeju a 3 stavov\u00fdm LED* umo\u017e\u0148uje zobrazovanie menu, hodn\u00f4t, textov a stavov. Navy\u0161e sl\u00fa\u017ei ako senzor na meranie teploty a vlhkosti, a t\u00fdm ako ide\u00e1lne rie\u0161enie pre monitorovanie kl\u00edmy v miestnosti.<\/p>\n<p>\u00a0<\/p>\n","protected":false},"excerpt":{"rendered":"<p>Loxone Touch Pure Flex Air je <strong>100% personalizovate\u013en\u00e9 tla\u010didlo<\/strong> s a\u017e 12 vo\u013ene definovate\u013en\u00fdmi a umiestnite\u013en\u00fdmi dotykov\u00fdmi bodmi. V\u010faka integrovan\u00e9mu LED maticov\u00e9mu displeju a 3 stavov\u00fdm LED* umo\u017e\u0148uje zobrazovanie menu, hodn\u00f4t, textov a stavov. Navy\u0161e sl\u00fa\u017ei ako senzor na meranie teploty a vlhkosti, a t\u00fdm ako ide\u00e1lne rie\u0161enie pre monitorovanie kl\u00edmy v miestnosti.<\/p>\n<p>\u00a0<\/p>\n","protected":false},"featured_media":1857,"template":"","meta":[],"location":[],"product_brand":[],"product_cat":[337],"product_tag":[],"class_list":{"0":"post-728","1":"product","2":"type-product","3":"status-publish","4":"has-post-thumbnail","6":"product_cat-air","8":"first","9":"instock","10":"sold-individually","11":"taxable","12":"shipping-taxable","13":"purchasable","14":"product-type-simple"},"locations":[],"_links":{"self":[{"href":"https:\/\/loxone.ctw.sk\/index.php\/wp-json\/wp\/v2\/product\/728","targetHints":{"allow":["GET"]}}],"collection":[{"href":"https:\/\/loxone.ctw.sk\/index.php\/wp-json\/wp\/v2\/product"}],"about":[{"href":"https:\/\/loxone.ctw.sk\/index.php\/wp-json\/wp\/v2\/types\/product"}],"wp:featuredmedia":[{"embeddable":true,"href":"https:\/\/loxone.ctw.sk\/index.php\/wp-json\/wp\/v2\/media\/1857"}],"wp:attachment":[{"href":"https:\/\/loxone.ctw.sk\/index.php\/wp-json\/wp\/v2\/media?parent=728"}],"wp:term":[{"taxonomy":"location","embeddable":true,"href":"https:\/\/loxone.ctw.sk\/index.php\/wp-json\/wp\/v2\/location?post=728"},{"taxonomy":"product_brand","embeddable":true,"href":"https:\/\/loxone.ctw.sk\/index.php\/wp-json\/wp\/v2\/product_brand?post=728"},{"taxonomy":"product_cat","embeddable":true,"href":"https:\/\/loxone.ctw.sk\/index.php\/wp-json\/wp\/v2\/product_cat?post=728"},{"taxonomy":"product_tag","embeddable":true,"href":"https:\/\/loxone.ctw.sk\/index.php\/wp-json\/wp\/v2\/product_tag?post=728"}],"curies":[{"name":"wp","href":"https:\/\/api.w.org\/{rel}","templated":true}]}}