{"id":732,"date":"2026-01-09T10:30:24","date_gmt":"2026-01-09T09:30:24","guid":{"rendered":"https:\/\/shop.dohlad.info\/index.php\/product\/table-lamp-air-biela\/"},"modified":"2026-02-10T00:21:23","modified_gmt":"2026-02-09T23:21:23","slug":"table-lamp-air-biela","status":"publish","type":"product","link":"https:\/\/loxone.ctw.sk\/index.php\/product\/table-lamp-air-biela\/","title":{"rendered":"Table Lamp Air biela"},"content":{"rendered":"<p>Loxone Table Lamp Air je <strong>plne stmievate\u013en\u00e1 lampa<\/strong> s tepl\u00fdm bielym osvetlen\u00edm, nap\u00e1jan\u00e1 pomocou USB-C a vstavanej dob\u00edjacej bat\u00e9rie.<\/p>\n<p><strong>\u00a0Funkcie:<\/strong><\/p>\n<ul>\n<li>Pr\u00edjemn\u00e9 tepl\u00e9 biele svetlo.<\/li>\n<li>Konfigurovate\u013en\u00fd RGB kr\u00fa\u017eok na hornej strane.<\/li>\n<li>Pln\u00e1 integr\u00e1cia do sveteln\u00fdch n\u00e1lad.<\/li>\n<li>Tri priradite\u013en\u00e9 kapacitn\u00e9 tla\u010didl\u00e1.<\/li>\n<li>Doba prev\u00e1dzky a\u017e nieko\u013eko dn\u00ed v\u010faka bat\u00e9rii s 10 000 mAh.<\/li>\n<\/ul>\n","protected":false},"excerpt":{"rendered":"<p>Loxone Table Lamp Air je <strong>plne stmievate\u013en\u00e1 lampa<\/strong> s tepl\u00fdm bielym osvetlen\u00edm, nap\u00e1jan\u00e1 pomocou USB-C a vstavanej dob\u00edjacej bat\u00e9rie.<\/p>\n<p>&nbsp;<\/p>\n","protected":false},"featured_media":733,"template":"","meta":[],"location":[],"product_brand":[],"product_cat":[384],"product_tag":[],"class_list":{"0":"post-732","1":"product","2":"type-product","3":"status-publish","4":"has-post-thumbnail","6":"product_cat-air-osvetlenie","8":"first","9":"instock","10":"sold-individually","11":"taxable","12":"shipping-taxable","13":"purchasable","14":"product-type-simple"},"locations":[],"_links":{"self":[{"href":"https:\/\/loxone.ctw.sk\/index.php\/wp-json\/wp\/v2\/product\/732","targetHints":{"allow":["GET"]}}],"collection":[{"href":"https:\/\/loxone.ctw.sk\/index.php\/wp-json\/wp\/v2\/product"}],"about":[{"href":"https:\/\/loxone.ctw.sk\/index.php\/wp-json\/wp\/v2\/types\/product"}],"wp:featuredmedia":[{"embeddable":true,"href":"https:\/\/loxone.ctw.sk\/index.php\/wp-json\/wp\/v2\/media\/733"}],"wp:attachment":[{"href":"https:\/\/loxone.ctw.sk\/index.php\/wp-json\/wp\/v2\/media?parent=732"}],"wp:term":[{"taxonomy":"location","embeddable":true,"href":"https:\/\/loxone.ctw.sk\/index.php\/wp-json\/wp\/v2\/location?post=732"},{"taxonomy":"product_brand","embeddable":true,"href":"https:\/\/loxone.ctw.sk\/index.php\/wp-json\/wp\/v2\/product_brand?post=732"},{"taxonomy":"product_cat","embeddable":true,"href":"https:\/\/loxone.ctw.sk\/index.php\/wp-json\/wp\/v2\/product_cat?post=732"},{"taxonomy":"product_tag","embeddable":true,"href":"https:\/\/loxone.ctw.sk\/index.php\/wp-json\/wp\/v2\/product_tag?post=732"}],"curies":[{"name":"wp","href":"https:\/\/api.w.org\/{rel}","templated":true}]}}