{"id":765,"date":"2026-01-09T10:30:59","date_gmt":"2026-01-09T09:30:59","guid":{"rendered":"https:\/\/shop.dohlad.info\/index.php\/product\/ac-control-air-for-mitsubishi-heavy-industries\/"},"modified":"2026-02-09T00:21:47","modified_gmt":"2026-02-08T23:21:47","slug":"ac-control-air-for-mitsubishi-heavy-industries","status":"publish","type":"product","link":"https:\/\/loxone.ctw.sk\/index.php\/product\/ac-control-air-for-mitsubishi-heavy-industries\/","title":{"rendered":"AC Control Air for Mitsubishi Heavy Industries"},"content":{"rendered":"<p class=\"p1\">S AC Control Air for Mitsubishi Heavy Industries m\u00f4\u017eete integrova\u0165 klimatiza\u010dn\u00e9 syst\u00e9my Mitsubishi <strong>jednoducho, r\u00fdchlo a bezprobl\u00e9movo<\/strong> do va\u0161ej in\u0161tal\u00e1cie Loxone. Inteligentn\u00fdm ovl\u00e1dan\u00edm klimatiza\u010dn\u00fdch jednotiek mo\u017eno v\u00fdrazne zv\u00fd\u0161i\u0165 <strong>komfort<\/strong> a s\u00fa\u010dasne zn\u00ed\u017ei\u0165 <strong>spotrebu energie<\/strong> o viac ako 30 %.<\/p>\n<p class=\"p1\"><strong>Funkcie:<\/strong><\/p>\n<ul class=\"ul1\">\n<li class=\"li1\"><strong>Jednoduch\u00e9 a intuit\u00edvne ovl\u00e1danie pomocou<\/strong>\u00a0ovl\u00e1dac\u00edch prvkov Loxone, a to kdeko\u013evek a kedyko\u013evek pomocou aplik\u00e1cie Loxone<\/li>\n<li class=\"li1\"><strong>Vykurovanie a chladenie pod\u013ea potreby<\/strong>\u00a0v kombin\u00e1cii s detekciou pr\u00edtomnosti, stavom okien, tienen\u00edm a predpove\u010fou po\u010dasia<\/li>\n<li class=\"li1\"><strong>N\u00e1kladovo efekt\u00edvne vykurovanie a chladenie<\/strong>\u00a0v\u010faka integr\u00e1cii do energetick\u00e9ho managementu (napr.: vyu\u017e\u00edvanie prebytkov z FVE)<\/li>\n<li class=\"li1\">Optim\u00e1lna koordin\u00e1cia klimatiza\u010dnej jednotky s \u010fal\u0161\u00edmi zdrojmi vykurovania a chladenia\u00a0<strong>pre maxim\u00e1lnu energetick\u00fa \u00fa\u010dinnos\u0165<\/strong><\/li>\n<li class=\"li1\">Jednoduch\u0161ia integr\u00e1cia ovl\u00e1dania \u0161etrn\u00e9ho k sieti<\/li>\n<li class=\"li1\">Nevidite\u013en\u00e1 in\u0161tal\u00e1cia Plug &amp; Play v r\u00e1mci klimatiza\u010dn\u00e9ho syst\u00e9mu<\/li>\n<li class=\"li1\"><strong>Analyzujte a optimalizujte<\/strong> pomocou individu\u00e1lnych stavov\u00fdch spr\u00e1v, \u0161tatist\u00edk a ozn\u00e1men\u00ed<\/li>\n<\/ul>\n","protected":false},"excerpt":{"rendered":"<p class=\"p1\">S AC Control Air for Mitsubishi Heavy Industries m\u00f4\u017eete integrova\u0165 klimatiza\u010dn\u00e9 syst\u00e9my Mitsubishi <strong>jednoducho, r\u00fdchlo a bezprobl\u00e9movo<\/strong> do va\u0161ej in\u0161tal\u00e1cie Loxone. Inteligentn\u00fdm ovl\u00e1dan\u00edm klimatiza\u010dn\u00fdch jednotiek mo\u017eno v\u00fdrazne zv\u00fd\u0161i\u0165 <strong>komfort<\/strong> a s\u00fa\u010dasne zn\u00ed\u017ei\u0165 <strong>spotrebu energie<\/strong> o viac ako 30 %.<\/p>\n<p>&nbsp;<\/p>\n","protected":false},"featured_media":766,"template":"","meta":[],"location":[],"product_brand":[],"product_cat":[383,376,348],"product_tag":[],"class_list":{"0":"post-765","1":"product","2":"type-product","3":"status-publish","4":"has-post-thumbnail","6":"product_cat-air-extensiony-rozhrania","7":"product_cat-air-klima-tienenie","8":"product_cat-klima","10":"first","11":"instock","12":"sold-individually","13":"taxable","14":"shipping-taxable","15":"purchasable","16":"product-type-simple"},"locations":[],"_links":{"self":[{"href":"https:\/\/loxone.ctw.sk\/index.php\/wp-json\/wp\/v2\/product\/765","targetHints":{"allow":["GET"]}}],"collection":[{"href":"https:\/\/loxone.ctw.sk\/index.php\/wp-json\/wp\/v2\/product"}],"about":[{"href":"https:\/\/loxone.ctw.sk\/index.php\/wp-json\/wp\/v2\/types\/product"}],"wp:featuredmedia":[{"embeddable":true,"href":"https:\/\/loxone.ctw.sk\/index.php\/wp-json\/wp\/v2\/media\/766"}],"wp:attachment":[{"href":"https:\/\/loxone.ctw.sk\/index.php\/wp-json\/wp\/v2\/media?parent=765"}],"wp:term":[{"taxonomy":"location","embeddable":true,"href":"https:\/\/loxone.ctw.sk\/index.php\/wp-json\/wp\/v2\/location?post=765"},{"taxonomy":"product_brand","embeddable":true,"href":"https:\/\/loxone.ctw.sk\/index.php\/wp-json\/wp\/v2\/product_brand?post=765"},{"taxonomy":"product_cat","embeddable":true,"href":"https:\/\/loxone.ctw.sk\/index.php\/wp-json\/wp\/v2\/product_cat?post=765"},{"taxonomy":"product_tag","embeddable":true,"href":"https:\/\/loxone.ctw.sk\/index.php\/wp-json\/wp\/v2\/product_tag?post=765"}],"curies":[{"name":"wp","href":"https:\/\/api.w.org\/{rel}","templated":true}]}}