{"id":775,"date":"2026-01-09T10:30:59","date_gmt":"2026-01-09T09:30:59","guid":{"rendered":"https:\/\/shop.dohlad.info\/index.php\/product\/elektromer-1-fazovy-tree\/"},"modified":"2026-02-09T00:16:13","modified_gmt":"2026-02-08T23:16:13","slug":"elektromer-1-fazovy-tree","status":"publish","type":"product","link":"https:\/\/loxone.ctw.sk\/index.php\/product\/elektromer-1-fazovy-tree\/","title":{"rendered":"Elektromer 1-f\u00e1zov\u00fd Tree"},"content":{"rendered":"<p><strong>Loxone Elektromer <\/strong>je priamo pripojite\u013en\u00fd elektromer <strong>pre mont\u00e1\u017e na DIN li\u0161tu<\/strong>. Umo\u017e\u0148uje<strong> MID-certifikovan\u00e9 a obojsmern\u00e9 meranie<\/strong> energie a\u017e do 100 A. Nameran\u00e9 hodnoty je mo\u017en\u00e9 vyu\u017ei\u0165 pre energetick\u00fd management, sledovanie spotreby a mnoho \u010fal\u0161ieho.<\/p>\n<p><strong>Vlastnosti:<\/strong><\/p>\n<ul>\n<li>Jednoduch\u00e1 integr\u00e1cia: V\u010faka technol\u00f3gii Tree, bez nutnosti zaobera\u0165 adresami v datab\u00e1ze.<\/li>\n<li>Faktur\u00e1cia: Certifik\u00e1t MID a plomba.<\/li>\n<li>Preh\u013ead: Majte n\u00e1klady pod kontrolou a v\u017edy majte preh\u013ead o tom, ak\u00e1 je spotreba.<\/li>\n<li>\u017div\u00e9 hodnoty: Zaznamen\u00e1va aj kr\u00e1tke \u0161pi\u010dky z\u00e1\u0165a\u017ee v\u010faka meraniu ka\u017ed\u00fa sekundu.<\/li>\n<li>Zabezpe\u010denie: Plne integrovan\u00e9 do Z\u00e1\u0165a\u017eov\u00e9ho mana\u017e\u00e9ra.<\/li>\n<li>\u00daspory: Ide\u00e1lne pre riadenie spotreby energie v\u010faka aktu\u00e1lnym hodnot\u00e1m.<\/li>\n<li>Displej pre odpo\u010det a v\u00fdkon.<\/li>\n<li>Plne integrovan\u00fd do blokov mera\u010da.<\/li>\n<li>Nastavite\u013en\u00fd smer zapojenia v softv\u00e9ri.<\/li>\n<\/ul>\n","protected":false},"excerpt":{"rendered":"<p><strong>Loxone Elektromer <\/strong>je priamo pripojite\u013en\u00fd elektromer <strong>pre mont\u00e1\u017e na DIN li\u0161tu<\/strong>. Umo\u017e\u0148uje<strong> MID-certifikovan\u00e9 a obojsmern\u00e9 meranie<\/strong> energie a\u017e do 100 A. Nameran\u00e9 hodnoty je mo\u017en\u00e9 vyu\u017ei\u0165 pre energetick\u00fd management, sledovanie spotreby a mnoho \u010fal\u0161ieho.<\/p>\n<p>&nbsp;<\/p>\n","protected":false},"featured_media":1858,"template":"","meta":[],"location":[],"product_brand":[],"product_cat":[340,339],"product_tag":[],"class_list":{"0":"post-775","1":"product","2":"type-product","3":"status-publish","4":"has-post-thumbnail","6":"product_cat-tree-energie","7":"product_cat-elektromer","9":"first","10":"instock","11":"sold-individually","12":"taxable","13":"shipping-taxable","14":"purchasable","15":"product-type-simple"},"locations":[],"_links":{"self":[{"href":"https:\/\/loxone.ctw.sk\/index.php\/wp-json\/wp\/v2\/product\/775","targetHints":{"allow":["GET"]}}],"collection":[{"href":"https:\/\/loxone.ctw.sk\/index.php\/wp-json\/wp\/v2\/product"}],"about":[{"href":"https:\/\/loxone.ctw.sk\/index.php\/wp-json\/wp\/v2\/types\/product"}],"wp:featuredmedia":[{"embeddable":true,"href":"https:\/\/loxone.ctw.sk\/index.php\/wp-json\/wp\/v2\/media\/1858"}],"wp:attachment":[{"href":"https:\/\/loxone.ctw.sk\/index.php\/wp-json\/wp\/v2\/media?parent=775"}],"wp:term":[{"taxonomy":"location","embeddable":true,"href":"https:\/\/loxone.ctw.sk\/index.php\/wp-json\/wp\/v2\/location?post=775"},{"taxonomy":"product_brand","embeddable":true,"href":"https:\/\/loxone.ctw.sk\/index.php\/wp-json\/wp\/v2\/product_brand?post=775"},{"taxonomy":"product_cat","embeddable":true,"href":"https:\/\/loxone.ctw.sk\/index.php\/wp-json\/wp\/v2\/product_cat?post=775"},{"taxonomy":"product_tag","embeddable":true,"href":"https:\/\/loxone.ctw.sk\/index.php\/wp-json\/wp\/v2\/product_tag?post=775"}],"curies":[{"name":"wp","href":"https:\/\/api.w.org\/{rel}","templated":true}]}}