{"id":783,"date":"2026-01-09T10:30:59","date_gmt":"2026-01-09T09:30:59","guid":{"rendered":"https:\/\/shop.dohlad.info\/index.php\/product\/m-bus-extension\/"},"modified":"2026-02-09T00:16:37","modified_gmt":"2026-02-08T23:16:37","slug":"m-bus-extension","status":"publish","type":"product","link":"https:\/\/loxone.ctw.sk\/index.php\/product\/m-bus-extension\/","title":{"rendered":"M-Bus Extension"},"content":{"rendered":"<p>M-Bus Extension je M-Bus master pre mont\u00e1\u017e na DIN li\u0161tu. Umo\u017e\u0148uje od\u010d\u00edtanie a\u017e <strong>30 M-Bus zariaden\u00ed<\/strong> ako s\u00fa mera\u010de plynov, vody, energie a podobne. Na\u010d\u00edtan\u00e9 hodnoty mo\u017eno pou\u017ei\u0165 na <strong>riadenenie spotreby energie,<\/strong> <strong>zaznamen\u00e1vanie \u00fadajov o spotrebe<\/strong> a ove\u013ea viac.<\/p>\n<p><strong>Funkcie:<\/strong><\/p>\n<ul>\n<li>A\u017e 30 zariaden\u00ed M-Bus.<\/li>\n<li>D\u013a\u017eka zbernice a\u017e 100 m.<\/li>\n<li>Podpora r\u00f4znych prenosov\u00fdch r\u00fdchlosti (300-9600 baudov) na tej istej zbernici.<\/li>\n<li>Podporovan\u00e9 topol\u00f3gie: zbernicov\u00e1, do hviezdy, stromov\u00e1, l\u00edniov\u00e1<\/li>\n<li>Plne v s\u00falade s normou EN13757<\/li>\n<li>Podporuje cykly hlasovania od jednej sekundy<\/li>\n<\/ul>\n","protected":false},"excerpt":{"rendered":"<p>M-Bus Extension je M-Bus master pre mont\u00e1\u017e na DIN li\u0161tu. Umo\u017e\u0148uje od\u010d\u00edtanie a\u017e <strong>30 M-Bus zariaden\u00ed<\/strong> ako s\u00fa mera\u010de plynov, vody, energie a podobne. Na\u010d\u00edtan\u00e9 hodnoty mo\u017eno pou\u017ei\u0165 na <strong>riadenenie spotreby energie,<\/strong> <strong>zaznamen\u00e1vanie \u00fadajov o spotrebe<\/strong> a ove\u013ea viac.<\/p>\n","protected":false},"featured_media":784,"template":"","meta":[],"location":[],"product_brand":[],"product_cat":[365,366,339],"product_tag":[],"class_list":{"0":"post-783","1":"product","2":"type-product","3":"status-publish","4":"has-post-thumbnail","6":"product_cat-link","7":"product_cat-2-deliace-jednotky","8":"product_cat-elektromer","10":"first","11":"instock","12":"sold-individually","13":"taxable","14":"shipping-taxable","15":"purchasable","16":"product-type-simple"},"locations":[],"_links":{"self":[{"href":"https:\/\/loxone.ctw.sk\/index.php\/wp-json\/wp\/v2\/product\/783","targetHints":{"allow":["GET"]}}],"collection":[{"href":"https:\/\/loxone.ctw.sk\/index.php\/wp-json\/wp\/v2\/product"}],"about":[{"href":"https:\/\/loxone.ctw.sk\/index.php\/wp-json\/wp\/v2\/types\/product"}],"wp:featuredmedia":[{"embeddable":true,"href":"https:\/\/loxone.ctw.sk\/index.php\/wp-json\/wp\/v2\/media\/784"}],"wp:attachment":[{"href":"https:\/\/loxone.ctw.sk\/index.php\/wp-json\/wp\/v2\/media?parent=783"}],"wp:term":[{"taxonomy":"location","embeddable":true,"href":"https:\/\/loxone.ctw.sk\/index.php\/wp-json\/wp\/v2\/location?post=783"},{"taxonomy":"product_brand","embeddable":true,"href":"https:\/\/loxone.ctw.sk\/index.php\/wp-json\/wp\/v2\/product_brand?post=783"},{"taxonomy":"product_cat","embeddable":true,"href":"https:\/\/loxone.ctw.sk\/index.php\/wp-json\/wp\/v2\/product_cat?post=783"},{"taxonomy":"product_tag","embeddable":true,"href":"https:\/\/loxone.ctw.sk\/index.php\/wp-json\/wp\/v2\/product_tag?post=783"}],"curies":[{"name":"wp","href":"https:\/\/api.w.org\/{rel}","templated":true}]}}