{"id":787,"date":"2026-01-09T10:30:59","date_gmt":"2026-01-09T09:30:59","guid":{"rendered":"https:\/\/shop.dohlad.info\/index.php\/product\/dali-air\/"},"modified":"2026-02-09T00:21:01","modified_gmt":"2026-02-08T23:21:01","slug":"dali-air","status":"publish","type":"product","link":"https:\/\/loxone.ctw.sk\/index.php\/product\/dali-air\/","title":{"rendered":"DALI Air"},"content":{"rendered":"<p>DALI je \u0161tandardizovan\u00e9 k\u00e1blov\u00e9 <strong>rozhranie pre osvetlenie,<\/strong> na ktor\u00e9 sa spoliehaj\u00fa mnoh\u00ed v\u00fdrobcovia svietidiel. Prvok DALI Air bezdr\u00f4tovo integruje tieto produkty do ekosyst\u00e9mu Loxone a dok\u00e1\u017ee ovl\u00e1da\u0165 <strong>a\u017e 10 jednotiek DALI<\/strong> bu\u010f v re\u017eime Broadcast, alebo priraden\u00edm dedikovan\u00fdch adries.<\/p>\n<p><strong>Funkcie:<\/strong><\/p>\n<ul>\n<li>A\u017e 10 jednotiek DALI \/ 16 skup\u00edn.<\/li>\n<li>D\u013a\u017eka k\u00e1bla a\u017e 30 m.<\/li>\n<li>Podporovan\u00e9 typy zariaden\u00ed DALI 0-8.<\/li>\n<li>Podporuje typy in\u0161tanci\u00ed DALI-2 1-4.<\/li>\n<li>Intern\u00e9 nap\u00e1janie DALI.<\/li>\n<li>Certifik\u00e1cia pod\u013ea DALI-2 (podporuje svietidl\u00e1 DALI\/DALI-2 a v\u00fdhradne senzory s certifik\u00e1ciou DALI-2).<\/li>\n<li>Podporuje DALI Broadcast.<\/li>\n<\/ul>\n","protected":false},"excerpt":{"rendered":"<p>DALI je \u0161tandardizovan\u00e9 k\u00e1blov\u00e9 <strong>rozhranie pre osvetlenie,<\/strong> na ktor\u00e9 sa spoliehaj\u00fa mnoh\u00ed v\u00fdrobcovia svietidiel. Prvok DALI Air bezdr\u00f4tovo integruje tieto produkty do ekosyst\u00e9mu Loxone a dok\u00e1\u017ee ovl\u00e1da\u0165 <strong>a\u017e 10 jednotiek DALI<\/strong> bu\u010f v re\u017eime Broadcast, alebo priraden\u00edm dedikovan\u00fdch adries.<\/p>\n<p>&nbsp;<\/p>\n","protected":false},"featured_media":788,"template":"","meta":[],"location":[],"product_brand":[],"product_cat":[383,384,367],"product_tag":[],"class_list":{"0":"post-787","1":"product","2":"type-product","3":"status-publish","4":"has-post-thumbnail","6":"product_cat-air-extensiony-rozhrania","7":"product_cat-air-osvetlenie","8":"product_cat-dimmer","10":"first","11":"instock","12":"sold-individually","13":"taxable","14":"shipping-taxable","15":"purchasable","16":"product-type-simple"},"locations":[],"_links":{"self":[{"href":"https:\/\/loxone.ctw.sk\/index.php\/wp-json\/wp\/v2\/product\/787","targetHints":{"allow":["GET"]}}],"collection":[{"href":"https:\/\/loxone.ctw.sk\/index.php\/wp-json\/wp\/v2\/product"}],"about":[{"href":"https:\/\/loxone.ctw.sk\/index.php\/wp-json\/wp\/v2\/types\/product"}],"wp:featuredmedia":[{"embeddable":true,"href":"https:\/\/loxone.ctw.sk\/index.php\/wp-json\/wp\/v2\/media\/788"}],"wp:attachment":[{"href":"https:\/\/loxone.ctw.sk\/index.php\/wp-json\/wp\/v2\/media?parent=787"}],"wp:term":[{"taxonomy":"location","embeddable":true,"href":"https:\/\/loxone.ctw.sk\/index.php\/wp-json\/wp\/v2\/location?post=787"},{"taxonomy":"product_brand","embeddable":true,"href":"https:\/\/loxone.ctw.sk\/index.php\/wp-json\/wp\/v2\/product_brand?post=787"},{"taxonomy":"product_cat","embeddable":true,"href":"https:\/\/loxone.ctw.sk\/index.php\/wp-json\/wp\/v2\/product_cat?post=787"},{"taxonomy":"product_tag","embeddable":true,"href":"https:\/\/loxone.ctw.sk\/index.php\/wp-json\/wp\/v2\/product_tag?post=787"}],"curies":[{"name":"wp","href":"https:\/\/api.w.org\/{rel}","templated":true}]}}