{"id":791,"date":"2026-01-09T10:30:59","date_gmt":"2026-01-09T09:30:59","guid":{"rendered":"https:\/\/shop.dohlad.info\/index.php\/product\/sd-karta-s-firmverom-pre-intercom\/"},"modified":"2026-02-10T00:48:39","modified_gmt":"2026-02-09T23:48:39","slug":"sd-karta-s-firmverom-pre-intercom","status":"publish","type":"product","link":"https:\/\/loxone.ctw.sk\/index.php\/product\/sd-karta-s-firmverom-pre-intercom\/","title":{"rendered":"SD karta s firmv\u00e9rom pre Intercom"},"content":{"rendered":"<p>8GB SD karta priemyselnej kvality je vhodn\u00e1 pre Intercom. SD karty sa l\u00ed\u0161ia dod\u00e1van\u00fdm firmwarom. Ten m\u00f4\u017eete pod\u013ea potreby upravi\u0165 v Loxone Configu. Pou\u017e\u00edvajte v\u00fdhradne SD karty schv\u00e1len\u00e9 Loxone.<\/p>\n<p><strong>Vlastnosti:<\/strong><\/p>\n<ul>\n<li>8GB Micro SD karta priemyselnej kvality.<\/li>\n<li>Adapt\u00e9r karty.<\/li>\n<li>A\u017e 60\u00d7 dlh\u0161ia \u017eivotnos\u0165 ako be\u017en\u00e9 SD karty.<\/li>\n<\/ul>\n<p><strong>Pou\u017e\u00edvajte v\u00fdhradne SD karty od Loxone!<\/strong> Pri pou\u017eit\u00ed in\u00fdch SD kariet nie je mo\u017en\u00e9 uplatni\u0165 z\u00e1ruku.<\/p>\n","protected":false},"excerpt":{"rendered":"<p>8GB SD karta priemyselnej kvality je vhodn\u00e1 pre Intercom. SD karty sa l\u00ed\u0161ia dod\u00e1van\u00fdm firmwarom. Ten m\u00f4\u017eete pod\u013ea potreby upravi\u0165 v Loxone Configu. Pou\u017e\u00edvajte v\u00fdhradne SD karty schv\u00e1len\u00e9 Loxone.<\/p>\n<p>&nbsp;<\/p>\n","protected":false},"featured_media":792,"template":"","meta":[],"location":[],"product_brand":[],"product_cat":[373,379],"product_tag":[],"class_list":{"0":"post-791","1":"product","2":"type-product","3":"status-publish","4":"has-post-thumbnail","6":"product_cat-prislusenstvo-pristup-zabezpecenie","7":"product_cat-sd-karty-prislusenstvo","9":"first","10":"instock","11":"sold-individually","12":"taxable","13":"shipping-taxable","14":"purchasable","15":"product-type-simple"},"locations":[],"_links":{"self":[{"href":"https:\/\/loxone.ctw.sk\/index.php\/wp-json\/wp\/v2\/product\/791","targetHints":{"allow":["GET"]}}],"collection":[{"href":"https:\/\/loxone.ctw.sk\/index.php\/wp-json\/wp\/v2\/product"}],"about":[{"href":"https:\/\/loxone.ctw.sk\/index.php\/wp-json\/wp\/v2\/types\/product"}],"wp:featuredmedia":[{"embeddable":true,"href":"https:\/\/loxone.ctw.sk\/index.php\/wp-json\/wp\/v2\/media\/792"}],"wp:attachment":[{"href":"https:\/\/loxone.ctw.sk\/index.php\/wp-json\/wp\/v2\/media?parent=791"}],"wp:term":[{"taxonomy":"location","embeddable":true,"href":"https:\/\/loxone.ctw.sk\/index.php\/wp-json\/wp\/v2\/location?post=791"},{"taxonomy":"product_brand","embeddable":true,"href":"https:\/\/loxone.ctw.sk\/index.php\/wp-json\/wp\/v2\/product_brand?post=791"},{"taxonomy":"product_cat","embeddable":true,"href":"https:\/\/loxone.ctw.sk\/index.php\/wp-json\/wp\/v2\/product_cat?post=791"},{"taxonomy":"product_tag","embeddable":true,"href":"https:\/\/loxone.ctw.sk\/index.php\/wp-json\/wp\/v2\/product_tag?post=791"}],"curies":[{"name":"wp","href":"https:\/\/api.w.org\/{rel}","templated":true}]}}