{"id":802,"date":"2026-01-09T10:30:59","date_gmt":"2026-01-09T09:30:59","guid":{"rendered":"https:\/\/shop.dohlad.info\/index.php\/product\/touch-pure-flex-ip44-tree-antracitova\/"},"modified":"2026-01-09T10:31:21","modified_gmt":"2026-01-09T09:31:21","slug":"touch-pure-flex-ip44-tree-antracitova","status":"publish","type":"product","link":"https:\/\/loxone.ctw.sk\/index.php\/product\/touch-pure-flex-ip44-tree-antracitova\/","title":{"rendered":"Touch Pure Flex IP44 Tree antracitov\u00e1"},"content":{"rendered":"<p>Touch Pure Flex je va\u0161e <strong>100% personalizovan\u00e9 tla\u010didlo<\/strong> s a\u017e 12 vo\u013ene definovate\u013en\u00fdmi a polohovate\u013en\u00fdmi dotykov\u00fdmi bodmi. V\u010faka integrovan\u00e9mu maticov\u00e9mu LED displeju a 3 stavov\u00fdm LED di\u00f3dam umo\u017e\u0148uje zobrazovanie hodn\u00f4t, textov a stavov. podmienkach alebo v tme.<\/p>\n","protected":false},"excerpt":{"rendered":"<p>Touch Pure Flex je va\u0161e <strong>100% personalizovan\u00e9 tla\u010didlo<\/strong> s a\u017e 12 vo\u013ene definovate\u013en\u00fdmi a polohovate\u013en\u00fdmi dotykov\u00fdmi bodmi. V\u010faka integrovan\u00e9mu maticov\u00e9mu LED displeju a 3 stavov\u00fdm LED di\u00f3dam umo\u017e\u0148uje zobrazovanie hodn\u00f4t, textov a stavov. podmienkach alebo v tme.<\/p>\n","protected":false},"featured_media":803,"template":"","meta":[],"location":[],"product_brand":[],"product_cat":[336],"product_tag":[],"class_list":{"0":"post-802","1":"product","2":"type-product","3":"status-publish","4":"has-post-thumbnail","6":"product_cat-tree","8":"first","9":"instock","10":"sold-individually","11":"taxable","12":"shipping-taxable","13":"purchasable","14":"product-type-simple"},"locations":[],"_links":{"self":[{"href":"https:\/\/loxone.ctw.sk\/index.php\/wp-json\/wp\/v2\/product\/802","targetHints":{"allow":["GET"]}}],"collection":[{"href":"https:\/\/loxone.ctw.sk\/index.php\/wp-json\/wp\/v2\/product"}],"about":[{"href":"https:\/\/loxone.ctw.sk\/index.php\/wp-json\/wp\/v2\/types\/product"}],"wp:featuredmedia":[{"embeddable":true,"href":"https:\/\/loxone.ctw.sk\/index.php\/wp-json\/wp\/v2\/media\/803"}],"wp:attachment":[{"href":"https:\/\/loxone.ctw.sk\/index.php\/wp-json\/wp\/v2\/media?parent=802"}],"wp:term":[{"taxonomy":"location","embeddable":true,"href":"https:\/\/loxone.ctw.sk\/index.php\/wp-json\/wp\/v2\/location?post=802"},{"taxonomy":"product_brand","embeddable":true,"href":"https:\/\/loxone.ctw.sk\/index.php\/wp-json\/wp\/v2\/product_brand?post=802"},{"taxonomy":"product_cat","embeddable":true,"href":"https:\/\/loxone.ctw.sk\/index.php\/wp-json\/wp\/v2\/product_cat?post=802"},{"taxonomy":"product_tag","embeddable":true,"href":"https:\/\/loxone.ctw.sk\/index.php\/wp-json\/wp\/v2\/product_tag?post=802"}],"curies":[{"name":"wp","href":"https:\/\/api.w.org\/{rel}","templated":true}]}}