{"id":807,"date":"2026-01-09T10:30:59","date_gmt":"2026-01-09T09:30:59","guid":{"rendered":"https:\/\/shop.dohlad.info\/index.php\/product\/touch-pure-flex-24v-ip44-air-signalna-biela\/"},"modified":"2026-01-09T10:31:23","modified_gmt":"2026-01-09T09:31:23","slug":"touch-pure-flex-24v-ip44-air-signalna-biela","status":"publish","type":"product","link":"https:\/\/loxone.ctw.sk\/index.php\/product\/touch-pure-flex-24v-ip44-air-signalna-biela\/","title":{"rendered":"Touch Pure Flex 24V IP44 Air sign\u00e1lna biela"},"content":{"rendered":"<p>Touch Pure Flex je va\u0161e <strong>100% personalizovan\u00e9 ovl\u00e1dacie zariadenie<\/strong> s a\u017e 12 vo\u013ene definovate\u013en\u00fdmi a polohovate\u013en\u00fdmi dotykov\u00fdmi bodmi. Menu, hodnoty, texty a stavy mo\u017eno zobrazova\u0165 pomocou integrovan\u00e9ho<strong> maticov\u00e9ho LED displeja <\/strong>a <strong>3 stavov\u00fdch LED di\u00f3d.<\/strong> V\u010faka <strong>integrovan\u00e9mu osvetleniu <\/strong>je zariadenie Touch Pure Flex ide\u00e1lne na prev\u00e1dzku v zl\u00fdch sveteln\u00fdch podmienkach alebo v tme.<\/p>\n<p>\u00a0<\/p>\n","protected":false},"excerpt":{"rendered":"<p>Touch Pure Flex je va\u0161e <strong>100% personalizovan\u00e9 ovl\u00e1dacie zariadenie<\/strong> s a\u017e 12 vo\u013ene definovate\u013en\u00fdmi a polohovate\u013en\u00fdmi dotykov\u00fdmi bodmi. Menu, hodnoty, texty a stavy mo\u017eno zobrazova\u0165 pomocou integrovan\u00e9ho<strong> maticov\u00e9ho LED displeja <\/strong>a <strong>3 stavov\u00fdch LED di\u00f3d.<\/strong> V\u010faka <strong>integrovan\u00e9mu osvetleniu <\/strong>je zariadenie Touch Pure Flex ide\u00e1lne na prev\u00e1dzku v zl\u00fdch sveteln\u00fdch podmienkach alebo v tme.<\/p>\n<p>\u00a0<\/p>\n","protected":false},"featured_media":808,"template":"","meta":[],"location":[],"product_brand":[],"product_cat":[337],"product_tag":[],"class_list":{"0":"post-807","1":"product","2":"type-product","3":"status-publish","4":"has-post-thumbnail","6":"product_cat-air","8":"first","9":"instock","10":"sold-individually","11":"taxable","12":"shipping-taxable","13":"purchasable","14":"product-type-simple"},"locations":[],"_links":{"self":[{"href":"https:\/\/loxone.ctw.sk\/index.php\/wp-json\/wp\/v2\/product\/807","targetHints":{"allow":["GET"]}}],"collection":[{"href":"https:\/\/loxone.ctw.sk\/index.php\/wp-json\/wp\/v2\/product"}],"about":[{"href":"https:\/\/loxone.ctw.sk\/index.php\/wp-json\/wp\/v2\/types\/product"}],"wp:featuredmedia":[{"embeddable":true,"href":"https:\/\/loxone.ctw.sk\/index.php\/wp-json\/wp\/v2\/media\/808"}],"wp:attachment":[{"href":"https:\/\/loxone.ctw.sk\/index.php\/wp-json\/wp\/v2\/media?parent=807"}],"wp:term":[{"taxonomy":"location","embeddable":true,"href":"https:\/\/loxone.ctw.sk\/index.php\/wp-json\/wp\/v2\/location?post=807"},{"taxonomy":"product_brand","embeddable":true,"href":"https:\/\/loxone.ctw.sk\/index.php\/wp-json\/wp\/v2\/product_brand?post=807"},{"taxonomy":"product_cat","embeddable":true,"href":"https:\/\/loxone.ctw.sk\/index.php\/wp-json\/wp\/v2\/product_cat?post=807"},{"taxonomy":"product_tag","embeddable":true,"href":"https:\/\/loxone.ctw.sk\/index.php\/wp-json\/wp\/v2\/product_tag?post=807"}],"curies":[{"name":"wp","href":"https:\/\/api.w.org\/{rel}","templated":true}]}}