{"id":820,"date":"2026-01-09T10:30:59","date_gmt":"2026-01-09T09:30:59","guid":{"rendered":"https:\/\/shop.dohlad.info\/index.php\/product\/touch-pure-flex-co2-tree-antracitova\/"},"modified":"2026-02-10T00:33:53","modified_gmt":"2026-02-09T23:33:53","slug":"touch-pure-flex-co2-tree-antracitova","status":"publish","type":"product","link":"https:\/\/loxone.ctw.sk\/index.php\/product\/touch-pure-flex-co2-tree-antracitova\/","title":{"rendered":"Touch Pure Flex CO2 Tree antracitov\u00e1"},"content":{"rendered":"<p>Touch Pure Flex je va\u0161e <strong>100% personalizovan\u00e9 ovl\u00e1dacie zariadenie<\/strong> s a\u017e <strong>12 vo\u013ene definovate\u013en\u00fdmi a polohovate\u013en\u00fdmi dotykov\u00fdmi bodmi.<\/strong> Pomocou integrovan\u00e9ho maticov\u00e9ho LED displeja, ako aj 3 stavov\u00fdch LED di\u00f3d mo\u017eno zobrazova\u0165 menu, hodnoty, texty a stavy.<\/p>\n<p>Integrovan\u00fd senzor meria <strong>teplotu, relat\u00edvnu vlhkos\u0165 a hodnotu CO2<\/strong>. V\u010faka integrovan\u00e9mu osvetleniu je Touch Pure Flex ide\u00e1lny na prev\u00e1dzku v podmienkach slab\u00e9ho osvetlenia alebo \u00faplnej tmy.<\/p>\n","protected":false},"excerpt":{"rendered":"<p>Touch Pure Flex je va\u0161e <strong>100% personalizovan\u00e9 ovl\u00e1dacie zariadenie<\/strong> s a\u017e <strong>12 vo\u013ene definovate\u013en\u00fdmi a polohovate\u013en\u00fdmi dotykov\u00fdmi bodmi.<\/strong> Pomocou integrovan\u00e9ho maticov\u00e9ho LED displeja, ako aj 3 stavov\u00fdch LED di\u00f3d mo\u017eno zobrazova\u0165 menu, hodnoty, texty a stavy.<\/p>\n<p>&nbsp;<\/p>\n","protected":false},"featured_media":821,"template":"","meta":[],"location":[],"product_brand":[],"product_cat":[336],"product_tag":[],"class_list":{"0":"post-820","1":"product","2":"type-product","3":"status-publish","4":"has-post-thumbnail","6":"product_cat-tree","8":"first","9":"instock","10":"sold-individually","11":"taxable","12":"shipping-taxable","13":"purchasable","14":"product-type-simple"},"locations":[],"_links":{"self":[{"href":"https:\/\/loxone.ctw.sk\/index.php\/wp-json\/wp\/v2\/product\/820","targetHints":{"allow":["GET"]}}],"collection":[{"href":"https:\/\/loxone.ctw.sk\/index.php\/wp-json\/wp\/v2\/product"}],"about":[{"href":"https:\/\/loxone.ctw.sk\/index.php\/wp-json\/wp\/v2\/types\/product"}],"wp:featuredmedia":[{"embeddable":true,"href":"https:\/\/loxone.ctw.sk\/index.php\/wp-json\/wp\/v2\/media\/821"}],"wp:attachment":[{"href":"https:\/\/loxone.ctw.sk\/index.php\/wp-json\/wp\/v2\/media?parent=820"}],"wp:term":[{"taxonomy":"location","embeddable":true,"href":"https:\/\/loxone.ctw.sk\/index.php\/wp-json\/wp\/v2\/location?post=820"},{"taxonomy":"product_brand","embeddable":true,"href":"https:\/\/loxone.ctw.sk\/index.php\/wp-json\/wp\/v2\/product_brand?post=820"},{"taxonomy":"product_cat","embeddable":true,"href":"https:\/\/loxone.ctw.sk\/index.php\/wp-json\/wp\/v2\/product_cat?post=820"},{"taxonomy":"product_tag","embeddable":true,"href":"https:\/\/loxone.ctw.sk\/index.php\/wp-json\/wp\/v2\/product_tag?post=820"}],"curies":[{"name":"wp","href":"https:\/\/api.w.org\/{rel}","templated":true}]}}