{"id":834,"date":"2026-01-09T10:31:33","date_gmt":"2026-01-09T09:31:33","guid":{"rendered":"https:\/\/shop.dohlad.info\/index.php\/product\/touch-pure-flex-24v-air-biela\/"},"modified":"2026-02-10T00:32:39","modified_gmt":"2026-02-09T23:32:39","slug":"touch-pure-flex-24v-air-biela","status":"publish","type":"product","link":"https:\/\/loxone.ctw.sk\/index.php\/product\/touch-pure-flex-24v-air-biela\/","title":{"rendered":"Touch Pure Flex 24V Air biela"},"content":{"rendered":"<p>Touch Pure Flex s a\u017e <strong>12 vo\u013ene definovate\u013en\u00fdmi a polohovate\u013en\u00fdmi dotykov\u00fdmi bodmi <\/strong>je va\u0161e 100% personalizovan\u00e9 ovl\u00e1dacie zariadenie.<strong> Integrovan\u00fd maticov\u00fd LED displej <\/strong>a <strong>3 stavov\u00e9 LED di\u00f3dy <\/strong>mo\u017eno pou\u017ei\u0165 na zobrazenie menu, hodn\u00f4t, textov a stavov.<\/p>\n<p>Na meranie <strong>teploty a relat\u00edvnej vlhkosti <\/strong>je integrovan\u00fd senzor. V\u010faka <strong>integrovan\u00e9mu osvetleniu<\/strong> je zariadenie Touch Pure Flex ide\u00e1lne na prev\u00e1dzku v zl\u00fdch sveteln\u00fdch podmienkach alebo v tme.<\/p>\n","protected":false},"excerpt":{"rendered":"<p>Touch Pure Flex s a\u017e <strong>12 vo\u013ene definovate\u013en\u00fdmi a polohovate\u013en\u00fdmi dotykov\u00fdmi bodmi <\/strong>je va\u0161e 100% personalizovan\u00e9 ovl\u00e1dacie zariadenie.<strong> Integrovan\u00fd maticov\u00fd LED displej <\/strong>a <strong>3 stavov\u00e9 LED di\u00f3dy <\/strong>mo\u017eno pou\u017ei\u0165 na zobrazenie menu, hodn\u00f4t, textov a stavov.<\/p>\n<p>&nbsp;<\/p>\n","protected":false},"featured_media":813,"template":"","meta":[],"location":[],"product_brand":[],"product_cat":[337],"product_tag":[],"class_list":{"0":"post-834","1":"product","2":"type-product","3":"status-publish","4":"has-post-thumbnail","6":"product_cat-air","8":"first","9":"instock","10":"sold-individually","11":"taxable","12":"shipping-taxable","13":"purchasable","14":"product-type-simple"},"locations":[],"_links":{"self":[{"href":"https:\/\/loxone.ctw.sk\/index.php\/wp-json\/wp\/v2\/product\/834","targetHints":{"allow":["GET"]}}],"collection":[{"href":"https:\/\/loxone.ctw.sk\/index.php\/wp-json\/wp\/v2\/product"}],"about":[{"href":"https:\/\/loxone.ctw.sk\/index.php\/wp-json\/wp\/v2\/types\/product"}],"wp:featuredmedia":[{"embeddable":true,"href":"https:\/\/loxone.ctw.sk\/index.php\/wp-json\/wp\/v2\/media\/813"}],"wp:attachment":[{"href":"https:\/\/loxone.ctw.sk\/index.php\/wp-json\/wp\/v2\/media?parent=834"}],"wp:term":[{"taxonomy":"location","embeddable":true,"href":"https:\/\/loxone.ctw.sk\/index.php\/wp-json\/wp\/v2\/location?post=834"},{"taxonomy":"product_brand","embeddable":true,"href":"https:\/\/loxone.ctw.sk\/index.php\/wp-json\/wp\/v2\/product_brand?post=834"},{"taxonomy":"product_cat","embeddable":true,"href":"https:\/\/loxone.ctw.sk\/index.php\/wp-json\/wp\/v2\/product_cat?post=834"},{"taxonomy":"product_tag","embeddable":true,"href":"https:\/\/loxone.ctw.sk\/index.php\/wp-json\/wp\/v2\/product_tag?post=834"}],"curies":[{"name":"wp","href":"https:\/\/api.w.org\/{rel}","templated":true}]}}