{"id":849,"date":"2026-01-09T10:31:33","date_gmt":"2026-01-09T09:31:33","guid":{"rendered":"https:\/\/shop.dohlad.info\/index.php\/product\/ventilovy-adapter-va78\/"},"modified":"2026-01-09T10:31:50","modified_gmt":"2026-01-09T09:31:50","slug":"ventilovy-adapter-va78","status":"publish","type":"product","link":"https:\/\/loxone.ctw.sk\/index.php\/product\/ventilovy-adapter-va78\/","title":{"rendered":"Ventilov\u00fd adapt\u00e9r VA78"},"content":{"rendered":"<p class=\"p1\">Ventilov\u00fd adapt\u00e9r vhodn\u00fd pre Loxone Hlavice Air &amp; Tree, elektotermick\u00e9 hlavice 0-10 V, elektrotermick\u00fd ventil 230 V,\u00a0ako aj pre ventily od Danfoss RA.<\/p>\n","protected":false},"excerpt":{"rendered":"<p class=\"p1\">Ventilov\u00fd adapt\u00e9r vhodn\u00fd pre Loxone Hlavice Air &amp; Tree, elektotermick\u00e9 hlavice 0-10 V, elektrotermick\u00fd ventil 230 V,\u00a0ako aj pre ventily od Danfoss RA.<\/p>\n","protected":false},"featured_media":850,"template":"","meta":[],"location":[],"product_brand":[],"product_cat":[348,349,350],"product_tag":[],"class_list":{"0":"post-849","1":"product","2":"type-product","3":"status-publish","4":"has-post-thumbnail","6":"product_cat-klima","7":"product_cat-prislusenstvo-tienenie","8":"product_cat-montaz","10":"first","11":"instock","12":"sold-individually","13":"taxable","14":"shipping-taxable","15":"purchasable","16":"product-type-simple"},"locations":[],"_links":{"self":[{"href":"https:\/\/loxone.ctw.sk\/index.php\/wp-json\/wp\/v2\/product\/849","targetHints":{"allow":["GET"]}}],"collection":[{"href":"https:\/\/loxone.ctw.sk\/index.php\/wp-json\/wp\/v2\/product"}],"about":[{"href":"https:\/\/loxone.ctw.sk\/index.php\/wp-json\/wp\/v2\/types\/product"}],"wp:featuredmedia":[{"embeddable":true,"href":"https:\/\/loxone.ctw.sk\/index.php\/wp-json\/wp\/v2\/media\/850"}],"wp:attachment":[{"href":"https:\/\/loxone.ctw.sk\/index.php\/wp-json\/wp\/v2\/media?parent=849"}],"wp:term":[{"taxonomy":"location","embeddable":true,"href":"https:\/\/loxone.ctw.sk\/index.php\/wp-json\/wp\/v2\/location?post=849"},{"taxonomy":"product_brand","embeddable":true,"href":"https:\/\/loxone.ctw.sk\/index.php\/wp-json\/wp\/v2\/product_brand?post=849"},{"taxonomy":"product_cat","embeddable":true,"href":"https:\/\/loxone.ctw.sk\/index.php\/wp-json\/wp\/v2\/product_cat?post=849"},{"taxonomy":"product_tag","embeddable":true,"href":"https:\/\/loxone.ctw.sk\/index.php\/wp-json\/wp\/v2\/product_tag?post=849"}],"curies":[{"name":"wp","href":"https:\/\/api.w.org\/{rel}","templated":true}]}}