{"id":867,"date":"2026-01-09T10:31:33","date_gmt":"2026-01-09T09:31:33","guid":{"rendered":"https:\/\/shop.dohlad.info\/index.php\/product\/elektronicky-kluc-magneticky\/"},"modified":"2026-02-10T00:48:09","modified_gmt":"2026-02-09T23:48:09","slug":"elektronicky-kluc-magneticky","status":"publish","type":"product","link":"https:\/\/loxone.ctw.sk\/index.php\/product\/elektronicky-kluc-magneticky\/","title":{"rendered":"Elektronick\u00fd k\u013e\u00fa\u010d (magnetick\u00fd)"},"content":{"rendered":"<p>Vytvorte <strong>jednoduch\u00e9 riadenie pr\u00edstupu<\/strong> a \u010fal\u0161ie funkcie pomocou elektronick\u00e9ho k\u013e\u00fa\u010da (iButton) na b\u00e1ze technol\u00f3gie 1-Wire.<\/p>\n<p><strong>Vlastnosti:<\/strong><\/p>\n<ul>\n<li>Ide\u00e1lne pre v\u0161etky typy projektov: rodinn\u00e9 domy, kancel\u00e1rie, sklady, hotely, obytn\u00e9 budovy a mnoho \u010fal\u0161ieho.<\/li>\n<li>Jednoduch\u00e9 a cenovo dostupn\u00e9.<\/li>\n<li>Individu\u00e1lne pr\u00edstupov\u00e9 opr\u00e1vnenia.<\/li>\n<li>\u010cip s jedine\u010dn\u00fdm s\u00e9riov\u00fdm \u010d\u00edslom.<\/li>\n<\/ul>\n<p><strong>Technick\u00e9 detaily:<\/strong><\/p>\n<ul>\n<li>S\u00e9riov\u00e9 \u010d\u00edslo: Glob\u00e1lne jedine\u010dn\u00e9 a nemenn\u00e9 s 64 bitmi.<\/li>\n<li>R\u00fdchlos\u0165 prenosu d\u00e1t: 16,3 kBit\/s.<\/li>\n<li>Rozsah tepl\u00f4t: -40 \u00b0C a\u017e 85 \u00b0C.<\/li>\n<li>Prev\u00e1dzkov\u00e9 nap\u00e4tie: 2,8 V a\u017e 6 V.<\/li>\n<li>Zalo\u017een\u00e9 na technol\u00f3gii 1-Wire.<\/li>\n<li>Typ DS1990A + F5.<\/li>\n<\/ul>\n","protected":false},"excerpt":{"rendered":"<p>Vytvorte <strong>jednoduch\u00e9 riadenie pr\u00edstupu<\/strong> a \u010fal\u0161ie funkcie pomocou elektronick\u00e9ho k\u013e\u00fa\u010da (iButton) na b\u00e1ze technol\u00f3gie 1-Wire.<\/p>\n<p>&nbsp;<\/p>\n","protected":false},"featured_media":868,"template":"","meta":[],"location":[],"product_brand":[],"product_cat":[391,371,373,390,345],"product_tag":[],"class_list":{"0":"post-867","1":"product","2":"type-product","3":"status-publish","4":"has-post-thumbnail","6":"product_cat-1-wire-pristup-zabezpecenie","7":"product_cat-pristup","8":"product_cat-prislusenstvo-pristup-zabezpecenie","9":"product_cat-ibuttons","10":"product_cat-zabezpecenie","12":"first","13":"instock","14":"sold-individually","15":"taxable","16":"shipping-taxable","17":"purchasable","18":"product-type-simple"},"locations":[],"_links":{"self":[{"href":"https:\/\/loxone.ctw.sk\/index.php\/wp-json\/wp\/v2\/product\/867","targetHints":{"allow":["GET"]}}],"collection":[{"href":"https:\/\/loxone.ctw.sk\/index.php\/wp-json\/wp\/v2\/product"}],"about":[{"href":"https:\/\/loxone.ctw.sk\/index.php\/wp-json\/wp\/v2\/types\/product"}],"wp:featuredmedia":[{"embeddable":true,"href":"https:\/\/loxone.ctw.sk\/index.php\/wp-json\/wp\/v2\/media\/868"}],"wp:attachment":[{"href":"https:\/\/loxone.ctw.sk\/index.php\/wp-json\/wp\/v2\/media?parent=867"}],"wp:term":[{"taxonomy":"location","embeddable":true,"href":"https:\/\/loxone.ctw.sk\/index.php\/wp-json\/wp\/v2\/location?post=867"},{"taxonomy":"product_brand","embeddable":true,"href":"https:\/\/loxone.ctw.sk\/index.php\/wp-json\/wp\/v2\/product_brand?post=867"},{"taxonomy":"product_cat","embeddable":true,"href":"https:\/\/loxone.ctw.sk\/index.php\/wp-json\/wp\/v2\/product_cat?post=867"},{"taxonomy":"product_tag","embeddable":true,"href":"https:\/\/loxone.ctw.sk\/index.php\/wp-json\/wp\/v2\/product_tag?post=867"}],"curies":[{"name":"wp","href":"https:\/\/api.w.org\/{rel}","templated":true}]}}