{"id":870,"date":"2026-01-09T10:31:33","date_gmt":"2026-01-09T09:31:33","guid":{"rendered":"https:\/\/shop.dohlad.info\/index.php\/product\/1-wire-senzor-teploty\/"},"modified":"2026-01-27T14:15:09","modified_gmt":"2026-01-27T13:15:09","slug":"1-wire-senzor-teploty","status":"publish","type":"product","link":"https:\/\/loxone.ctw.sk\/index.php\/product\/1-wire-senzor-teploty\/","title":{"rendered":"1-Wire senzor teploty"},"content":{"rendered":"<p>1-Wire teplotn\u00fd senzor je vhodn\u00fd na presn\u00e9 <strong>zis\u0165ovanie vonkaj\u0161ej teploty.<\/strong> Je mo\u017en\u00e9 ho pou\u017ei\u0165 aj vo vode alebo ako pr\u00edlo\u017en\u00fd senzor.<\/p>\n<p><strong> Technick\u00e9 detaily:<\/strong>\u00a0<\/p>\n<ul>\n<li>Merac\u00ed rozsah: -55&#8230;125\u00b0C (&#43;\/- 0,5\u00b0C pri -10&#8230;85\u00b0C)<\/li>\n<\/ul>\n","protected":false},"excerpt":{"rendered":"<p>1-Wire teplotn\u00fd senzor je vhodn\u00fd na presn\u00e9 <strong>zis\u0165ovanie vonkaj\u0161ej teploty.<\/strong> Je mo\u017en\u00e9 ho pou\u017ei\u0165 aj vo vode alebo ako pr\u00edlo\u017en\u00fd senzor.<\/p>\n<p><strong> Technick\u00e9 detaily:<\/strong>\u00a0<\/p>\n<ul>\n<li>Merac\u00ed rozsah: -55&#8230;125\u00b0C (&#43;\/- 0,5\u00b0C pri -10&#8230;85\u00b0C)<\/li>\n<\/ul>\n","protected":false},"featured_media":871,"template":"","meta":[],"location":[],"product_brand":[],"product_cat":[348,381],"product_tag":[],"class_list":{"0":"post-870","1":"product","2":"type-product","3":"status-publish","4":"has-post-thumbnail","6":"product_cat-klima","7":"product_cat-1-wire","9":"first","10":"instock","11":"sold-individually","12":"taxable","13":"shipping-taxable","14":"purchasable","15":"product-type-simple"},"locations":[],"_links":{"self":[{"href":"https:\/\/loxone.ctw.sk\/index.php\/wp-json\/wp\/v2\/product\/870","targetHints":{"allow":["GET"]}}],"collection":[{"href":"https:\/\/loxone.ctw.sk\/index.php\/wp-json\/wp\/v2\/product"}],"about":[{"href":"https:\/\/loxone.ctw.sk\/index.php\/wp-json\/wp\/v2\/types\/product"}],"wp:featuredmedia":[{"embeddable":true,"href":"https:\/\/loxone.ctw.sk\/index.php\/wp-json\/wp\/v2\/media\/871"}],"wp:attachment":[{"href":"https:\/\/loxone.ctw.sk\/index.php\/wp-json\/wp\/v2\/media?parent=870"}],"wp:term":[{"taxonomy":"location","embeddable":true,"href":"https:\/\/loxone.ctw.sk\/index.php\/wp-json\/wp\/v2\/location?post=870"},{"taxonomy":"product_brand","embeddable":true,"href":"https:\/\/loxone.ctw.sk\/index.php\/wp-json\/wp\/v2\/product_brand?post=870"},{"taxonomy":"product_cat","embeddable":true,"href":"https:\/\/loxone.ctw.sk\/index.php\/wp-json\/wp\/v2\/product_cat?post=870"},{"taxonomy":"product_tag","embeddable":true,"href":"https:\/\/loxone.ctw.sk\/index.php\/wp-json\/wp\/v2\/product_tag?post=870"}],"curies":[{"name":"wp","href":"https:\/\/api.w.org\/{rel}","templated":true}]}}