{"id":876,"date":"2026-01-09T10:32:02","date_gmt":"2026-01-09T09:32:02","guid":{"rendered":"https:\/\/shop.dohlad.info\/index.php\/product\/polo-tricko-m-panske\/"},"modified":"2026-01-09T10:32:05","modified_gmt":"2026-01-09T09:32:05","slug":"polo-tricko-m-panske","status":"publish","type":"product","link":"https:\/\/loxone.ctw.sk\/index.php\/product\/polo-tricko-m-panske\/","title":{"rendered":"Polo tri\u010dko M p\u00e1nske"},"content":{"rendered":"<p>Ako fan\u00fa\u0161ikovi Loxone v\u00e1m t\u00e1to poloko\u0161e\u013ea zaist\u00ed perfektn\u00fd outfit. \u010cierne prevedenie s p\u00fatavou potla\u010dou z v\u00e1s urob\u00ed dokonal\u00e9ho ambas\u00e1dora zna\u010dky.<\/p>\n<ul>\n<li>100 % bavlna.<\/li>\n<li>\u010cierne s potla\u010dou.<\/li>\n<\/ul>\n","protected":false},"excerpt":{"rendered":"<p>Ako fan\u00fa\u0161ikovi Loxone v\u00e1m t\u00e1to poloko\u0161e\u013ea zaist\u00ed perfektn\u00fd outfit. \u010cierne prevedenie s p\u00fatavou potla\u010dou z v\u00e1s urob\u00ed dokonal\u00e9ho ambas\u00e1dora zna\u010dky.<\/p>\n<ul>\n<li>100 % bavlna.<\/li>\n<li>\u010cierne s potla\u010dou.<\/li>\n<\/ul>\n","protected":false},"featured_media":877,"template":"","meta":[],"location":[],"product_brand":[],"product_cat":[369],"product_tag":[],"class_list":{"0":"post-876","1":"product","2":"type-product","3":"status-publish","4":"has-post-thumbnail","6":"product_cat-other","8":"first","9":"instock","10":"sold-individually","11":"taxable","12":"shipping-taxable","13":"purchasable","14":"product-type-simple"},"locations":[],"_links":{"self":[{"href":"https:\/\/loxone.ctw.sk\/index.php\/wp-json\/wp\/v2\/product\/876","targetHints":{"allow":["GET"]}}],"collection":[{"href":"https:\/\/loxone.ctw.sk\/index.php\/wp-json\/wp\/v2\/product"}],"about":[{"href":"https:\/\/loxone.ctw.sk\/index.php\/wp-json\/wp\/v2\/types\/product"}],"wp:featuredmedia":[{"embeddable":true,"href":"https:\/\/loxone.ctw.sk\/index.php\/wp-json\/wp\/v2\/media\/877"}],"wp:attachment":[{"href":"https:\/\/loxone.ctw.sk\/index.php\/wp-json\/wp\/v2\/media?parent=876"}],"wp:term":[{"taxonomy":"location","embeddable":true,"href":"https:\/\/loxone.ctw.sk\/index.php\/wp-json\/wp\/v2\/location?post=876"},{"taxonomy":"product_brand","embeddable":true,"href":"https:\/\/loxone.ctw.sk\/index.php\/wp-json\/wp\/v2\/product_brand?post=876"},{"taxonomy":"product_cat","embeddable":true,"href":"https:\/\/loxone.ctw.sk\/index.php\/wp-json\/wp\/v2\/product_cat?post=876"},{"taxonomy":"product_tag","embeddable":true,"href":"https:\/\/loxone.ctw.sk\/index.php\/wp-json\/wp\/v2\/product_tag?post=876"}],"curies":[{"name":"wp","href":"https:\/\/api.w.org\/{rel}","templated":true}]}}