{"id":888,"date":"2026-01-09T10:32:02","date_gmt":"2026-01-09T09:32:02","guid":{"rendered":"https:\/\/shop.dohlad.info\/index.php\/product\/1-wire-senzor-teploty-set\/"},"modified":"2026-01-09T10:32:12","modified_gmt":"2026-01-09T09:32:12","slug":"1-wire-senzor-teploty-set","status":"publish","type":"product","link":"https:\/\/loxone.ctw.sk\/index.php\/product\/1-wire-senzor-teploty-set\/","title":{"rendered":"1-Wire senzor teploty &#8211; set"},"content":{"rendered":"<p>Prec\u00edzny sn\u00edma\u010d teploty DS18B20Z&#43; v sade 5 ks pre <strong>pripojenie k 1-Wire zariadeniam.<\/strong> Senzor je mo\u017en\u00e9 pripevni\u0165 kdeko\u013evek pomocou obojstrannej lepiacej p\u00e1sky.<\/p>\n","protected":false},"excerpt":{"rendered":"<p>Prec\u00edzny sn\u00edma\u010d teploty DS18B20Z&#43; v sade 5 ks pre <strong>pripojenie k 1-Wire zariadeniam.<\/strong> Senzor je mo\u017en\u00e9 pripevni\u0165 kdeko\u013evek pomocou obojstrannej lepiacej p\u00e1sky.<\/p>\n","protected":false},"featured_media":889,"template":"","meta":[],"location":[],"product_brand":[],"product_cat":[348,381],"product_tag":[],"class_list":{"0":"post-888","1":"product","2":"type-product","3":"status-publish","4":"has-post-thumbnail","6":"product_cat-klima","7":"product_cat-1-wire","9":"first","10":"instock","11":"sold-individually","12":"taxable","13":"shipping-taxable","14":"purchasable","15":"product-type-simple"},"locations":[],"_links":{"self":[{"href":"https:\/\/loxone.ctw.sk\/index.php\/wp-json\/wp\/v2\/product\/888","targetHints":{"allow":["GET"]}}],"collection":[{"href":"https:\/\/loxone.ctw.sk\/index.php\/wp-json\/wp\/v2\/product"}],"about":[{"href":"https:\/\/loxone.ctw.sk\/index.php\/wp-json\/wp\/v2\/types\/product"}],"wp:featuredmedia":[{"embeddable":true,"href":"https:\/\/loxone.ctw.sk\/index.php\/wp-json\/wp\/v2\/media\/889"}],"wp:attachment":[{"href":"https:\/\/loxone.ctw.sk\/index.php\/wp-json\/wp\/v2\/media?parent=888"}],"wp:term":[{"taxonomy":"location","embeddable":true,"href":"https:\/\/loxone.ctw.sk\/index.php\/wp-json\/wp\/v2\/location?post=888"},{"taxonomy":"product_brand","embeddable":true,"href":"https:\/\/loxone.ctw.sk\/index.php\/wp-json\/wp\/v2\/product_brand?post=888"},{"taxonomy":"product_cat","embeddable":true,"href":"https:\/\/loxone.ctw.sk\/index.php\/wp-json\/wp\/v2\/product_cat?post=888"},{"taxonomy":"product_tag","embeddable":true,"href":"https:\/\/loxone.ctw.sk\/index.php\/wp-json\/wp\/v2\/product_tag?post=888"}],"curies":[{"name":"wp","href":"https:\/\/api.w.org\/{rel}","templated":true}]}}