{"id":892,"date":"2026-01-09T10:32:02","date_gmt":"2026-01-09T09:32:02","guid":{"rendered":"https:\/\/shop.dohlad.info\/index.php\/product\/okenny-kontakt\/"},"modified":"2026-02-10T00:47:28","modified_gmt":"2026-02-09T23:47:28","slug":"okenny-kontakt","status":"publish","type":"product","link":"https:\/\/loxone.ctw.sk\/index.php\/product\/okenny-kontakt\/","title":{"rendered":"Okenn\u00fd kontakt"},"content":{"rendered":"<p>Okenn\u00fd a dvern\u00fd kontakt registruje, \u010di s\u00fa dvere alebo <strong>okn\u00e1 otvoren\u00e9 alebo zatvoren\u00e9<\/strong> (hlavn\u00e9 dvere, gar\u00e1\u017eov\u00e9 vr\u00e1ta, dvere od sauny\u2026).<\/p>\n<p><strong>Technick\u00e9 detaily:<\/strong><\/p>\n<ul>\n<li>Max. sp\u00ednacie nap\u00e4tie: 100 V.<\/li>\n<li>Max. sp\u00ednac\u00ed pr\u00fad: 0,5 A.<\/li>\n<li>Max. sp\u00ednan\u00fd v\u00fdkon: 10 W.<\/li>\n<li>Rozmery: 35 x 15 x 8 mm.<\/li>\n<li>Pripojovac\u00ed k\u00e1bel: d\u013a\u017eka 3 m.<\/li>\n<li>Max. d\u013a\u017eka k\u00e1bla digit\u00e1lnych vstupov: 100 m.<\/li>\n<\/ul>\n","protected":false},"excerpt":{"rendered":"<p>Okenn\u00fd a dvern\u00fd kontakt registruje, \u010di s\u00fa dvere alebo <strong>okn\u00e1 otvoren\u00e9 alebo zatvoren\u00e9<\/strong> .<\/p>\n","protected":false},"featured_media":893,"template":"","meta":[],"location":[],"product_brand":[],"product_cat":[345],"product_tag":[],"class_list":{"0":"post-892","1":"product","2":"type-product","3":"status-publish","4":"has-post-thumbnail","6":"product_cat-zabezpecenie","8":"first","9":"instock","10":"sold-individually","11":"taxable","12":"shipping-taxable","13":"purchasable","14":"product-type-simple"},"locations":[],"_links":{"self":[{"href":"https:\/\/loxone.ctw.sk\/index.php\/wp-json\/wp\/v2\/product\/892","targetHints":{"allow":["GET"]}}],"collection":[{"href":"https:\/\/loxone.ctw.sk\/index.php\/wp-json\/wp\/v2\/product"}],"about":[{"href":"https:\/\/loxone.ctw.sk\/index.php\/wp-json\/wp\/v2\/types\/product"}],"wp:featuredmedia":[{"embeddable":true,"href":"https:\/\/loxone.ctw.sk\/index.php\/wp-json\/wp\/v2\/media\/893"}],"wp:attachment":[{"href":"https:\/\/loxone.ctw.sk\/index.php\/wp-json\/wp\/v2\/media?parent=892"}],"wp:term":[{"taxonomy":"location","embeddable":true,"href":"https:\/\/loxone.ctw.sk\/index.php\/wp-json\/wp\/v2\/location?post=892"},{"taxonomy":"product_brand","embeddable":true,"href":"https:\/\/loxone.ctw.sk\/index.php\/wp-json\/wp\/v2\/product_brand?post=892"},{"taxonomy":"product_cat","embeddable":true,"href":"https:\/\/loxone.ctw.sk\/index.php\/wp-json\/wp\/v2\/product_cat?post=892"},{"taxonomy":"product_tag","embeddable":true,"href":"https:\/\/loxone.ctw.sk\/index.php\/wp-json\/wp\/v2\/product_tag?post=892"}],"curies":[{"name":"wp","href":"https:\/\/api.w.org\/{rel}","templated":true}]}}